{"id":2871,"date":"2025-10-14T21:48:08","date_gmt":"2025-10-14T21:48:08","guid":{"rendered":"https:\/\/platinum.bcardmexico.com\/?post_type=product&#038;p=2871"},"modified":"2025-10-14T21:48:09","modified_gmt":"2025-10-14T21:48:09","slug":"collar-de-hilo-pendulo-sodalita","status":"publish","type":"product","link":"https:\/\/platinum.bcardmexico.com\/?product=collar-de-hilo-pendulo-sodalita","title":{"rendered":"COLLAR DE HILO PENDULO  SODALITA"},"content":{"rendered":"<p><span data-huuid=\"2373997673756076392\">La sodalita es un mineral con propiedades f\u00edsicas (dureza de 5.5 a 6 en la escala de Mohs, f\u00f3rmula qu\u00edmica <\/span><\/p>\n<div class=\"CM8kHf j86kh\" data-hveid=\"CDcQAQ\">\n<div data-expression=\"Na_8Al_6Si_6O_{24}Cl_2\">\n<div data-xpm-copy-root=\"\"><img decoding=\"async\" role=\"presentation\" src=\"image\/gif;base64,R0lGODlhAQABAIAAAP\/\/\/wAAACH5BAEAAAAALAAAAAABAAEAAAICRAEAOw==\" aria-hidden=\"true\" data-xpm-latex=\"Na_{8}Al_{6}Si_{6}O_{24}Cl_{2}\" data-csiid=\"asTuaMmGN9L-kPIP3qWpmAc_8\" data-atf=\"1\" \/><\/p>\n<div>Na8Al6Si6O24Cl2cap N a sub\u00edndice 8 cap A l sub\u00edndice 6 cap S i sub\u00edndice 6 cap O sub\u00edndice 24 cap C l sub\u00edndice 2<\/div>\n<p>\ud835\udc41\ud835\udc4e8\ud835\udc34\ud835\udc596\ud835\udc46\ud835\udc566\ud835\udc4224\ud835\udc36\ud835\udc592<\/p><\/div>\n<\/div>\n<\/div>\n<p><span data-huuid=\"2373997673756076392\"><span class=\"M5tQyf\">)<\/span> y propiedades metaf\u00edsicas asociadas a la claridad mental, la comunicaci\u00f3n y el equilibrio emocional. <\/span><span data-huuid=\"2373997673756076257\">Se cree que mejora la l\u00f3gica, la creatividad, la autoestima y fortalece la intuici\u00f3n y el sistema inmunol\u00f3gico.<span class=\"pjBG2e\" data-cid=\"de4f5925-1ed9-47c7-a4d2-0515fe23f965\"><span class=\"UV3uM\">\u00a0<\/span><\/span><\/span><\/p>\n","protected":false},"excerpt":{"rendered":"<p>PENDULO NATURAL DE SODALITA\u00a0 CON HILO<\/p>\n<p>HILO AJUSTABLE PARA HOMBRE Y MUJER<\/p>\n<p>IDEAL PARA REGALO Y PROTECCION<\/p>\n","protected":false},"featured_media":2872,"comment_status":"open","ping_status":"closed","template":"","meta":[],"etheme_brands":[],"product_brand":[143],"product_cat":[139],"product_tag":[],"class_list":{"0":"post-2871","1":"product","2":"type-product","3":"status-publish","4":"has-post-thumbnail","6":"product_brand-collares","7":"product_cat-collares","9":"first","10":"instock","11":"shipping-taxable","12":"purchasable","13":"product-type-simple"},"yoast_head":"<!-- This site is optimized with the Yoast SEO Premium plugin v23.4 (Yoast SEO v23.4) - https:\/\/yoast.com\/wordpress\/plugins\/seo\/ -->\n<title>COLLAR DE HILO PENDULO SODALITA - PLATINUM BISUTER\u00cdA FINA<\/title>\n<meta name=\"description\" content=\"La sodalita es un mineral con propiedades f\u00edsicas (dureza de 5.5 a 6 en la escala de Mohs, f\u00f3rmula qu\u00edmicaNa8Al6Si6O24Cl2cap N a sub\u00edndice 8 cap A l sub\u00edndice 6 cap S i sub\u00edndice 6 cap O sub\u00edndice 24 cap C l sub\u00edndice 2\ud835\udc41\ud835\udc4e8\ud835\udc34\ud835\udc596\ud835\udc46\ud835\udc566\ud835\udc4224\ud835\udc36\ud835\udc592) y propiedades metaf\u00edsicas asociadas a la claridad mental, la comunicaci\u00f3n y el equilibrio emocional. Se cree que mejora la l\u00f3gica, la creatividad, la autoestima y fortalece la intuici\u00f3n y el sistema inmunol\u00f3gico.\u00a0\" \/>\n<meta name=\"robots\" content=\"index, follow, max-snippet:-1, max-image-preview:large, max-video-preview:-1\" \/>\n<link rel=\"canonical\" href=\"https:\/\/platinum.bcardmexico.com\/?product=collar-de-hilo-pendulo-sodalita\" \/>\n<meta property=\"og:locale\" content=\"es_ES\" \/>\n<meta property=\"og:type\" content=\"article\" \/>\n<meta property=\"og:title\" content=\"COLLAR DE HILO PENDULO SODALITA\" \/>\n<meta property=\"og:description\" content=\"La sodalita es un mineral con propiedades f\u00edsicas (dureza de 5.5 a 6 en la escala de Mohs, f\u00f3rmula qu\u00edmicaNa8Al6Si6O24Cl2cap N a sub\u00edndice 8 cap A l sub\u00edndice 6 cap S i sub\u00edndice 6 cap O sub\u00edndice 24 cap C l sub\u00edndice 2\ud835\udc41\ud835\udc4e8\ud835\udc34\ud835\udc596\ud835\udc46\ud835\udc566\ud835\udc4224\ud835\udc36\ud835\udc592) y propiedades metaf\u00edsicas asociadas a la claridad mental, la comunicaci\u00f3n y el equilibrio emocional. Se cree que mejora la l\u00f3gica, la creatividad, la autoestima y fortalece la intuici\u00f3n y el sistema inmunol\u00f3gico.\u00a0\" \/>\n<meta property=\"og:url\" content=\"https:\/\/platinum.bcardmexico.com\/?product=collar-de-hilo-pendulo-sodalita\" \/>\n<meta property=\"og:site_name\" content=\"PLATINUM BISUTER\u00cdA FINA\" \/>\n<meta property=\"article:modified_time\" content=\"2025-10-14T21:48:09+00:00\" \/>\n<meta property=\"og:image\" content=\"https:\/\/platinum.bcardmexico.com\/wp-content\/uploads\/2025\/10\/Imagen-de-WhatsApp-2025-10-14-a-las-14.10.45_86697f80.jpg\" \/>\n\t<meta property=\"og:image:width\" content=\"960\" \/>\n\t<meta property=\"og:image:height\" content=\"1280\" \/>\n\t<meta property=\"og:image:type\" content=\"image\/jpeg\" \/>\n<meta name=\"twitter:card\" content=\"summary_large_image\" \/>\n<meta name=\"twitter:label1\" content=\"Tiempo de lectura\" \/>\n\t<meta name=\"twitter:data1\" content=\"1 minuto\" \/>\n<script type=\"application\/ld+json\" class=\"yoast-schema-graph\">{\"@context\":\"https:\/\/schema.org\",\"@graph\":[{\"@type\":\"WebPage\",\"@id\":\"https:\/\/platinum.bcardmexico.com\/?product=collar-de-hilo-pendulo-sodalita\",\"url\":\"https:\/\/platinum.bcardmexico.com\/?product=collar-de-hilo-pendulo-sodalita\",\"name\":\"COLLAR DE HILO PENDULO SODALITA - PLATINUM BISUTER\u00cdA FINA\",\"isPartOf\":{\"@id\":\"https:\/\/platinum.bcardmexico.com\/#website\"},\"primaryImageOfPage\":{\"@id\":\"https:\/\/platinum.bcardmexico.com\/?product=collar-de-hilo-pendulo-sodalita#primaryimage\"},\"image\":{\"@id\":\"https:\/\/platinum.bcardmexico.com\/?product=collar-de-hilo-pendulo-sodalita#primaryimage\"},\"thumbnailUrl\":\"https:\/\/platinum.bcardmexico.com\/wp-content\/uploads\/2025\/10\/Imagen-de-WhatsApp-2025-10-14-a-las-14.10.45_86697f80.jpg\",\"datePublished\":\"2025-10-14T21:48:08+00:00\",\"dateModified\":\"2025-10-14T21:48:09+00:00\",\"description\":\"La sodalita es un mineral con propiedades f\u00edsicas (dureza de 5.5 a 6 en la escala de Mohs, f\u00f3rmula qu\u00edmicaNa8Al6Si6O24Cl2cap N a sub\u00edndice 8 cap A l sub\u00edndice 6 cap S i sub\u00edndice 6 cap O sub\u00edndice 24 cap C l sub\u00edndice 2\ud835\udc41\ud835\udc4e8\ud835\udc34\ud835\udc596\ud835\udc46\ud835\udc566\ud835\udc4224\ud835\udc36\ud835\udc592) y propiedades metaf\u00edsicas asociadas a la claridad mental, la comunicaci\u00f3n y el equilibrio emocional. Se cree que mejora la l\u00f3gica, la creatividad, la autoestima y fortalece la intuici\u00f3n y el sistema inmunol\u00f3gico.\u00a0\",\"breadcrumb\":{\"@id\":\"https:\/\/platinum.bcardmexico.com\/?product=collar-de-hilo-pendulo-sodalita#breadcrumb\"},\"inLanguage\":\"es\",\"potentialAction\":[{\"@type\":\"ReadAction\",\"target\":[\"https:\/\/platinum.bcardmexico.com\/?product=collar-de-hilo-pendulo-sodalita\"]}]},{\"@type\":\"ImageObject\",\"inLanguage\":\"es\",\"@id\":\"https:\/\/platinum.bcardmexico.com\/?product=collar-de-hilo-pendulo-sodalita#primaryimage\",\"url\":\"https:\/\/platinum.bcardmexico.com\/wp-content\/uploads\/2025\/10\/Imagen-de-WhatsApp-2025-10-14-a-las-14.10.45_86697f80.jpg\",\"contentUrl\":\"https:\/\/platinum.bcardmexico.com\/wp-content\/uploads\/2025\/10\/Imagen-de-WhatsApp-2025-10-14-a-las-14.10.45_86697f80.jpg\",\"width\":960,\"height\":1280},{\"@type\":\"BreadcrumbList\",\"@id\":\"https:\/\/platinum.bcardmexico.com\/?product=collar-de-hilo-pendulo-sodalita#breadcrumb\",\"itemListElement\":[{\"@type\":\"ListItem\",\"position\":1,\"name\":\"Portada\",\"item\":\"https:\/\/platinum.bcardmexico.com\/\"},{\"@type\":\"ListItem\",\"position\":2,\"name\":\"Shop\",\"item\":\"https:\/\/platinum.bcardmexico.com\/?page_id=12\"},{\"@type\":\"ListItem\",\"position\":3,\"name\":\"COLLAR DE HILO PENDULO SODALITA\"}]},{\"@type\":\"WebSite\",\"@id\":\"https:\/\/platinum.bcardmexico.com\/#website\",\"url\":\"https:\/\/platinum.bcardmexico.com\/\",\"name\":\"PLATINUM BISUTER\u00cdA FINA\",\"description\":\"PLATINUM BISUTER\u00cdA FINA\",\"publisher\":{\"@id\":\"https:\/\/platinum.bcardmexico.com\/#organization\"},\"alternateName\":\"PLATINUM BISUTER\u00cdA FINA\",\"potentialAction\":[{\"@type\":\"SearchAction\",\"target\":{\"@type\":\"EntryPoint\",\"urlTemplate\":\"https:\/\/platinum.bcardmexico.com\/?s={search_term_string}\"},\"query-input\":{\"@type\":\"PropertyValueSpecification\",\"valueRequired\":true,\"valueName\":\"search_term_string\"}}],\"inLanguage\":\"es\"},{\"@type\":\"Organization\",\"@id\":\"https:\/\/platinum.bcardmexico.com\/#organization\",\"name\":\"PLATINUM BISUTER\u00cdA FINA\",\"url\":\"https:\/\/platinum.bcardmexico.com\/\",\"logo\":{\"@type\":\"ImageObject\",\"inLanguage\":\"es\",\"@id\":\"https:\/\/platinum.bcardmexico.com\/#\/schema\/logo\/image\/\",\"url\":\"https:\/\/platinum.bcardmexico.com\/wp-content\/uploads\/2023\/09\/Logo-2x.png\",\"contentUrl\":\"https:\/\/platinum.bcardmexico.com\/wp-content\/uploads\/2023\/09\/Logo-2x.png\",\"width\":314,\"height\":55,\"caption\":\"PLATINUM BISUTER\u00cdA FINA\"},\"image\":{\"@id\":\"https:\/\/platinum.bcardmexico.com\/#\/schema\/logo\/image\/\"}}]}<\/script>\n<!-- \/ Yoast SEO Premium plugin. -->","yoast_head_json":{"title":"COLLAR DE HILO PENDULO SODALITA - PLATINUM BISUTER\u00cdA FINA","description":"La sodalita es un mineral con propiedades f\u00edsicas (dureza de 5.5 a 6 en la escala de Mohs, f\u00f3rmula qu\u00edmicaNa8Al6Si6O24Cl2cap N a sub\u00edndice 8 cap A l sub\u00edndice 6 cap S i sub\u00edndice 6 cap O sub\u00edndice 24 cap C l sub\u00edndice 2\ud835\udc41\ud835\udc4e8\ud835\udc34\ud835\udc596\ud835\udc46\ud835\udc566\ud835\udc4224\ud835\udc36\ud835\udc592) y propiedades metaf\u00edsicas asociadas a la claridad mental, la comunicaci\u00f3n y el equilibrio emocional. Se cree que mejora la l\u00f3gica, la creatividad, la autoestima y fortalece la intuici\u00f3n y el sistema inmunol\u00f3gico.\u00a0","robots":{"index":"index","follow":"follow","max-snippet":"max-snippet:-1","max-image-preview":"max-image-preview:large","max-video-preview":"max-video-preview:-1"},"canonical":"https:\/\/platinum.bcardmexico.com\/?product=collar-de-hilo-pendulo-sodalita","og_locale":"es_ES","og_type":"article","og_title":"COLLAR DE HILO PENDULO SODALITA","og_description":"La sodalita es un mineral con propiedades f\u00edsicas (dureza de 5.5 a 6 en la escala de Mohs, f\u00f3rmula qu\u00edmicaNa8Al6Si6O24Cl2cap N a sub\u00edndice 8 cap A l sub\u00edndice 6 cap S i sub\u00edndice 6 cap O sub\u00edndice 24 cap C l sub\u00edndice 2\ud835\udc41\ud835\udc4e8\ud835\udc34\ud835\udc596\ud835\udc46\ud835\udc566\ud835\udc4224\ud835\udc36\ud835\udc592) y propiedades metaf\u00edsicas asociadas a la claridad mental, la comunicaci\u00f3n y el equilibrio emocional. Se cree que mejora la l\u00f3gica, la creatividad, la autoestima y fortalece la intuici\u00f3n y el sistema inmunol\u00f3gico.\u00a0","og_url":"https:\/\/platinum.bcardmexico.com\/?product=collar-de-hilo-pendulo-sodalita","og_site_name":"PLATINUM BISUTER\u00cdA FINA","article_modified_time":"2025-10-14T21:48:09+00:00","og_image":[{"width":960,"height":1280,"url":"https:\/\/platinum.bcardmexico.com\/wp-content\/uploads\/2025\/10\/Imagen-de-WhatsApp-2025-10-14-a-las-14.10.45_86697f80.jpg","type":"image\/jpeg"}],"twitter_card":"summary_large_image","twitter_misc":{"Tiempo de lectura":"1 minuto"},"schema":{"@context":"https:\/\/schema.org","@graph":[{"@type":"WebPage","@id":"https:\/\/platinum.bcardmexico.com\/?product=collar-de-hilo-pendulo-sodalita","url":"https:\/\/platinum.bcardmexico.com\/?product=collar-de-hilo-pendulo-sodalita","name":"COLLAR DE HILO PENDULO SODALITA - PLATINUM BISUTER\u00cdA FINA","isPartOf":{"@id":"https:\/\/platinum.bcardmexico.com\/#website"},"primaryImageOfPage":{"@id":"https:\/\/platinum.bcardmexico.com\/?product=collar-de-hilo-pendulo-sodalita#primaryimage"},"image":{"@id":"https:\/\/platinum.bcardmexico.com\/?product=collar-de-hilo-pendulo-sodalita#primaryimage"},"thumbnailUrl":"https:\/\/platinum.bcardmexico.com\/wp-content\/uploads\/2025\/10\/Imagen-de-WhatsApp-2025-10-14-a-las-14.10.45_86697f80.jpg","datePublished":"2025-10-14T21:48:08+00:00","dateModified":"2025-10-14T21:48:09+00:00","description":"La sodalita es un mineral con propiedades f\u00edsicas (dureza de 5.5 a 6 en la escala de Mohs, f\u00f3rmula qu\u00edmicaNa8Al6Si6O24Cl2cap N a sub\u00edndice 8 cap A l sub\u00edndice 6 cap S i sub\u00edndice 6 cap O sub\u00edndice 24 cap C l sub\u00edndice 2\ud835\udc41\ud835\udc4e8\ud835\udc34\ud835\udc596\ud835\udc46\ud835\udc566\ud835\udc4224\ud835\udc36\ud835\udc592) y propiedades metaf\u00edsicas asociadas a la claridad mental, la comunicaci\u00f3n y el equilibrio emocional. Se cree que mejora la l\u00f3gica, la creatividad, la autoestima y fortalece la intuici\u00f3n y el sistema inmunol\u00f3gico.\u00a0","breadcrumb":{"@id":"https:\/\/platinum.bcardmexico.com\/?product=collar-de-hilo-pendulo-sodalita#breadcrumb"},"inLanguage":"es","potentialAction":[{"@type":"ReadAction","target":["https:\/\/platinum.bcardmexico.com\/?product=collar-de-hilo-pendulo-sodalita"]}]},{"@type":"ImageObject","inLanguage":"es","@id":"https:\/\/platinum.bcardmexico.com\/?product=collar-de-hilo-pendulo-sodalita#primaryimage","url":"https:\/\/platinum.bcardmexico.com\/wp-content\/uploads\/2025\/10\/Imagen-de-WhatsApp-2025-10-14-a-las-14.10.45_86697f80.jpg","contentUrl":"https:\/\/platinum.bcardmexico.com\/wp-content\/uploads\/2025\/10\/Imagen-de-WhatsApp-2025-10-14-a-las-14.10.45_86697f80.jpg","width":960,"height":1280},{"@type":"BreadcrumbList","@id":"https:\/\/platinum.bcardmexico.com\/?product=collar-de-hilo-pendulo-sodalita#breadcrumb","itemListElement":[{"@type":"ListItem","position":1,"name":"Portada","item":"https:\/\/platinum.bcardmexico.com\/"},{"@type":"ListItem","position":2,"name":"Shop","item":"https:\/\/platinum.bcardmexico.com\/?page_id=12"},{"@type":"ListItem","position":3,"name":"COLLAR DE HILO PENDULO SODALITA"}]},{"@type":"WebSite","@id":"https:\/\/platinum.bcardmexico.com\/#website","url":"https:\/\/platinum.bcardmexico.com\/","name":"PLATINUM BISUTER\u00cdA FINA","description":"PLATINUM BISUTER\u00cdA FINA","publisher":{"@id":"https:\/\/platinum.bcardmexico.com\/#organization"},"alternateName":"PLATINUM BISUTER\u00cdA FINA","potentialAction":[{"@type":"SearchAction","target":{"@type":"EntryPoint","urlTemplate":"https:\/\/platinum.bcardmexico.com\/?s={search_term_string}"},"query-input":{"@type":"PropertyValueSpecification","valueRequired":true,"valueName":"search_term_string"}}],"inLanguage":"es"},{"@type":"Organization","@id":"https:\/\/platinum.bcardmexico.com\/#organization","name":"PLATINUM BISUTER\u00cdA FINA","url":"https:\/\/platinum.bcardmexico.com\/","logo":{"@type":"ImageObject","inLanguage":"es","@id":"https:\/\/platinum.bcardmexico.com\/#\/schema\/logo\/image\/","url":"https:\/\/platinum.bcardmexico.com\/wp-content\/uploads\/2023\/09\/Logo-2x.png","contentUrl":"https:\/\/platinum.bcardmexico.com\/wp-content\/uploads\/2023\/09\/Logo-2x.png","width":314,"height":55,"caption":"PLATINUM BISUTER\u00cdA FINA"},"image":{"@id":"https:\/\/platinum.bcardmexico.com\/#\/schema\/logo\/image\/"}}]}},"_links":{"self":[{"href":"https:\/\/platinum.bcardmexico.com\/index.php?rest_route=\/wp\/v2\/product\/2871","targetHints":{"allow":["GET"]}}],"collection":[{"href":"https:\/\/platinum.bcardmexico.com\/index.php?rest_route=\/wp\/v2\/product"}],"about":[{"href":"https:\/\/platinum.bcardmexico.com\/index.php?rest_route=\/wp\/v2\/types\/product"}],"replies":[{"embeddable":true,"href":"https:\/\/platinum.bcardmexico.com\/index.php?rest_route=%2Fwp%2Fv2%2Fcomments&post=2871"}],"version-history":[{"count":1,"href":"https:\/\/platinum.bcardmexico.com\/index.php?rest_route=\/wp\/v2\/product\/2871\/revisions"}],"predecessor-version":[{"id":2873,"href":"https:\/\/platinum.bcardmexico.com\/index.php?rest_route=\/wp\/v2\/product\/2871\/revisions\/2873"}],"wp:featuredmedia":[{"embeddable":true,"href":"https:\/\/platinum.bcardmexico.com\/index.php?rest_route=\/wp\/v2\/media\/2872"}],"wp:attachment":[{"href":"https:\/\/platinum.bcardmexico.com\/index.php?rest_route=%2Fwp%2Fv2%2Fmedia&parent=2871"}],"wp:term":[{"taxonomy":"brand","embeddable":true,"href":"https:\/\/platinum.bcardmexico.com\/index.php?rest_route=%2Fwp%2Fv2%2Fetheme_brands&post=2871"},{"taxonomy":"product_brand","embeddable":true,"href":"https:\/\/platinum.bcardmexico.com\/index.php?rest_route=%2Fwp%2Fv2%2Fproduct_brand&post=2871"},{"taxonomy":"product_cat","embeddable":true,"href":"https:\/\/platinum.bcardmexico.com\/index.php?rest_route=%2Fwp%2Fv2%2Fproduct_cat&post=2871"},{"taxonomy":"product_tag","embeddable":true,"href":"https:\/\/platinum.bcardmexico.com\/index.php?rest_route=%2Fwp%2Fv2%2Fproduct_tag&post=2871"}],"curies":[{"name":"wp","href":"https:\/\/api.w.org\/{rel}","templated":true}]}}