{"id":2892,"date":"2025-10-14T22:51:50","date_gmt":"2025-10-14T22:51:50","guid":{"rendered":"https:\/\/platinum.bcardmexico.com\/?post_type=product&#038;p=2892"},"modified":"2025-10-14T22:51:51","modified_gmt":"2025-10-14T22:51:51","slug":"collar-de-hilo-pendulo-ojo-de-gato-verde","status":"publish","type":"product","link":"https:\/\/platinum.bcardmexico.com\/?product=collar-de-hilo-pendulo-ojo-de-gato-verde","title":{"rendered":"COLLAR DE HILO PENDULO OJO DE GATO VERDE"},"content":{"rendered":"<p><span data-huuid=\"10326086842821094016\">El ojo de gato verde se asocia con la sanaci\u00f3n emocional, el equilibrio y la protecci\u00f3n.\u00a0<\/span><span data-huuid=\"10326086842821093325\">Sus propiedades incluyen la\u00a0<mark class=\"QVRyCf\">mejora de la intuici\u00f3n y la claridad mental, el fomento de la creatividad y el autoconocimiento, as\u00ed como el alivio del estr\u00e9s y la ansiedad<\/mark>.<\/span><\/p>\n","protected":false},"excerpt":{"rendered":"<p>PENDULO NATURAL DE OJO DE GATO VERDE\u00a0 \u00a0CON HILO<\/p>\n<p>HILO AJUSTABLE PARA HOMBRE Y MUJER<\/p>\n<p>IDEAL PARA REGALO Y PROTECCION<\/p>\n","protected":false},"featured_media":2893,"comment_status":"open","ping_status":"closed","template":"","meta":[],"etheme_brands":[],"product_brand":[143],"product_cat":[139],"product_tag":[],"class_list":{"0":"post-2892","1":"product","2":"type-product","3":"status-publish","4":"has-post-thumbnail","6":"product_brand-collares","7":"product_cat-collares","9":"first","10":"instock","11":"shipping-taxable","12":"purchasable","13":"product-type-simple"},"yoast_head":"<!-- This site is optimized with the Yoast SEO Premium plugin v23.4 (Yoast SEO v23.4) - https:\/\/yoast.com\/wordpress\/plugins\/seo\/ -->\n<title>COLLAR DE HILO PENDULO OJO DE GATO VERDE - PLATINUM BISUTER\u00cdA FINA<\/title>\n<meta name=\"description\" content=\"El ojo de gato verde se asocia con la sanaci\u00f3n emocional, el equilibrio y la protecci\u00f3n. Sus propiedades incluyen la mejora de la intuici\u00f3n y la claridad mental, el fomento de la creatividad y el autoconocimiento, as\u00ed como el alivio del estr\u00e9s y la ansiedad.\" \/>\n<meta name=\"robots\" content=\"index, follow, max-snippet:-1, max-image-preview:large, max-video-preview:-1\" \/>\n<link rel=\"canonical\" href=\"https:\/\/platinum.bcardmexico.com\/?product=collar-de-hilo-pendulo-ojo-de-gato-verde\" \/>\n<meta property=\"og:locale\" content=\"es_ES\" \/>\n<meta property=\"og:type\" content=\"article\" \/>\n<meta property=\"og:title\" content=\"COLLAR DE HILO PENDULO OJO DE GATO VERDE\" \/>\n<meta property=\"og:description\" content=\"El ojo de gato verde se asocia con la sanaci\u00f3n emocional, el equilibrio y la protecci\u00f3n. Sus propiedades incluyen la mejora de la intuici\u00f3n y la claridad mental, el fomento de la creatividad y el autoconocimiento, as\u00ed como el alivio del estr\u00e9s y la ansiedad.\" \/>\n<meta property=\"og:url\" content=\"https:\/\/platinum.bcardmexico.com\/?product=collar-de-hilo-pendulo-ojo-de-gato-verde\" \/>\n<meta property=\"og:site_name\" content=\"PLATINUM BISUTER\u00cdA FINA\" \/>\n<meta property=\"article:modified_time\" content=\"2025-10-14T22:51:51+00:00\" \/>\n<meta property=\"og:image\" content=\"https:\/\/platinum.bcardmexico.com\/wp-content\/uploads\/2025\/10\/GATO.jpg\" \/>\n\t<meta property=\"og:image:width\" content=\"960\" \/>\n\t<meta property=\"og:image:height\" content=\"1280\" \/>\n\t<meta property=\"og:image:type\" content=\"image\/jpeg\" \/>\n<meta name=\"twitter:card\" content=\"summary_large_image\" \/>\n<meta name=\"twitter:label1\" content=\"Tiempo de lectura\" \/>\n\t<meta name=\"twitter:data1\" content=\"1 minuto\" \/>\n<script type=\"application\/ld+json\" class=\"yoast-schema-graph\">{\"@context\":\"https:\/\/schema.org\",\"@graph\":[{\"@type\":\"WebPage\",\"@id\":\"https:\/\/platinum.bcardmexico.com\/?product=collar-de-hilo-pendulo-ojo-de-gato-verde\",\"url\":\"https:\/\/platinum.bcardmexico.com\/?product=collar-de-hilo-pendulo-ojo-de-gato-verde\",\"name\":\"COLLAR DE HILO PENDULO OJO DE GATO VERDE - PLATINUM BISUTER\u00cdA FINA\",\"isPartOf\":{\"@id\":\"https:\/\/platinum.bcardmexico.com\/#website\"},\"primaryImageOfPage\":{\"@id\":\"https:\/\/platinum.bcardmexico.com\/?product=collar-de-hilo-pendulo-ojo-de-gato-verde#primaryimage\"},\"image\":{\"@id\":\"https:\/\/platinum.bcardmexico.com\/?product=collar-de-hilo-pendulo-ojo-de-gato-verde#primaryimage\"},\"thumbnailUrl\":\"https:\/\/platinum.bcardmexico.com\/wp-content\/uploads\/2025\/10\/GATO.jpg\",\"datePublished\":\"2025-10-14T22:51:50+00:00\",\"dateModified\":\"2025-10-14T22:51:51+00:00\",\"description\":\"El ojo de gato verde se asocia con la sanaci\u00f3n emocional, el equilibrio y la protecci\u00f3n. Sus propiedades incluyen la mejora de la intuici\u00f3n y la claridad mental, el fomento de la creatividad y el autoconocimiento, as\u00ed como el alivio del estr\u00e9s y la ansiedad.\",\"breadcrumb\":{\"@id\":\"https:\/\/platinum.bcardmexico.com\/?product=collar-de-hilo-pendulo-ojo-de-gato-verde#breadcrumb\"},\"inLanguage\":\"es\",\"potentialAction\":[{\"@type\":\"ReadAction\",\"target\":[\"https:\/\/platinum.bcardmexico.com\/?product=collar-de-hilo-pendulo-ojo-de-gato-verde\"]}]},{\"@type\":\"ImageObject\",\"inLanguage\":\"es\",\"@id\":\"https:\/\/platinum.bcardmexico.com\/?product=collar-de-hilo-pendulo-ojo-de-gato-verde#primaryimage\",\"url\":\"https:\/\/platinum.bcardmexico.com\/wp-content\/uploads\/2025\/10\/GATO.jpg\",\"contentUrl\":\"https:\/\/platinum.bcardmexico.com\/wp-content\/uploads\/2025\/10\/GATO.jpg\",\"width\":960,\"height\":1280},{\"@type\":\"BreadcrumbList\",\"@id\":\"https:\/\/platinum.bcardmexico.com\/?product=collar-de-hilo-pendulo-ojo-de-gato-verde#breadcrumb\",\"itemListElement\":[{\"@type\":\"ListItem\",\"position\":1,\"name\":\"Portada\",\"item\":\"https:\/\/platinum.bcardmexico.com\/\"},{\"@type\":\"ListItem\",\"position\":2,\"name\":\"Shop\",\"item\":\"https:\/\/platinum.bcardmexico.com\/?page_id=12\"},{\"@type\":\"ListItem\",\"position\":3,\"name\":\"COLLAR DE HILO PENDULO OJO DE GATO VERDE\"}]},{\"@type\":\"WebSite\",\"@id\":\"https:\/\/platinum.bcardmexico.com\/#website\",\"url\":\"https:\/\/platinum.bcardmexico.com\/\",\"name\":\"PLATINUM BISUTER\u00cdA FINA\",\"description\":\"PLATINUM BISUTER\u00cdA FINA\",\"publisher\":{\"@id\":\"https:\/\/platinum.bcardmexico.com\/#organization\"},\"alternateName\":\"PLATINUM BISUTER\u00cdA FINA\",\"potentialAction\":[{\"@type\":\"SearchAction\",\"target\":{\"@type\":\"EntryPoint\",\"urlTemplate\":\"https:\/\/platinum.bcardmexico.com\/?s={search_term_string}\"},\"query-input\":{\"@type\":\"PropertyValueSpecification\",\"valueRequired\":true,\"valueName\":\"search_term_string\"}}],\"inLanguage\":\"es\"},{\"@type\":\"Organization\",\"@id\":\"https:\/\/platinum.bcardmexico.com\/#organization\",\"name\":\"PLATINUM BISUTER\u00cdA FINA\",\"url\":\"https:\/\/platinum.bcardmexico.com\/\",\"logo\":{\"@type\":\"ImageObject\",\"inLanguage\":\"es\",\"@id\":\"https:\/\/platinum.bcardmexico.com\/#\/schema\/logo\/image\/\",\"url\":\"https:\/\/platinum.bcardmexico.com\/wp-content\/uploads\/2023\/09\/Logo-2x.png\",\"contentUrl\":\"https:\/\/platinum.bcardmexico.com\/wp-content\/uploads\/2023\/09\/Logo-2x.png\",\"width\":314,\"height\":55,\"caption\":\"PLATINUM BISUTER\u00cdA FINA\"},\"image\":{\"@id\":\"https:\/\/platinum.bcardmexico.com\/#\/schema\/logo\/image\/\"}}]}<\/script>\n<!-- \/ Yoast SEO Premium plugin. -->","yoast_head_json":{"title":"COLLAR DE HILO PENDULO OJO DE GATO VERDE - PLATINUM BISUTER\u00cdA FINA","description":"El ojo de gato verde se asocia con la sanaci\u00f3n emocional, el equilibrio y la protecci\u00f3n. Sus propiedades incluyen la mejora de la intuici\u00f3n y la claridad mental, el fomento de la creatividad y el autoconocimiento, as\u00ed como el alivio del estr\u00e9s y la ansiedad.","robots":{"index":"index","follow":"follow","max-snippet":"max-snippet:-1","max-image-preview":"max-image-preview:large","max-video-preview":"max-video-preview:-1"},"canonical":"https:\/\/platinum.bcardmexico.com\/?product=collar-de-hilo-pendulo-ojo-de-gato-verde","og_locale":"es_ES","og_type":"article","og_title":"COLLAR DE HILO PENDULO OJO DE GATO VERDE","og_description":"El ojo de gato verde se asocia con la sanaci\u00f3n emocional, el equilibrio y la protecci\u00f3n. Sus propiedades incluyen la mejora de la intuici\u00f3n y la claridad mental, el fomento de la creatividad y el autoconocimiento, as\u00ed como el alivio del estr\u00e9s y la ansiedad.","og_url":"https:\/\/platinum.bcardmexico.com\/?product=collar-de-hilo-pendulo-ojo-de-gato-verde","og_site_name":"PLATINUM BISUTER\u00cdA FINA","article_modified_time":"2025-10-14T22:51:51+00:00","og_image":[{"width":960,"height":1280,"url":"https:\/\/platinum.bcardmexico.com\/wp-content\/uploads\/2025\/10\/GATO.jpg","type":"image\/jpeg"}],"twitter_card":"summary_large_image","twitter_misc":{"Tiempo de lectura":"1 minuto"},"schema":{"@context":"https:\/\/schema.org","@graph":[{"@type":"WebPage","@id":"https:\/\/platinum.bcardmexico.com\/?product=collar-de-hilo-pendulo-ojo-de-gato-verde","url":"https:\/\/platinum.bcardmexico.com\/?product=collar-de-hilo-pendulo-ojo-de-gato-verde","name":"COLLAR DE HILO PENDULO OJO DE GATO VERDE - PLATINUM BISUTER\u00cdA FINA","isPartOf":{"@id":"https:\/\/platinum.bcardmexico.com\/#website"},"primaryImageOfPage":{"@id":"https:\/\/platinum.bcardmexico.com\/?product=collar-de-hilo-pendulo-ojo-de-gato-verde#primaryimage"},"image":{"@id":"https:\/\/platinum.bcardmexico.com\/?product=collar-de-hilo-pendulo-ojo-de-gato-verde#primaryimage"},"thumbnailUrl":"https:\/\/platinum.bcardmexico.com\/wp-content\/uploads\/2025\/10\/GATO.jpg","datePublished":"2025-10-14T22:51:50+00:00","dateModified":"2025-10-14T22:51:51+00:00","description":"El ojo de gato verde se asocia con la sanaci\u00f3n emocional, el equilibrio y la protecci\u00f3n. Sus propiedades incluyen la mejora de la intuici\u00f3n y la claridad mental, el fomento de la creatividad y el autoconocimiento, as\u00ed como el alivio del estr\u00e9s y la ansiedad.","breadcrumb":{"@id":"https:\/\/platinum.bcardmexico.com\/?product=collar-de-hilo-pendulo-ojo-de-gato-verde#breadcrumb"},"inLanguage":"es","potentialAction":[{"@type":"ReadAction","target":["https:\/\/platinum.bcardmexico.com\/?product=collar-de-hilo-pendulo-ojo-de-gato-verde"]}]},{"@type":"ImageObject","inLanguage":"es","@id":"https:\/\/platinum.bcardmexico.com\/?product=collar-de-hilo-pendulo-ojo-de-gato-verde#primaryimage","url":"https:\/\/platinum.bcardmexico.com\/wp-content\/uploads\/2025\/10\/GATO.jpg","contentUrl":"https:\/\/platinum.bcardmexico.com\/wp-content\/uploads\/2025\/10\/GATO.jpg","width":960,"height":1280},{"@type":"BreadcrumbList","@id":"https:\/\/platinum.bcardmexico.com\/?product=collar-de-hilo-pendulo-ojo-de-gato-verde#breadcrumb","itemListElement":[{"@type":"ListItem","position":1,"name":"Portada","item":"https:\/\/platinum.bcardmexico.com\/"},{"@type":"ListItem","position":2,"name":"Shop","item":"https:\/\/platinum.bcardmexico.com\/?page_id=12"},{"@type":"ListItem","position":3,"name":"COLLAR DE HILO PENDULO OJO DE GATO VERDE"}]},{"@type":"WebSite","@id":"https:\/\/platinum.bcardmexico.com\/#website","url":"https:\/\/platinum.bcardmexico.com\/","name":"PLATINUM BISUTER\u00cdA FINA","description":"PLATINUM BISUTER\u00cdA FINA","publisher":{"@id":"https:\/\/platinum.bcardmexico.com\/#organization"},"alternateName":"PLATINUM BISUTER\u00cdA FINA","potentialAction":[{"@type":"SearchAction","target":{"@type":"EntryPoint","urlTemplate":"https:\/\/platinum.bcardmexico.com\/?s={search_term_string}"},"query-input":{"@type":"PropertyValueSpecification","valueRequired":true,"valueName":"search_term_string"}}],"inLanguage":"es"},{"@type":"Organization","@id":"https:\/\/platinum.bcardmexico.com\/#organization","name":"PLATINUM BISUTER\u00cdA FINA","url":"https:\/\/platinum.bcardmexico.com\/","logo":{"@type":"ImageObject","inLanguage":"es","@id":"https:\/\/platinum.bcardmexico.com\/#\/schema\/logo\/image\/","url":"https:\/\/platinum.bcardmexico.com\/wp-content\/uploads\/2023\/09\/Logo-2x.png","contentUrl":"https:\/\/platinum.bcardmexico.com\/wp-content\/uploads\/2023\/09\/Logo-2x.png","width":314,"height":55,"caption":"PLATINUM BISUTER\u00cdA FINA"},"image":{"@id":"https:\/\/platinum.bcardmexico.com\/#\/schema\/logo\/image\/"}}]}},"_links":{"self":[{"href":"https:\/\/platinum.bcardmexico.com\/index.php?rest_route=\/wp\/v2\/product\/2892","targetHints":{"allow":["GET"]}}],"collection":[{"href":"https:\/\/platinum.bcardmexico.com\/index.php?rest_route=\/wp\/v2\/product"}],"about":[{"href":"https:\/\/platinum.bcardmexico.com\/index.php?rest_route=\/wp\/v2\/types\/product"}],"replies":[{"embeddable":true,"href":"https:\/\/platinum.bcardmexico.com\/index.php?rest_route=%2Fwp%2Fv2%2Fcomments&post=2892"}],"version-history":[{"count":1,"href":"https:\/\/platinum.bcardmexico.com\/index.php?rest_route=\/wp\/v2\/product\/2892\/revisions"}],"predecessor-version":[{"id":2894,"href":"https:\/\/platinum.bcardmexico.com\/index.php?rest_route=\/wp\/v2\/product\/2892\/revisions\/2894"}],"wp:featuredmedia":[{"embeddable":true,"href":"https:\/\/platinum.bcardmexico.com\/index.php?rest_route=\/wp\/v2\/media\/2893"}],"wp:attachment":[{"href":"https:\/\/platinum.bcardmexico.com\/index.php?rest_route=%2Fwp%2Fv2%2Fmedia&parent=2892"}],"wp:term":[{"taxonomy":"brand","embeddable":true,"href":"https:\/\/platinum.bcardmexico.com\/index.php?rest_route=%2Fwp%2Fv2%2Fetheme_brands&post=2892"},{"taxonomy":"product_brand","embeddable":true,"href":"https:\/\/platinum.bcardmexico.com\/index.php?rest_route=%2Fwp%2Fv2%2Fproduct_brand&post=2892"},{"taxonomy":"product_cat","embeddable":true,"href":"https:\/\/platinum.bcardmexico.com\/index.php?rest_route=%2Fwp%2Fv2%2Fproduct_cat&post=2892"},{"taxonomy":"product_tag","embeddable":true,"href":"https:\/\/platinum.bcardmexico.com\/index.php?rest_route=%2Fwp%2Fv2%2Fproduct_tag&post=2892"}],"curies":[{"name":"wp","href":"https:\/\/api.w.org\/{rel}","templated":true}]}}