{"id":2973,"date":"2025-10-16T06:31:05","date_gmt":"2025-10-16T06:31:05","guid":{"rendered":"https:\/\/platinum.bcardmexico.com\/?post_type=product&#038;p=2973"},"modified":"2025-10-16T06:31:26","modified_gmt":"2025-10-16T06:31:26","slug":"collar-de-hilo-pendulo-agata-morada","status":"publish","type":"product","link":"https:\/\/platinum.bcardmexico.com\/?product=collar-de-hilo-pendulo-agata-morada","title":{"rendered":"COLLAR DE HILO PENDULO AGATA MORADA"},"content":{"rendered":"<p><span data-huuid=\"9881868517506317700\">El \u00e1gata morada es una piedra con propiedades de\u00a0<mark class=\"QVRyCf\">equilibrio, estabilidad y protecci\u00f3n<\/mark>.\u00a0<\/span><span data-huuid=\"9881868517506315269\">Se cree que ayuda a armonizar las energ\u00edas, mejorar la concentraci\u00f3n y la percepci\u00f3n, calmar el estr\u00e9s emocional y fortalecer la autoconfianza.\u00a0<\/span><span data-huuid=\"9881868517506316934\">Adem\u00e1s, se asocia con el fomento de la paz interior, la creatividad y la conexi\u00f3n espiritual, as\u00ed como con la protecci\u00f3n contra energ\u00edas negativas y pesadillas.<span class=\"pjBG2e\" data-cid=\"1add2c2f-750d-4de4-b5f4-0e6d8f5b1dd3\"><span class=\"UV3uM\">\u00a0<\/span><\/span><\/span><\/p>\n","protected":false},"excerpt":{"rendered":"<p>PENDULO NATURAL DE AGATA MORADA\u00a0 CON HILO<\/p>\n<p>HILO AJUSTABLE PARA HOMBRE Y MUJER<\/p>\n<p>IDEAL PARA REGALO Y PROTECCION<\/p>\n","protected":false},"featured_media":2975,"comment_status":"open","ping_status":"closed","template":"","meta":[],"etheme_brands":[],"product_brand":[143],"product_cat":[139],"product_tag":[],"class_list":{"0":"post-2973","1":"product","2":"type-product","3":"status-publish","4":"has-post-thumbnail","6":"product_brand-collares","7":"product_cat-collares","9":"first","10":"instock","11":"shipping-taxable","12":"purchasable","13":"product-type-simple"},"yoast_head":"<!-- This site is optimized with the Yoast SEO Premium plugin v23.4 (Yoast SEO v23.4) - https:\/\/yoast.com\/wordpress\/plugins\/seo\/ -->\n<title>COLLAR DE HILO PENDULO AGATA MORADA - PLATINUM BISUTER\u00cdA FINA<\/title>\n<meta name=\"description\" content=\"El \u00e1gata morada es una piedra con propiedades de equilibrio, estabilidad y protecci\u00f3n. Se cree que ayuda a armonizar las energ\u00edas, mejorar la concentraci\u00f3n y la percepci\u00f3n, calmar el estr\u00e9s emocional y fortalecer la autoconfianza. Adem\u00e1s, se asocia con el fomento de la paz interior, la creatividad y la conexi\u00f3n espiritual, as\u00ed como con la protecci\u00f3n contra energ\u00edas negativas y pesadillas.\" \/>\n<meta name=\"robots\" content=\"index, follow, max-snippet:-1, max-image-preview:large, max-video-preview:-1\" \/>\n<link rel=\"canonical\" href=\"https:\/\/platinum.bcardmexico.com\/?product=collar-de-hilo-pendulo-agata-morada\" \/>\n<meta property=\"og:locale\" content=\"es_ES\" \/>\n<meta property=\"og:type\" content=\"article\" \/>\n<meta property=\"og:title\" content=\"COLLAR DE HILO PENDULO AGATA MORADA\" \/>\n<meta property=\"og:description\" content=\"El \u00e1gata morada es una piedra con propiedades de equilibrio, estabilidad y protecci\u00f3n. Se cree que ayuda a armonizar las energ\u00edas, mejorar la concentraci\u00f3n y la percepci\u00f3n, calmar el estr\u00e9s emocional y fortalecer la autoconfianza. Adem\u00e1s, se asocia con el fomento de la paz interior, la creatividad y la conexi\u00f3n espiritual, as\u00ed como con la protecci\u00f3n contra energ\u00edas negativas y pesadillas.\" \/>\n<meta property=\"og:url\" content=\"https:\/\/platinum.bcardmexico.com\/?product=collar-de-hilo-pendulo-agata-morada\" \/>\n<meta property=\"og:site_name\" content=\"PLATINUM BISUTER\u00cdA FINA\" \/>\n<meta property=\"article:modified_time\" content=\"2025-10-16T06:31:26+00:00\" \/>\n<meta property=\"og:image\" content=\"https:\/\/platinum.bcardmexico.com\/wp-content\/uploads\/2025\/10\/MORADA.jpg\" \/>\n\t<meta property=\"og:image:width\" content=\"960\" \/>\n\t<meta property=\"og:image:height\" content=\"1280\" \/>\n\t<meta property=\"og:image:type\" content=\"image\/jpeg\" \/>\n<meta name=\"twitter:card\" content=\"summary_large_image\" \/>\n<meta name=\"twitter:label1\" content=\"Tiempo de lectura\" \/>\n\t<meta name=\"twitter:data1\" content=\"1 minuto\" \/>\n<script type=\"application\/ld+json\" class=\"yoast-schema-graph\">{\"@context\":\"https:\/\/schema.org\",\"@graph\":[{\"@type\":\"WebPage\",\"@id\":\"https:\/\/platinum.bcardmexico.com\/?product=collar-de-hilo-pendulo-agata-morada\",\"url\":\"https:\/\/platinum.bcardmexico.com\/?product=collar-de-hilo-pendulo-agata-morada\",\"name\":\"COLLAR DE HILO PENDULO AGATA MORADA - PLATINUM BISUTER\u00cdA FINA\",\"isPartOf\":{\"@id\":\"https:\/\/platinum.bcardmexico.com\/#website\"},\"primaryImageOfPage\":{\"@id\":\"https:\/\/platinum.bcardmexico.com\/?product=collar-de-hilo-pendulo-agata-morada#primaryimage\"},\"image\":{\"@id\":\"https:\/\/platinum.bcardmexico.com\/?product=collar-de-hilo-pendulo-agata-morada#primaryimage\"},\"thumbnailUrl\":\"https:\/\/platinum.bcardmexico.com\/wp-content\/uploads\/2025\/10\/MORADA.jpg\",\"datePublished\":\"2025-10-16T06:31:05+00:00\",\"dateModified\":\"2025-10-16T06:31:26+00:00\",\"description\":\"El \u00e1gata morada es una piedra con propiedades de equilibrio, estabilidad y protecci\u00f3n. Se cree que ayuda a armonizar las energ\u00edas, mejorar la concentraci\u00f3n y la percepci\u00f3n, calmar el estr\u00e9s emocional y fortalecer la autoconfianza. Adem\u00e1s, se asocia con el fomento de la paz interior, la creatividad y la conexi\u00f3n espiritual, as\u00ed como con la protecci\u00f3n contra energ\u00edas negativas y pesadillas.\",\"breadcrumb\":{\"@id\":\"https:\/\/platinum.bcardmexico.com\/?product=collar-de-hilo-pendulo-agata-morada#breadcrumb\"},\"inLanguage\":\"es\",\"potentialAction\":[{\"@type\":\"ReadAction\",\"target\":[\"https:\/\/platinum.bcardmexico.com\/?product=collar-de-hilo-pendulo-agata-morada\"]}]},{\"@type\":\"ImageObject\",\"inLanguage\":\"es\",\"@id\":\"https:\/\/platinum.bcardmexico.com\/?product=collar-de-hilo-pendulo-agata-morada#primaryimage\",\"url\":\"https:\/\/platinum.bcardmexico.com\/wp-content\/uploads\/2025\/10\/MORADA.jpg\",\"contentUrl\":\"https:\/\/platinum.bcardmexico.com\/wp-content\/uploads\/2025\/10\/MORADA.jpg\",\"width\":960,\"height\":1280},{\"@type\":\"BreadcrumbList\",\"@id\":\"https:\/\/platinum.bcardmexico.com\/?product=collar-de-hilo-pendulo-agata-morada#breadcrumb\",\"itemListElement\":[{\"@type\":\"ListItem\",\"position\":1,\"name\":\"Portada\",\"item\":\"https:\/\/platinum.bcardmexico.com\/\"},{\"@type\":\"ListItem\",\"position\":2,\"name\":\"Shop\",\"item\":\"https:\/\/platinum.bcardmexico.com\/?page_id=12\"},{\"@type\":\"ListItem\",\"position\":3,\"name\":\"COLLAR DE HILO PENDULO AGATA MORADA\"}]},{\"@type\":\"WebSite\",\"@id\":\"https:\/\/platinum.bcardmexico.com\/#website\",\"url\":\"https:\/\/platinum.bcardmexico.com\/\",\"name\":\"PLATINUM BISUTER\u00cdA FINA\",\"description\":\"PLATINUM BISUTER\u00cdA FINA\",\"publisher\":{\"@id\":\"https:\/\/platinum.bcardmexico.com\/#organization\"},\"alternateName\":\"PLATINUM BISUTER\u00cdA FINA\",\"potentialAction\":[{\"@type\":\"SearchAction\",\"target\":{\"@type\":\"EntryPoint\",\"urlTemplate\":\"https:\/\/platinum.bcardmexico.com\/?s={search_term_string}\"},\"query-input\":{\"@type\":\"PropertyValueSpecification\",\"valueRequired\":true,\"valueName\":\"search_term_string\"}}],\"inLanguage\":\"es\"},{\"@type\":\"Organization\",\"@id\":\"https:\/\/platinum.bcardmexico.com\/#organization\",\"name\":\"PLATINUM BISUTER\u00cdA FINA\",\"url\":\"https:\/\/platinum.bcardmexico.com\/\",\"logo\":{\"@type\":\"ImageObject\",\"inLanguage\":\"es\",\"@id\":\"https:\/\/platinum.bcardmexico.com\/#\/schema\/logo\/image\/\",\"url\":\"https:\/\/platinum.bcardmexico.com\/wp-content\/uploads\/2023\/09\/Logo-2x.png\",\"contentUrl\":\"https:\/\/platinum.bcardmexico.com\/wp-content\/uploads\/2023\/09\/Logo-2x.png\",\"width\":314,\"height\":55,\"caption\":\"PLATINUM BISUTER\u00cdA FINA\"},\"image\":{\"@id\":\"https:\/\/platinum.bcardmexico.com\/#\/schema\/logo\/image\/\"}}]}<\/script>\n<!-- \/ Yoast SEO Premium plugin. -->","yoast_head_json":{"title":"COLLAR DE HILO PENDULO AGATA MORADA - PLATINUM BISUTER\u00cdA FINA","description":"El \u00e1gata morada es una piedra con propiedades de equilibrio, estabilidad y protecci\u00f3n. Se cree que ayuda a armonizar las energ\u00edas, mejorar la concentraci\u00f3n y la percepci\u00f3n, calmar el estr\u00e9s emocional y fortalecer la autoconfianza. Adem\u00e1s, se asocia con el fomento de la paz interior, la creatividad y la conexi\u00f3n espiritual, as\u00ed como con la protecci\u00f3n contra energ\u00edas negativas y pesadillas.","robots":{"index":"index","follow":"follow","max-snippet":"max-snippet:-1","max-image-preview":"max-image-preview:large","max-video-preview":"max-video-preview:-1"},"canonical":"https:\/\/platinum.bcardmexico.com\/?product=collar-de-hilo-pendulo-agata-morada","og_locale":"es_ES","og_type":"article","og_title":"COLLAR DE HILO PENDULO AGATA MORADA","og_description":"El \u00e1gata morada es una piedra con propiedades de equilibrio, estabilidad y protecci\u00f3n. Se cree que ayuda a armonizar las energ\u00edas, mejorar la concentraci\u00f3n y la percepci\u00f3n, calmar el estr\u00e9s emocional y fortalecer la autoconfianza. Adem\u00e1s, se asocia con el fomento de la paz interior, la creatividad y la conexi\u00f3n espiritual, as\u00ed como con la protecci\u00f3n contra energ\u00edas negativas y pesadillas.","og_url":"https:\/\/platinum.bcardmexico.com\/?product=collar-de-hilo-pendulo-agata-morada","og_site_name":"PLATINUM BISUTER\u00cdA FINA","article_modified_time":"2025-10-16T06:31:26+00:00","og_image":[{"width":960,"height":1280,"url":"https:\/\/platinum.bcardmexico.com\/wp-content\/uploads\/2025\/10\/MORADA.jpg","type":"image\/jpeg"}],"twitter_card":"summary_large_image","twitter_misc":{"Tiempo de lectura":"1 minuto"},"schema":{"@context":"https:\/\/schema.org","@graph":[{"@type":"WebPage","@id":"https:\/\/platinum.bcardmexico.com\/?product=collar-de-hilo-pendulo-agata-morada","url":"https:\/\/platinum.bcardmexico.com\/?product=collar-de-hilo-pendulo-agata-morada","name":"COLLAR DE HILO PENDULO AGATA MORADA - PLATINUM BISUTER\u00cdA FINA","isPartOf":{"@id":"https:\/\/platinum.bcardmexico.com\/#website"},"primaryImageOfPage":{"@id":"https:\/\/platinum.bcardmexico.com\/?product=collar-de-hilo-pendulo-agata-morada#primaryimage"},"image":{"@id":"https:\/\/platinum.bcardmexico.com\/?product=collar-de-hilo-pendulo-agata-morada#primaryimage"},"thumbnailUrl":"https:\/\/platinum.bcardmexico.com\/wp-content\/uploads\/2025\/10\/MORADA.jpg","datePublished":"2025-10-16T06:31:05+00:00","dateModified":"2025-10-16T06:31:26+00:00","description":"El \u00e1gata morada es una piedra con propiedades de equilibrio, estabilidad y protecci\u00f3n. Se cree que ayuda a armonizar las energ\u00edas, mejorar la concentraci\u00f3n y la percepci\u00f3n, calmar el estr\u00e9s emocional y fortalecer la autoconfianza. Adem\u00e1s, se asocia con el fomento de la paz interior, la creatividad y la conexi\u00f3n espiritual, as\u00ed como con la protecci\u00f3n contra energ\u00edas negativas y pesadillas.","breadcrumb":{"@id":"https:\/\/platinum.bcardmexico.com\/?product=collar-de-hilo-pendulo-agata-morada#breadcrumb"},"inLanguage":"es","potentialAction":[{"@type":"ReadAction","target":["https:\/\/platinum.bcardmexico.com\/?product=collar-de-hilo-pendulo-agata-morada"]}]},{"@type":"ImageObject","inLanguage":"es","@id":"https:\/\/platinum.bcardmexico.com\/?product=collar-de-hilo-pendulo-agata-morada#primaryimage","url":"https:\/\/platinum.bcardmexico.com\/wp-content\/uploads\/2025\/10\/MORADA.jpg","contentUrl":"https:\/\/platinum.bcardmexico.com\/wp-content\/uploads\/2025\/10\/MORADA.jpg","width":960,"height":1280},{"@type":"BreadcrumbList","@id":"https:\/\/platinum.bcardmexico.com\/?product=collar-de-hilo-pendulo-agata-morada#breadcrumb","itemListElement":[{"@type":"ListItem","position":1,"name":"Portada","item":"https:\/\/platinum.bcardmexico.com\/"},{"@type":"ListItem","position":2,"name":"Shop","item":"https:\/\/platinum.bcardmexico.com\/?page_id=12"},{"@type":"ListItem","position":3,"name":"COLLAR DE HILO PENDULO AGATA MORADA"}]},{"@type":"WebSite","@id":"https:\/\/platinum.bcardmexico.com\/#website","url":"https:\/\/platinum.bcardmexico.com\/","name":"PLATINUM BISUTER\u00cdA FINA","description":"PLATINUM BISUTER\u00cdA FINA","publisher":{"@id":"https:\/\/platinum.bcardmexico.com\/#organization"},"alternateName":"PLATINUM BISUTER\u00cdA FINA","potentialAction":[{"@type":"SearchAction","target":{"@type":"EntryPoint","urlTemplate":"https:\/\/platinum.bcardmexico.com\/?s={search_term_string}"},"query-input":{"@type":"PropertyValueSpecification","valueRequired":true,"valueName":"search_term_string"}}],"inLanguage":"es"},{"@type":"Organization","@id":"https:\/\/platinum.bcardmexico.com\/#organization","name":"PLATINUM BISUTER\u00cdA FINA","url":"https:\/\/platinum.bcardmexico.com\/","logo":{"@type":"ImageObject","inLanguage":"es","@id":"https:\/\/platinum.bcardmexico.com\/#\/schema\/logo\/image\/","url":"https:\/\/platinum.bcardmexico.com\/wp-content\/uploads\/2023\/09\/Logo-2x.png","contentUrl":"https:\/\/platinum.bcardmexico.com\/wp-content\/uploads\/2023\/09\/Logo-2x.png","width":314,"height":55,"caption":"PLATINUM BISUTER\u00cdA FINA"},"image":{"@id":"https:\/\/platinum.bcardmexico.com\/#\/schema\/logo\/image\/"}}]}},"_links":{"self":[{"href":"https:\/\/platinum.bcardmexico.com\/index.php?rest_route=\/wp\/v2\/product\/2973","targetHints":{"allow":["GET"]}}],"collection":[{"href":"https:\/\/platinum.bcardmexico.com\/index.php?rest_route=\/wp\/v2\/product"}],"about":[{"href":"https:\/\/platinum.bcardmexico.com\/index.php?rest_route=\/wp\/v2\/types\/product"}],"replies":[{"embeddable":true,"href":"https:\/\/platinum.bcardmexico.com\/index.php?rest_route=%2Fwp%2Fv2%2Fcomments&post=2973"}],"version-history":[{"count":2,"href":"https:\/\/platinum.bcardmexico.com\/index.php?rest_route=\/wp\/v2\/product\/2973\/revisions"}],"predecessor-version":[{"id":2977,"href":"https:\/\/platinum.bcardmexico.com\/index.php?rest_route=\/wp\/v2\/product\/2973\/revisions\/2977"}],"wp:featuredmedia":[{"embeddable":true,"href":"https:\/\/platinum.bcardmexico.com\/index.php?rest_route=\/wp\/v2\/media\/2975"}],"wp:attachment":[{"href":"https:\/\/platinum.bcardmexico.com\/index.php?rest_route=%2Fwp%2Fv2%2Fmedia&parent=2973"}],"wp:term":[{"taxonomy":"brand","embeddable":true,"href":"https:\/\/platinum.bcardmexico.com\/index.php?rest_route=%2Fwp%2Fv2%2Fetheme_brands&post=2973"},{"taxonomy":"product_brand","embeddable":true,"href":"https:\/\/platinum.bcardmexico.com\/index.php?rest_route=%2Fwp%2Fv2%2Fproduct_brand&post=2973"},{"taxonomy":"product_cat","embeddable":true,"href":"https:\/\/platinum.bcardmexico.com\/index.php?rest_route=%2Fwp%2Fv2%2Fproduct_cat&post=2973"},{"taxonomy":"product_tag","embeddable":true,"href":"https:\/\/platinum.bcardmexico.com\/index.php?rest_route=%2Fwp%2Fv2%2Fproduct_tag&post=2973"}],"curies":[{"name":"wp","href":"https:\/\/api.w.org\/{rel}","templated":true}]}}