{"id":2984,"date":"2025-10-19T00:59:13","date_gmt":"2025-10-19T00:59:13","guid":{"rendered":"https:\/\/platinum.bcardmexico.com\/?post_type=product&#038;p=2984"},"modified":"2025-10-19T00:59:14","modified_gmt":"2025-10-19T00:59:14","slug":"collar-de-hilo-pendulo-cuarzo-blanco","status":"publish","type":"product","link":"https:\/\/platinum.bcardmexico.com\/?product=collar-de-hilo-pendulo-cuarzo-blanco","title":{"rendered":"COLLAR DE HILO PENDULO CUARZO BLANCO"},"content":{"rendered":"<p><span data-huuid=\"6617017374742178059\">El cuarzo blanco, o\u00a0<span class=\"M5tQyf\"><a class=\"DTlJ6d\" href=\"https:\/\/www.google.com\/search?sca_esv=9b71fdfd242cb4b2&amp;q=cristal+de+roca&amp;sa=X&amp;ved=2ahUKEwjPlKr7hq-QAxX3LkQIHVT2NMwQxccNegQIMxAB&amp;mstk=AUtExfCveRPr7tHhzDofLYihq_TP7WjIQIlikodunu2gU3epZL6GmOzCoswCA6EYJvlP24rCYVoONHAoxbvDkkZi8S1_gTTQxI8en3lt_jpgSXX5FHGVdVvCFn7tgx5wg6X4nFg&amp;csui=3\" data-hveid=\"CDMQAQ\">cristal de roca<\/a>,<\/span>\u00a0es un mineral de s\u00edlice con propiedades f\u00edsicas como\u00a0<mark class=\"QVRyCf\">dureza 7 en la escala de Mohs y resistencia t\u00e9rmica<\/mark>, que es utilizado por su capacidad para amplificar la energ\u00eda, purificar el aura, y otorgar protecci\u00f3n contra las malas vibras.\u00a0<\/span><span data-huuid=\"6617017374742176866\">En el \u00e1mbito energ\u00e9tico, se le asocia con la claridad mental, la comunicaci\u00f3n efectiva, la paz interior, y el equilibrio emocional y espiritual.<span class=\"pjBG2e\" data-cid=\"b02d9f61-bbcf-48b6-b0bd-0f0b5f716e09\"><span class=\"UV3uM\">\u00a0<\/span><\/span><\/span><\/p>\n","protected":false},"excerpt":{"rendered":"<p>PENDULO NATURAL DE CUARZO BLANCO\u00a0 CON HILO<\/p>\n<p>HILO AJUSTABLE PARA HOMBRE Y MUJER<\/p>\n<p>IDEAL PARA REGALO Y PROTECCION<\/p>\n","protected":false},"featured_media":2985,"comment_status":"open","ping_status":"closed","template":"","meta":[],"etheme_brands":[],"product_brand":[143],"product_cat":[139],"product_tag":[],"class_list":{"0":"post-2984","1":"product","2":"type-product","3":"status-publish","4":"has-post-thumbnail","6":"product_brand-collares","7":"product_cat-collares","9":"first","10":"instock","11":"shipping-taxable","12":"purchasable","13":"product-type-simple"},"yoast_head":"<!-- This site is optimized with the Yoast SEO Premium plugin v23.4 (Yoast SEO v23.4) - https:\/\/yoast.com\/wordpress\/plugins\/seo\/ -->\n<title>COLLAR DE HILO PENDULO CUARZO BLANCO - PLATINUM BISUTER\u00cdA FINA<\/title>\n<meta name=\"description\" content=\"El cuarzo blanco, o cristal de roca, es un mineral de s\u00edlice con propiedades f\u00edsicas como dureza 7 en la escala de Mohs y resistencia t\u00e9rmica, que es utilizado por su capacidad para amplificar la energ\u00eda, purificar el aura, y otorgar protecci\u00f3n contra las malas vibras. En el \u00e1mbito energ\u00e9tico, se le asocia con la claridad mental, la comunicaci\u00f3n efectiva, la paz interior, y el equilibrio emocional y espiritual.\" \/>\n<meta name=\"robots\" content=\"index, follow, max-snippet:-1, max-image-preview:large, max-video-preview:-1\" \/>\n<link rel=\"canonical\" href=\"https:\/\/platinum.bcardmexico.com\/?product=collar-de-hilo-pendulo-cuarzo-blanco\" \/>\n<meta property=\"og:locale\" content=\"es_ES\" \/>\n<meta property=\"og:type\" content=\"article\" \/>\n<meta property=\"og:title\" content=\"COLLAR DE HILO PENDULO CUARZO BLANCO\" \/>\n<meta property=\"og:description\" content=\"El cuarzo blanco, o cristal de roca, es un mineral de s\u00edlice con propiedades f\u00edsicas como dureza 7 en la escala de Mohs y resistencia t\u00e9rmica, que es utilizado por su capacidad para amplificar la energ\u00eda, purificar el aura, y otorgar protecci\u00f3n contra las malas vibras. En el \u00e1mbito energ\u00e9tico, se le asocia con la claridad mental, la comunicaci\u00f3n efectiva, la paz interior, y el equilibrio emocional y espiritual.\" \/>\n<meta property=\"og:url\" content=\"https:\/\/platinum.bcardmexico.com\/?product=collar-de-hilo-pendulo-cuarzo-blanco\" \/>\n<meta property=\"og:site_name\" content=\"PLATINUM BISUTER\u00cdA FINA\" \/>\n<meta property=\"article:modified_time\" content=\"2025-10-19T00:59:14+00:00\" \/>\n<meta property=\"og:image\" content=\"https:\/\/platinum.bcardmexico.com\/wp-content\/uploads\/2025\/10\/CUARZO-BLANCO-.jpg\" \/>\n\t<meta property=\"og:image:width\" content=\"960\" \/>\n\t<meta property=\"og:image:height\" content=\"1280\" \/>\n\t<meta property=\"og:image:type\" content=\"image\/jpeg\" \/>\n<meta name=\"twitter:card\" content=\"summary_large_image\" \/>\n<meta name=\"twitter:label1\" content=\"Tiempo de lectura\" \/>\n\t<meta name=\"twitter:data1\" content=\"1 minuto\" \/>\n<script type=\"application\/ld+json\" class=\"yoast-schema-graph\">{\"@context\":\"https:\/\/schema.org\",\"@graph\":[{\"@type\":\"WebPage\",\"@id\":\"https:\/\/platinum.bcardmexico.com\/?product=collar-de-hilo-pendulo-cuarzo-blanco\",\"url\":\"https:\/\/platinum.bcardmexico.com\/?product=collar-de-hilo-pendulo-cuarzo-blanco\",\"name\":\"COLLAR DE HILO PENDULO CUARZO BLANCO - PLATINUM BISUTER\u00cdA FINA\",\"isPartOf\":{\"@id\":\"https:\/\/platinum.bcardmexico.com\/#website\"},\"primaryImageOfPage\":{\"@id\":\"https:\/\/platinum.bcardmexico.com\/?product=collar-de-hilo-pendulo-cuarzo-blanco#primaryimage\"},\"image\":{\"@id\":\"https:\/\/platinum.bcardmexico.com\/?product=collar-de-hilo-pendulo-cuarzo-blanco#primaryimage\"},\"thumbnailUrl\":\"https:\/\/platinum.bcardmexico.com\/wp-content\/uploads\/2025\/10\/CUARZO-BLANCO-.jpg\",\"datePublished\":\"2025-10-19T00:59:13+00:00\",\"dateModified\":\"2025-10-19T00:59:14+00:00\",\"description\":\"El cuarzo blanco, o cristal de roca, es un mineral de s\u00edlice con propiedades f\u00edsicas como dureza 7 en la escala de Mohs y resistencia t\u00e9rmica, que es utilizado por su capacidad para amplificar la energ\u00eda, purificar el aura, y otorgar protecci\u00f3n contra las malas vibras. En el \u00e1mbito energ\u00e9tico, se le asocia con la claridad mental, la comunicaci\u00f3n efectiva, la paz interior, y el equilibrio emocional y espiritual.\",\"breadcrumb\":{\"@id\":\"https:\/\/platinum.bcardmexico.com\/?product=collar-de-hilo-pendulo-cuarzo-blanco#breadcrumb\"},\"inLanguage\":\"es\",\"potentialAction\":[{\"@type\":\"ReadAction\",\"target\":[\"https:\/\/platinum.bcardmexico.com\/?product=collar-de-hilo-pendulo-cuarzo-blanco\"]}]},{\"@type\":\"ImageObject\",\"inLanguage\":\"es\",\"@id\":\"https:\/\/platinum.bcardmexico.com\/?product=collar-de-hilo-pendulo-cuarzo-blanco#primaryimage\",\"url\":\"https:\/\/platinum.bcardmexico.com\/wp-content\/uploads\/2025\/10\/CUARZO-BLANCO-.jpg\",\"contentUrl\":\"https:\/\/platinum.bcardmexico.com\/wp-content\/uploads\/2025\/10\/CUARZO-BLANCO-.jpg\",\"width\":960,\"height\":1280},{\"@type\":\"BreadcrumbList\",\"@id\":\"https:\/\/platinum.bcardmexico.com\/?product=collar-de-hilo-pendulo-cuarzo-blanco#breadcrumb\",\"itemListElement\":[{\"@type\":\"ListItem\",\"position\":1,\"name\":\"Portada\",\"item\":\"https:\/\/platinum.bcardmexico.com\/\"},{\"@type\":\"ListItem\",\"position\":2,\"name\":\"Shop\",\"item\":\"https:\/\/platinum.bcardmexico.com\/?page_id=12\"},{\"@type\":\"ListItem\",\"position\":3,\"name\":\"COLLAR DE HILO PENDULO CUARZO BLANCO\"}]},{\"@type\":\"WebSite\",\"@id\":\"https:\/\/platinum.bcardmexico.com\/#website\",\"url\":\"https:\/\/platinum.bcardmexico.com\/\",\"name\":\"PLATINUM BISUTER\u00cdA FINA\",\"description\":\"PLATINUM BISUTER\u00cdA FINA\",\"publisher\":{\"@id\":\"https:\/\/platinum.bcardmexico.com\/#organization\"},\"alternateName\":\"PLATINUM BISUTER\u00cdA FINA\",\"potentialAction\":[{\"@type\":\"SearchAction\",\"target\":{\"@type\":\"EntryPoint\",\"urlTemplate\":\"https:\/\/platinum.bcardmexico.com\/?s={search_term_string}\"},\"query-input\":{\"@type\":\"PropertyValueSpecification\",\"valueRequired\":true,\"valueName\":\"search_term_string\"}}],\"inLanguage\":\"es\"},{\"@type\":\"Organization\",\"@id\":\"https:\/\/platinum.bcardmexico.com\/#organization\",\"name\":\"PLATINUM BISUTER\u00cdA FINA\",\"url\":\"https:\/\/platinum.bcardmexico.com\/\",\"logo\":{\"@type\":\"ImageObject\",\"inLanguage\":\"es\",\"@id\":\"https:\/\/platinum.bcardmexico.com\/#\/schema\/logo\/image\/\",\"url\":\"https:\/\/platinum.bcardmexico.com\/wp-content\/uploads\/2023\/09\/Logo-2x.png\",\"contentUrl\":\"https:\/\/platinum.bcardmexico.com\/wp-content\/uploads\/2023\/09\/Logo-2x.png\",\"width\":314,\"height\":55,\"caption\":\"PLATINUM BISUTER\u00cdA FINA\"},\"image\":{\"@id\":\"https:\/\/platinum.bcardmexico.com\/#\/schema\/logo\/image\/\"}}]}<\/script>\n<!-- \/ Yoast SEO Premium plugin. -->","yoast_head_json":{"title":"COLLAR DE HILO PENDULO CUARZO BLANCO - PLATINUM BISUTER\u00cdA FINA","description":"El cuarzo blanco, o cristal de roca, es un mineral de s\u00edlice con propiedades f\u00edsicas como dureza 7 en la escala de Mohs y resistencia t\u00e9rmica, que es utilizado por su capacidad para amplificar la energ\u00eda, purificar el aura, y otorgar protecci\u00f3n contra las malas vibras. En el \u00e1mbito energ\u00e9tico, se le asocia con la claridad mental, la comunicaci\u00f3n efectiva, la paz interior, y el equilibrio emocional y espiritual.","robots":{"index":"index","follow":"follow","max-snippet":"max-snippet:-1","max-image-preview":"max-image-preview:large","max-video-preview":"max-video-preview:-1"},"canonical":"https:\/\/platinum.bcardmexico.com\/?product=collar-de-hilo-pendulo-cuarzo-blanco","og_locale":"es_ES","og_type":"article","og_title":"COLLAR DE HILO PENDULO CUARZO BLANCO","og_description":"El cuarzo blanco, o cristal de roca, es un mineral de s\u00edlice con propiedades f\u00edsicas como dureza 7 en la escala de Mohs y resistencia t\u00e9rmica, que es utilizado por su capacidad para amplificar la energ\u00eda, purificar el aura, y otorgar protecci\u00f3n contra las malas vibras. En el \u00e1mbito energ\u00e9tico, se le asocia con la claridad mental, la comunicaci\u00f3n efectiva, la paz interior, y el equilibrio emocional y espiritual.","og_url":"https:\/\/platinum.bcardmexico.com\/?product=collar-de-hilo-pendulo-cuarzo-blanco","og_site_name":"PLATINUM BISUTER\u00cdA FINA","article_modified_time":"2025-10-19T00:59:14+00:00","og_image":[{"width":960,"height":1280,"url":"https:\/\/platinum.bcardmexico.com\/wp-content\/uploads\/2025\/10\/CUARZO-BLANCO-.jpg","type":"image\/jpeg"}],"twitter_card":"summary_large_image","twitter_misc":{"Tiempo de lectura":"1 minuto"},"schema":{"@context":"https:\/\/schema.org","@graph":[{"@type":"WebPage","@id":"https:\/\/platinum.bcardmexico.com\/?product=collar-de-hilo-pendulo-cuarzo-blanco","url":"https:\/\/platinum.bcardmexico.com\/?product=collar-de-hilo-pendulo-cuarzo-blanco","name":"COLLAR DE HILO PENDULO CUARZO BLANCO - PLATINUM BISUTER\u00cdA FINA","isPartOf":{"@id":"https:\/\/platinum.bcardmexico.com\/#website"},"primaryImageOfPage":{"@id":"https:\/\/platinum.bcardmexico.com\/?product=collar-de-hilo-pendulo-cuarzo-blanco#primaryimage"},"image":{"@id":"https:\/\/platinum.bcardmexico.com\/?product=collar-de-hilo-pendulo-cuarzo-blanco#primaryimage"},"thumbnailUrl":"https:\/\/platinum.bcardmexico.com\/wp-content\/uploads\/2025\/10\/CUARZO-BLANCO-.jpg","datePublished":"2025-10-19T00:59:13+00:00","dateModified":"2025-10-19T00:59:14+00:00","description":"El cuarzo blanco, o cristal de roca, es un mineral de s\u00edlice con propiedades f\u00edsicas como dureza 7 en la escala de Mohs y resistencia t\u00e9rmica, que es utilizado por su capacidad para amplificar la energ\u00eda, purificar el aura, y otorgar protecci\u00f3n contra las malas vibras. En el \u00e1mbito energ\u00e9tico, se le asocia con la claridad mental, la comunicaci\u00f3n efectiva, la paz interior, y el equilibrio emocional y espiritual.","breadcrumb":{"@id":"https:\/\/platinum.bcardmexico.com\/?product=collar-de-hilo-pendulo-cuarzo-blanco#breadcrumb"},"inLanguage":"es","potentialAction":[{"@type":"ReadAction","target":["https:\/\/platinum.bcardmexico.com\/?product=collar-de-hilo-pendulo-cuarzo-blanco"]}]},{"@type":"ImageObject","inLanguage":"es","@id":"https:\/\/platinum.bcardmexico.com\/?product=collar-de-hilo-pendulo-cuarzo-blanco#primaryimage","url":"https:\/\/platinum.bcardmexico.com\/wp-content\/uploads\/2025\/10\/CUARZO-BLANCO-.jpg","contentUrl":"https:\/\/platinum.bcardmexico.com\/wp-content\/uploads\/2025\/10\/CUARZO-BLANCO-.jpg","width":960,"height":1280},{"@type":"BreadcrumbList","@id":"https:\/\/platinum.bcardmexico.com\/?product=collar-de-hilo-pendulo-cuarzo-blanco#breadcrumb","itemListElement":[{"@type":"ListItem","position":1,"name":"Portada","item":"https:\/\/platinum.bcardmexico.com\/"},{"@type":"ListItem","position":2,"name":"Shop","item":"https:\/\/platinum.bcardmexico.com\/?page_id=12"},{"@type":"ListItem","position":3,"name":"COLLAR DE HILO PENDULO CUARZO BLANCO"}]},{"@type":"WebSite","@id":"https:\/\/platinum.bcardmexico.com\/#website","url":"https:\/\/platinum.bcardmexico.com\/","name":"PLATINUM BISUTER\u00cdA FINA","description":"PLATINUM BISUTER\u00cdA FINA","publisher":{"@id":"https:\/\/platinum.bcardmexico.com\/#organization"},"alternateName":"PLATINUM BISUTER\u00cdA FINA","potentialAction":[{"@type":"SearchAction","target":{"@type":"EntryPoint","urlTemplate":"https:\/\/platinum.bcardmexico.com\/?s={search_term_string}"},"query-input":{"@type":"PropertyValueSpecification","valueRequired":true,"valueName":"search_term_string"}}],"inLanguage":"es"},{"@type":"Organization","@id":"https:\/\/platinum.bcardmexico.com\/#organization","name":"PLATINUM BISUTER\u00cdA FINA","url":"https:\/\/platinum.bcardmexico.com\/","logo":{"@type":"ImageObject","inLanguage":"es","@id":"https:\/\/platinum.bcardmexico.com\/#\/schema\/logo\/image\/","url":"https:\/\/platinum.bcardmexico.com\/wp-content\/uploads\/2023\/09\/Logo-2x.png","contentUrl":"https:\/\/platinum.bcardmexico.com\/wp-content\/uploads\/2023\/09\/Logo-2x.png","width":314,"height":55,"caption":"PLATINUM BISUTER\u00cdA FINA"},"image":{"@id":"https:\/\/platinum.bcardmexico.com\/#\/schema\/logo\/image\/"}}]}},"_links":{"self":[{"href":"https:\/\/platinum.bcardmexico.com\/index.php?rest_route=\/wp\/v2\/product\/2984","targetHints":{"allow":["GET"]}}],"collection":[{"href":"https:\/\/platinum.bcardmexico.com\/index.php?rest_route=\/wp\/v2\/product"}],"about":[{"href":"https:\/\/platinum.bcardmexico.com\/index.php?rest_route=\/wp\/v2\/types\/product"}],"replies":[{"embeddable":true,"href":"https:\/\/platinum.bcardmexico.com\/index.php?rest_route=%2Fwp%2Fv2%2Fcomments&post=2984"}],"version-history":[{"count":1,"href":"https:\/\/platinum.bcardmexico.com\/index.php?rest_route=\/wp\/v2\/product\/2984\/revisions"}],"predecessor-version":[{"id":2986,"href":"https:\/\/platinum.bcardmexico.com\/index.php?rest_route=\/wp\/v2\/product\/2984\/revisions\/2986"}],"wp:featuredmedia":[{"embeddable":true,"href":"https:\/\/platinum.bcardmexico.com\/index.php?rest_route=\/wp\/v2\/media\/2985"}],"wp:attachment":[{"href":"https:\/\/platinum.bcardmexico.com\/index.php?rest_route=%2Fwp%2Fv2%2Fmedia&parent=2984"}],"wp:term":[{"taxonomy":"brand","embeddable":true,"href":"https:\/\/platinum.bcardmexico.com\/index.php?rest_route=%2Fwp%2Fv2%2Fetheme_brands&post=2984"},{"taxonomy":"product_brand","embeddable":true,"href":"https:\/\/platinum.bcardmexico.com\/index.php?rest_route=%2Fwp%2Fv2%2Fproduct_brand&post=2984"},{"taxonomy":"product_cat","embeddable":true,"href":"https:\/\/platinum.bcardmexico.com\/index.php?rest_route=%2Fwp%2Fv2%2Fproduct_cat&post=2984"},{"taxonomy":"product_tag","embeddable":true,"href":"https:\/\/platinum.bcardmexico.com\/index.php?rest_route=%2Fwp%2Fv2%2Fproduct_tag&post=2984"}],"curies":[{"name":"wp","href":"https:\/\/api.w.org\/{rel}","templated":true}]}}