{"id":3007,"date":"2025-10-21T03:17:21","date_gmt":"2025-10-21T03:17:21","guid":{"rendered":"https:\/\/platinum.bcardmexico.com\/?post_type=product&#038;p=3007"},"modified":"2025-10-21T03:17:23","modified_gmt":"2025-10-21T03:17:23","slug":"llavero-de-pendulo-jaspe-dalmata","status":"publish","type":"product","link":"https:\/\/platinum.bcardmexico.com\/?product=llavero-de-pendulo-jaspe-dalmata","title":{"rendered":"LLAVERO DE PENDULO JASPE DALMATA"},"content":{"rendered":"<p><span data-huuid=\"1397557111107091921\">El jaspe d\u00e1lmata posee propiedades f\u00edsicas y emocionales que incluyen\u00a0<mark class=\"QVRyCf\">mejorar la circulaci\u00f3n, el sue\u00f1o y la resistencia f\u00edsica<\/mark>.\u00a0<\/span><span data-huuid=\"1397557111107089114\">A nivel ps\u00edquico, se dice que fomenta la alegr\u00eda, la creatividad, la protecci\u00f3n contra energ\u00edas negativas, la superaci\u00f3n de miedos y el equilibrio entre energ\u00edas opuestas<\/span><\/p>\n","protected":false},"excerpt":{"rendered":"<p>PENDULO NATURAL DE JASPE DALMATA\u00a0 \u00a0 \u00a0CON LLAVERO \u00a0PARA HOMBRE Y MUJER<\/p>\n","protected":false},"featured_media":3008,"comment_status":"open","ping_status":"closed","template":"","meta":[],"etheme_brands":[],"product_brand":[147],"product_cat":[146],"product_tag":[],"class_list":{"0":"post-3007","1":"product","2":"type-product","3":"status-publish","4":"has-post-thumbnail","6":"product_brand-llavero","7":"product_cat-llaveros","9":"first","10":"instock","11":"shipping-taxable","12":"purchasable","13":"product-type-simple"},"yoast_head":"<!-- This site is optimized with the Yoast SEO Premium plugin v23.4 (Yoast SEO v23.4) - https:\/\/yoast.com\/wordpress\/plugins\/seo\/ -->\n<title>LLAVERO DE PENDULO JASPE DALMATA - PLATINUM BISUTER\u00cdA FINA<\/title>\n<meta name=\"description\" content=\"El jaspe d\u00e1lmata posee propiedades f\u00edsicas y emocionales que incluyen mejorar la circulaci\u00f3n, el sue\u00f1o y la resistencia f\u00edsica. A nivel ps\u00edquico, se dice que fomenta la alegr\u00eda, la creatividad, la protecci\u00f3n contra energ\u00edas negativas, la superaci\u00f3n de miedos y el equilibrio entre energ\u00edas opuestas\" \/>\n<meta name=\"robots\" content=\"index, follow, max-snippet:-1, max-image-preview:large, max-video-preview:-1\" \/>\n<link rel=\"canonical\" href=\"https:\/\/platinum.bcardmexico.com\/?product=llavero-de-pendulo-jaspe-dalmata\" \/>\n<meta property=\"og:locale\" content=\"es_ES\" \/>\n<meta property=\"og:type\" content=\"article\" \/>\n<meta property=\"og:title\" content=\"LLAVERO DE PENDULO JASPE DALMATA\" \/>\n<meta property=\"og:description\" content=\"El jaspe d\u00e1lmata posee propiedades f\u00edsicas y emocionales que incluyen mejorar la circulaci\u00f3n, el sue\u00f1o y la resistencia f\u00edsica. A nivel ps\u00edquico, se dice que fomenta la alegr\u00eda, la creatividad, la protecci\u00f3n contra energ\u00edas negativas, la superaci\u00f3n de miedos y el equilibrio entre energ\u00edas opuestas\" \/>\n<meta property=\"og:url\" content=\"https:\/\/platinum.bcardmexico.com\/?product=llavero-de-pendulo-jaspe-dalmata\" \/>\n<meta property=\"og:site_name\" content=\"PLATINUM BISUTER\u00cdA FINA\" \/>\n<meta property=\"article:modified_time\" content=\"2025-10-21T03:17:23+00:00\" \/>\n<meta property=\"og:image\" content=\"https:\/\/platinum.bcardmexico.com\/wp-content\/uploads\/2025\/10\/DALMATA-.jpg\" \/>\n\t<meta property=\"og:image:width\" content=\"960\" \/>\n\t<meta property=\"og:image:height\" content=\"1280\" \/>\n\t<meta property=\"og:image:type\" content=\"image\/jpeg\" \/>\n<meta name=\"twitter:card\" content=\"summary_large_image\" \/>\n<meta name=\"twitter:label1\" content=\"Tiempo de lectura\" \/>\n\t<meta name=\"twitter:data1\" content=\"1 minuto\" \/>\n<script type=\"application\/ld+json\" class=\"yoast-schema-graph\">{\"@context\":\"https:\/\/schema.org\",\"@graph\":[{\"@type\":\"WebPage\",\"@id\":\"https:\/\/platinum.bcardmexico.com\/?product=llavero-de-pendulo-jaspe-dalmata\",\"url\":\"https:\/\/platinum.bcardmexico.com\/?product=llavero-de-pendulo-jaspe-dalmata\",\"name\":\"LLAVERO DE PENDULO JASPE DALMATA - PLATINUM BISUTER\u00cdA FINA\",\"isPartOf\":{\"@id\":\"https:\/\/platinum.bcardmexico.com\/#website\"},\"primaryImageOfPage\":{\"@id\":\"https:\/\/platinum.bcardmexico.com\/?product=llavero-de-pendulo-jaspe-dalmata#primaryimage\"},\"image\":{\"@id\":\"https:\/\/platinum.bcardmexico.com\/?product=llavero-de-pendulo-jaspe-dalmata#primaryimage\"},\"thumbnailUrl\":\"https:\/\/platinum.bcardmexico.com\/wp-content\/uploads\/2025\/10\/DALMATA-.jpg\",\"datePublished\":\"2025-10-21T03:17:21+00:00\",\"dateModified\":\"2025-10-21T03:17:23+00:00\",\"description\":\"El jaspe d\u00e1lmata posee propiedades f\u00edsicas y emocionales que incluyen mejorar la circulaci\u00f3n, el sue\u00f1o y la resistencia f\u00edsica. A nivel ps\u00edquico, se dice que fomenta la alegr\u00eda, la creatividad, la protecci\u00f3n contra energ\u00edas negativas, la superaci\u00f3n de miedos y el equilibrio entre energ\u00edas opuestas\",\"breadcrumb\":{\"@id\":\"https:\/\/platinum.bcardmexico.com\/?product=llavero-de-pendulo-jaspe-dalmata#breadcrumb\"},\"inLanguage\":\"es\",\"potentialAction\":[{\"@type\":\"ReadAction\",\"target\":[\"https:\/\/platinum.bcardmexico.com\/?product=llavero-de-pendulo-jaspe-dalmata\"]}]},{\"@type\":\"ImageObject\",\"inLanguage\":\"es\",\"@id\":\"https:\/\/platinum.bcardmexico.com\/?product=llavero-de-pendulo-jaspe-dalmata#primaryimage\",\"url\":\"https:\/\/platinum.bcardmexico.com\/wp-content\/uploads\/2025\/10\/DALMATA-.jpg\",\"contentUrl\":\"https:\/\/platinum.bcardmexico.com\/wp-content\/uploads\/2025\/10\/DALMATA-.jpg\",\"width\":960,\"height\":1280},{\"@type\":\"BreadcrumbList\",\"@id\":\"https:\/\/platinum.bcardmexico.com\/?product=llavero-de-pendulo-jaspe-dalmata#breadcrumb\",\"itemListElement\":[{\"@type\":\"ListItem\",\"position\":1,\"name\":\"Portada\",\"item\":\"https:\/\/platinum.bcardmexico.com\/\"},{\"@type\":\"ListItem\",\"position\":2,\"name\":\"Shop\",\"item\":\"https:\/\/platinum.bcardmexico.com\/?page_id=12\"},{\"@type\":\"ListItem\",\"position\":3,\"name\":\"LLAVERO DE PENDULO JASPE DALMATA\"}]},{\"@type\":\"WebSite\",\"@id\":\"https:\/\/platinum.bcardmexico.com\/#website\",\"url\":\"https:\/\/platinum.bcardmexico.com\/\",\"name\":\"PLATINUM BISUTER\u00cdA FINA\",\"description\":\"PLATINUM BISUTER\u00cdA FINA\",\"publisher\":{\"@id\":\"https:\/\/platinum.bcardmexico.com\/#organization\"},\"alternateName\":\"PLATINUM BISUTER\u00cdA FINA\",\"potentialAction\":[{\"@type\":\"SearchAction\",\"target\":{\"@type\":\"EntryPoint\",\"urlTemplate\":\"https:\/\/platinum.bcardmexico.com\/?s={search_term_string}\"},\"query-input\":{\"@type\":\"PropertyValueSpecification\",\"valueRequired\":true,\"valueName\":\"search_term_string\"}}],\"inLanguage\":\"es\"},{\"@type\":\"Organization\",\"@id\":\"https:\/\/platinum.bcardmexico.com\/#organization\",\"name\":\"PLATINUM BISUTER\u00cdA FINA\",\"url\":\"https:\/\/platinum.bcardmexico.com\/\",\"logo\":{\"@type\":\"ImageObject\",\"inLanguage\":\"es\",\"@id\":\"https:\/\/platinum.bcardmexico.com\/#\/schema\/logo\/image\/\",\"url\":\"https:\/\/platinum.bcardmexico.com\/wp-content\/uploads\/2023\/09\/Logo-2x.png\",\"contentUrl\":\"https:\/\/platinum.bcardmexico.com\/wp-content\/uploads\/2023\/09\/Logo-2x.png\",\"width\":314,\"height\":55,\"caption\":\"PLATINUM BISUTER\u00cdA FINA\"},\"image\":{\"@id\":\"https:\/\/platinum.bcardmexico.com\/#\/schema\/logo\/image\/\"}}]}<\/script>\n<!-- \/ Yoast SEO Premium plugin. -->","yoast_head_json":{"title":"LLAVERO DE PENDULO JASPE DALMATA - PLATINUM BISUTER\u00cdA FINA","description":"El jaspe d\u00e1lmata posee propiedades f\u00edsicas y emocionales que incluyen mejorar la circulaci\u00f3n, el sue\u00f1o y la resistencia f\u00edsica. A nivel ps\u00edquico, se dice que fomenta la alegr\u00eda, la creatividad, la protecci\u00f3n contra energ\u00edas negativas, la superaci\u00f3n de miedos y el equilibrio entre energ\u00edas opuestas","robots":{"index":"index","follow":"follow","max-snippet":"max-snippet:-1","max-image-preview":"max-image-preview:large","max-video-preview":"max-video-preview:-1"},"canonical":"https:\/\/platinum.bcardmexico.com\/?product=llavero-de-pendulo-jaspe-dalmata","og_locale":"es_ES","og_type":"article","og_title":"LLAVERO DE PENDULO JASPE DALMATA","og_description":"El jaspe d\u00e1lmata posee propiedades f\u00edsicas y emocionales que incluyen mejorar la circulaci\u00f3n, el sue\u00f1o y la resistencia f\u00edsica. A nivel ps\u00edquico, se dice que fomenta la alegr\u00eda, la creatividad, la protecci\u00f3n contra energ\u00edas negativas, la superaci\u00f3n de miedos y el equilibrio entre energ\u00edas opuestas","og_url":"https:\/\/platinum.bcardmexico.com\/?product=llavero-de-pendulo-jaspe-dalmata","og_site_name":"PLATINUM BISUTER\u00cdA FINA","article_modified_time":"2025-10-21T03:17:23+00:00","og_image":[{"width":960,"height":1280,"url":"https:\/\/platinum.bcardmexico.com\/wp-content\/uploads\/2025\/10\/DALMATA-.jpg","type":"image\/jpeg"}],"twitter_card":"summary_large_image","twitter_misc":{"Tiempo de lectura":"1 minuto"},"schema":{"@context":"https:\/\/schema.org","@graph":[{"@type":"WebPage","@id":"https:\/\/platinum.bcardmexico.com\/?product=llavero-de-pendulo-jaspe-dalmata","url":"https:\/\/platinum.bcardmexico.com\/?product=llavero-de-pendulo-jaspe-dalmata","name":"LLAVERO DE PENDULO JASPE DALMATA - PLATINUM BISUTER\u00cdA FINA","isPartOf":{"@id":"https:\/\/platinum.bcardmexico.com\/#website"},"primaryImageOfPage":{"@id":"https:\/\/platinum.bcardmexico.com\/?product=llavero-de-pendulo-jaspe-dalmata#primaryimage"},"image":{"@id":"https:\/\/platinum.bcardmexico.com\/?product=llavero-de-pendulo-jaspe-dalmata#primaryimage"},"thumbnailUrl":"https:\/\/platinum.bcardmexico.com\/wp-content\/uploads\/2025\/10\/DALMATA-.jpg","datePublished":"2025-10-21T03:17:21+00:00","dateModified":"2025-10-21T03:17:23+00:00","description":"El jaspe d\u00e1lmata posee propiedades f\u00edsicas y emocionales que incluyen mejorar la circulaci\u00f3n, el sue\u00f1o y la resistencia f\u00edsica. A nivel ps\u00edquico, se dice que fomenta la alegr\u00eda, la creatividad, la protecci\u00f3n contra energ\u00edas negativas, la superaci\u00f3n de miedos y el equilibrio entre energ\u00edas opuestas","breadcrumb":{"@id":"https:\/\/platinum.bcardmexico.com\/?product=llavero-de-pendulo-jaspe-dalmata#breadcrumb"},"inLanguage":"es","potentialAction":[{"@type":"ReadAction","target":["https:\/\/platinum.bcardmexico.com\/?product=llavero-de-pendulo-jaspe-dalmata"]}]},{"@type":"ImageObject","inLanguage":"es","@id":"https:\/\/platinum.bcardmexico.com\/?product=llavero-de-pendulo-jaspe-dalmata#primaryimage","url":"https:\/\/platinum.bcardmexico.com\/wp-content\/uploads\/2025\/10\/DALMATA-.jpg","contentUrl":"https:\/\/platinum.bcardmexico.com\/wp-content\/uploads\/2025\/10\/DALMATA-.jpg","width":960,"height":1280},{"@type":"BreadcrumbList","@id":"https:\/\/platinum.bcardmexico.com\/?product=llavero-de-pendulo-jaspe-dalmata#breadcrumb","itemListElement":[{"@type":"ListItem","position":1,"name":"Portada","item":"https:\/\/platinum.bcardmexico.com\/"},{"@type":"ListItem","position":2,"name":"Shop","item":"https:\/\/platinum.bcardmexico.com\/?page_id=12"},{"@type":"ListItem","position":3,"name":"LLAVERO DE PENDULO JASPE DALMATA"}]},{"@type":"WebSite","@id":"https:\/\/platinum.bcardmexico.com\/#website","url":"https:\/\/platinum.bcardmexico.com\/","name":"PLATINUM BISUTER\u00cdA FINA","description":"PLATINUM BISUTER\u00cdA FINA","publisher":{"@id":"https:\/\/platinum.bcardmexico.com\/#organization"},"alternateName":"PLATINUM BISUTER\u00cdA FINA","potentialAction":[{"@type":"SearchAction","target":{"@type":"EntryPoint","urlTemplate":"https:\/\/platinum.bcardmexico.com\/?s={search_term_string}"},"query-input":{"@type":"PropertyValueSpecification","valueRequired":true,"valueName":"search_term_string"}}],"inLanguage":"es"},{"@type":"Organization","@id":"https:\/\/platinum.bcardmexico.com\/#organization","name":"PLATINUM BISUTER\u00cdA FINA","url":"https:\/\/platinum.bcardmexico.com\/","logo":{"@type":"ImageObject","inLanguage":"es","@id":"https:\/\/platinum.bcardmexico.com\/#\/schema\/logo\/image\/","url":"https:\/\/platinum.bcardmexico.com\/wp-content\/uploads\/2023\/09\/Logo-2x.png","contentUrl":"https:\/\/platinum.bcardmexico.com\/wp-content\/uploads\/2023\/09\/Logo-2x.png","width":314,"height":55,"caption":"PLATINUM BISUTER\u00cdA FINA"},"image":{"@id":"https:\/\/platinum.bcardmexico.com\/#\/schema\/logo\/image\/"}}]}},"_links":{"self":[{"href":"https:\/\/platinum.bcardmexico.com\/index.php?rest_route=\/wp\/v2\/product\/3007","targetHints":{"allow":["GET"]}}],"collection":[{"href":"https:\/\/platinum.bcardmexico.com\/index.php?rest_route=\/wp\/v2\/product"}],"about":[{"href":"https:\/\/platinum.bcardmexico.com\/index.php?rest_route=\/wp\/v2\/types\/product"}],"replies":[{"embeddable":true,"href":"https:\/\/platinum.bcardmexico.com\/index.php?rest_route=%2Fwp%2Fv2%2Fcomments&post=3007"}],"version-history":[{"count":1,"href":"https:\/\/platinum.bcardmexico.com\/index.php?rest_route=\/wp\/v2\/product\/3007\/revisions"}],"predecessor-version":[{"id":3009,"href":"https:\/\/platinum.bcardmexico.com\/index.php?rest_route=\/wp\/v2\/product\/3007\/revisions\/3009"}],"wp:featuredmedia":[{"embeddable":true,"href":"https:\/\/platinum.bcardmexico.com\/index.php?rest_route=\/wp\/v2\/media\/3008"}],"wp:attachment":[{"href":"https:\/\/platinum.bcardmexico.com\/index.php?rest_route=%2Fwp%2Fv2%2Fmedia&parent=3007"}],"wp:term":[{"taxonomy":"brand","embeddable":true,"href":"https:\/\/platinum.bcardmexico.com\/index.php?rest_route=%2Fwp%2Fv2%2Fetheme_brands&post=3007"},{"taxonomy":"product_brand","embeddable":true,"href":"https:\/\/platinum.bcardmexico.com\/index.php?rest_route=%2Fwp%2Fv2%2Fproduct_brand&post=3007"},{"taxonomy":"product_cat","embeddable":true,"href":"https:\/\/platinum.bcardmexico.com\/index.php?rest_route=%2Fwp%2Fv2%2Fproduct_cat&post=3007"},{"taxonomy":"product_tag","embeddable":true,"href":"https:\/\/platinum.bcardmexico.com\/index.php?rest_route=%2Fwp%2Fv2%2Fproduct_tag&post=3007"}],"curies":[{"name":"wp","href":"https:\/\/api.w.org\/{rel}","templated":true}]}}