{"id":3025,"date":"2025-10-21T03:32:56","date_gmt":"2025-10-21T03:32:56","guid":{"rendered":"https:\/\/platinum.bcardmexico.com\/?post_type=product&#038;p=3025"},"modified":"2025-10-21T03:32:57","modified_gmt":"2025-10-21T03:32:57","slug":"llavero-de-pendulo-cuarzo-verde-2","status":"publish","type":"product","link":"https:\/\/platinum.bcardmexico.com\/?product=llavero-de-pendulo-cuarzo-verde-2","title":{"rendered":"LLAVERO DE PENDULO CUARZO VERDE 2"},"content":{"rendered":"<p><span data-huuid=\"7917215800279908852\">El cuarzo verde, tambi\u00e9n conocido como aventurina,\u00a0<mark class=\"QVRyCf\">tiene propiedades relacionadas con la armon\u00eda, la sanaci\u00f3n y la prosperidad<\/mark>.\u00a0<\/span><span data-huuid=\"7917215800279911649\">Se utiliza para equilibrar el cuerpo y la mente, favorecer la estabilidad emocional y la regeneraci\u00f3n f\u00edsica.\u00a0<\/span><span data-huuid=\"7917215800279910350\">Sus beneficios incluyen la ayuda en la atracci\u00f3n de la buena suerte y la abundancia, la calma de la ansiedad, y la promoci\u00f3n de la empat\u00eda y el amor propio<\/span><\/p>\n","protected":false},"excerpt":{"rendered":"<p>PENDULO NATURAL DE CUARZO VERDE\u00a0 \u00a0CON LLAVERO \u00a0PARA HOMBRE Y MUJER<\/p>\n","protected":false},"featured_media":3026,"comment_status":"open","ping_status":"closed","template":"","meta":[],"etheme_brands":[],"product_brand":[147],"product_cat":[146],"product_tag":[],"class_list":{"0":"post-3025","1":"product","2":"type-product","3":"status-publish","4":"has-post-thumbnail","6":"product_brand-llavero","7":"product_cat-llaveros","9":"first","10":"instock","11":"shipping-taxable","12":"purchasable","13":"product-type-simple"},"yoast_head":"<!-- This site is optimized with the Yoast SEO Premium plugin v23.4 (Yoast SEO v23.4) - https:\/\/yoast.com\/wordpress\/plugins\/seo\/ -->\n<title>LLAVERO DE PENDULO CUARZO VERDE 2 - PLATINUM BISUTER\u00cdA FINA<\/title>\n<meta name=\"description\" content=\"El cuarzo verde, tambi\u00e9n conocido como aventurina, tiene propiedades relacionadas con la armon\u00eda, la sanaci\u00f3n y la prosperidad. Se utiliza para equilibrar el cuerpo y la mente, favorecer la estabilidad emocional y la regeneraci\u00f3n f\u00edsica. Sus beneficios incluyen la ayuda en la atracci\u00f3n de la buena suerte y la abundancia, la calma de la ansiedad, y la promoci\u00f3n de la empat\u00eda y el amor propio\" \/>\n<meta name=\"robots\" content=\"index, follow, max-snippet:-1, max-image-preview:large, max-video-preview:-1\" \/>\n<link rel=\"canonical\" href=\"https:\/\/platinum.bcardmexico.com\/?product=llavero-de-pendulo-cuarzo-verde-2\" \/>\n<meta property=\"og:locale\" content=\"es_ES\" \/>\n<meta property=\"og:type\" content=\"article\" \/>\n<meta property=\"og:title\" content=\"LLAVERO DE PENDULO CUARZO VERDE 2\" \/>\n<meta property=\"og:description\" content=\"El cuarzo verde, tambi\u00e9n conocido como aventurina, tiene propiedades relacionadas con la armon\u00eda, la sanaci\u00f3n y la prosperidad. Se utiliza para equilibrar el cuerpo y la mente, favorecer la estabilidad emocional y la regeneraci\u00f3n f\u00edsica. Sus beneficios incluyen la ayuda en la atracci\u00f3n de la buena suerte y la abundancia, la calma de la ansiedad, y la promoci\u00f3n de la empat\u00eda y el amor propio\" \/>\n<meta property=\"og:url\" content=\"https:\/\/platinum.bcardmexico.com\/?product=llavero-de-pendulo-cuarzo-verde-2\" \/>\n<meta property=\"og:site_name\" content=\"PLATINUM BISUTER\u00cdA FINA\" \/>\n<meta property=\"article:modified_time\" content=\"2025-10-21T03:32:57+00:00\" \/>\n<meta property=\"og:image\" content=\"https:\/\/platinum.bcardmexico.com\/wp-content\/uploads\/2025\/10\/CUARZO-VERDE-2-1.jpg\" \/>\n\t<meta property=\"og:image:width\" content=\"960\" \/>\n\t<meta property=\"og:image:height\" content=\"1280\" \/>\n\t<meta property=\"og:image:type\" content=\"image\/jpeg\" \/>\n<meta name=\"twitter:card\" content=\"summary_large_image\" \/>\n<meta name=\"twitter:label1\" content=\"Tiempo de lectura\" \/>\n\t<meta name=\"twitter:data1\" content=\"1 minuto\" \/>\n<script type=\"application\/ld+json\" class=\"yoast-schema-graph\">{\"@context\":\"https:\/\/schema.org\",\"@graph\":[{\"@type\":\"WebPage\",\"@id\":\"https:\/\/platinum.bcardmexico.com\/?product=llavero-de-pendulo-cuarzo-verde-2\",\"url\":\"https:\/\/platinum.bcardmexico.com\/?product=llavero-de-pendulo-cuarzo-verde-2\",\"name\":\"LLAVERO DE PENDULO CUARZO VERDE 2 - PLATINUM BISUTER\u00cdA FINA\",\"isPartOf\":{\"@id\":\"https:\/\/platinum.bcardmexico.com\/#website\"},\"primaryImageOfPage\":{\"@id\":\"https:\/\/platinum.bcardmexico.com\/?product=llavero-de-pendulo-cuarzo-verde-2#primaryimage\"},\"image\":{\"@id\":\"https:\/\/platinum.bcardmexico.com\/?product=llavero-de-pendulo-cuarzo-verde-2#primaryimage\"},\"thumbnailUrl\":\"https:\/\/platinum.bcardmexico.com\/wp-content\/uploads\/2025\/10\/CUARZO-VERDE-2-1.jpg\",\"datePublished\":\"2025-10-21T03:32:56+00:00\",\"dateModified\":\"2025-10-21T03:32:57+00:00\",\"description\":\"El cuarzo verde, tambi\u00e9n conocido como aventurina, tiene propiedades relacionadas con la armon\u00eda, la sanaci\u00f3n y la prosperidad. Se utiliza para equilibrar el cuerpo y la mente, favorecer la estabilidad emocional y la regeneraci\u00f3n f\u00edsica. Sus beneficios incluyen la ayuda en la atracci\u00f3n de la buena suerte y la abundancia, la calma de la ansiedad, y la promoci\u00f3n de la empat\u00eda y el amor propio\",\"breadcrumb\":{\"@id\":\"https:\/\/platinum.bcardmexico.com\/?product=llavero-de-pendulo-cuarzo-verde-2#breadcrumb\"},\"inLanguage\":\"es\",\"potentialAction\":[{\"@type\":\"ReadAction\",\"target\":[\"https:\/\/platinum.bcardmexico.com\/?product=llavero-de-pendulo-cuarzo-verde-2\"]}]},{\"@type\":\"ImageObject\",\"inLanguage\":\"es\",\"@id\":\"https:\/\/platinum.bcardmexico.com\/?product=llavero-de-pendulo-cuarzo-verde-2#primaryimage\",\"url\":\"https:\/\/platinum.bcardmexico.com\/wp-content\/uploads\/2025\/10\/CUARZO-VERDE-2-1.jpg\",\"contentUrl\":\"https:\/\/platinum.bcardmexico.com\/wp-content\/uploads\/2025\/10\/CUARZO-VERDE-2-1.jpg\",\"width\":960,\"height\":1280},{\"@type\":\"BreadcrumbList\",\"@id\":\"https:\/\/platinum.bcardmexico.com\/?product=llavero-de-pendulo-cuarzo-verde-2#breadcrumb\",\"itemListElement\":[{\"@type\":\"ListItem\",\"position\":1,\"name\":\"Portada\",\"item\":\"https:\/\/platinum.bcardmexico.com\/\"},{\"@type\":\"ListItem\",\"position\":2,\"name\":\"Shop\",\"item\":\"https:\/\/platinum.bcardmexico.com\/?page_id=12\"},{\"@type\":\"ListItem\",\"position\":3,\"name\":\"LLAVERO DE PENDULO CUARZO VERDE 2\"}]},{\"@type\":\"WebSite\",\"@id\":\"https:\/\/platinum.bcardmexico.com\/#website\",\"url\":\"https:\/\/platinum.bcardmexico.com\/\",\"name\":\"PLATINUM BISUTER\u00cdA FINA\",\"description\":\"PLATINUM BISUTER\u00cdA FINA\",\"publisher\":{\"@id\":\"https:\/\/platinum.bcardmexico.com\/#organization\"},\"alternateName\":\"PLATINUM BISUTER\u00cdA FINA\",\"potentialAction\":[{\"@type\":\"SearchAction\",\"target\":{\"@type\":\"EntryPoint\",\"urlTemplate\":\"https:\/\/platinum.bcardmexico.com\/?s={search_term_string}\"},\"query-input\":{\"@type\":\"PropertyValueSpecification\",\"valueRequired\":true,\"valueName\":\"search_term_string\"}}],\"inLanguage\":\"es\"},{\"@type\":\"Organization\",\"@id\":\"https:\/\/platinum.bcardmexico.com\/#organization\",\"name\":\"PLATINUM BISUTER\u00cdA FINA\",\"url\":\"https:\/\/platinum.bcardmexico.com\/\",\"logo\":{\"@type\":\"ImageObject\",\"inLanguage\":\"es\",\"@id\":\"https:\/\/platinum.bcardmexico.com\/#\/schema\/logo\/image\/\",\"url\":\"https:\/\/platinum.bcardmexico.com\/wp-content\/uploads\/2023\/09\/Logo-2x.png\",\"contentUrl\":\"https:\/\/platinum.bcardmexico.com\/wp-content\/uploads\/2023\/09\/Logo-2x.png\",\"width\":314,\"height\":55,\"caption\":\"PLATINUM BISUTER\u00cdA FINA\"},\"image\":{\"@id\":\"https:\/\/platinum.bcardmexico.com\/#\/schema\/logo\/image\/\"}}]}<\/script>\n<!-- \/ Yoast SEO Premium plugin. -->","yoast_head_json":{"title":"LLAVERO DE PENDULO CUARZO VERDE 2 - PLATINUM BISUTER\u00cdA FINA","description":"El cuarzo verde, tambi\u00e9n conocido como aventurina, tiene propiedades relacionadas con la armon\u00eda, la sanaci\u00f3n y la prosperidad. Se utiliza para equilibrar el cuerpo y la mente, favorecer la estabilidad emocional y la regeneraci\u00f3n f\u00edsica. Sus beneficios incluyen la ayuda en la atracci\u00f3n de la buena suerte y la abundancia, la calma de la ansiedad, y la promoci\u00f3n de la empat\u00eda y el amor propio","robots":{"index":"index","follow":"follow","max-snippet":"max-snippet:-1","max-image-preview":"max-image-preview:large","max-video-preview":"max-video-preview:-1"},"canonical":"https:\/\/platinum.bcardmexico.com\/?product=llavero-de-pendulo-cuarzo-verde-2","og_locale":"es_ES","og_type":"article","og_title":"LLAVERO DE PENDULO CUARZO VERDE 2","og_description":"El cuarzo verde, tambi\u00e9n conocido como aventurina, tiene propiedades relacionadas con la armon\u00eda, la sanaci\u00f3n y la prosperidad. Se utiliza para equilibrar el cuerpo y la mente, favorecer la estabilidad emocional y la regeneraci\u00f3n f\u00edsica. Sus beneficios incluyen la ayuda en la atracci\u00f3n de la buena suerte y la abundancia, la calma de la ansiedad, y la promoci\u00f3n de la empat\u00eda y el amor propio","og_url":"https:\/\/platinum.bcardmexico.com\/?product=llavero-de-pendulo-cuarzo-verde-2","og_site_name":"PLATINUM BISUTER\u00cdA FINA","article_modified_time":"2025-10-21T03:32:57+00:00","og_image":[{"width":960,"height":1280,"url":"https:\/\/platinum.bcardmexico.com\/wp-content\/uploads\/2025\/10\/CUARZO-VERDE-2-1.jpg","type":"image\/jpeg"}],"twitter_card":"summary_large_image","twitter_misc":{"Tiempo de lectura":"1 minuto"},"schema":{"@context":"https:\/\/schema.org","@graph":[{"@type":"WebPage","@id":"https:\/\/platinum.bcardmexico.com\/?product=llavero-de-pendulo-cuarzo-verde-2","url":"https:\/\/platinum.bcardmexico.com\/?product=llavero-de-pendulo-cuarzo-verde-2","name":"LLAVERO DE PENDULO CUARZO VERDE 2 - PLATINUM BISUTER\u00cdA FINA","isPartOf":{"@id":"https:\/\/platinum.bcardmexico.com\/#website"},"primaryImageOfPage":{"@id":"https:\/\/platinum.bcardmexico.com\/?product=llavero-de-pendulo-cuarzo-verde-2#primaryimage"},"image":{"@id":"https:\/\/platinum.bcardmexico.com\/?product=llavero-de-pendulo-cuarzo-verde-2#primaryimage"},"thumbnailUrl":"https:\/\/platinum.bcardmexico.com\/wp-content\/uploads\/2025\/10\/CUARZO-VERDE-2-1.jpg","datePublished":"2025-10-21T03:32:56+00:00","dateModified":"2025-10-21T03:32:57+00:00","description":"El cuarzo verde, tambi\u00e9n conocido como aventurina, tiene propiedades relacionadas con la armon\u00eda, la sanaci\u00f3n y la prosperidad. Se utiliza para equilibrar el cuerpo y la mente, favorecer la estabilidad emocional y la regeneraci\u00f3n f\u00edsica. Sus beneficios incluyen la ayuda en la atracci\u00f3n de la buena suerte y la abundancia, la calma de la ansiedad, y la promoci\u00f3n de la empat\u00eda y el amor propio","breadcrumb":{"@id":"https:\/\/platinum.bcardmexico.com\/?product=llavero-de-pendulo-cuarzo-verde-2#breadcrumb"},"inLanguage":"es","potentialAction":[{"@type":"ReadAction","target":["https:\/\/platinum.bcardmexico.com\/?product=llavero-de-pendulo-cuarzo-verde-2"]}]},{"@type":"ImageObject","inLanguage":"es","@id":"https:\/\/platinum.bcardmexico.com\/?product=llavero-de-pendulo-cuarzo-verde-2#primaryimage","url":"https:\/\/platinum.bcardmexico.com\/wp-content\/uploads\/2025\/10\/CUARZO-VERDE-2-1.jpg","contentUrl":"https:\/\/platinum.bcardmexico.com\/wp-content\/uploads\/2025\/10\/CUARZO-VERDE-2-1.jpg","width":960,"height":1280},{"@type":"BreadcrumbList","@id":"https:\/\/platinum.bcardmexico.com\/?product=llavero-de-pendulo-cuarzo-verde-2#breadcrumb","itemListElement":[{"@type":"ListItem","position":1,"name":"Portada","item":"https:\/\/platinum.bcardmexico.com\/"},{"@type":"ListItem","position":2,"name":"Shop","item":"https:\/\/platinum.bcardmexico.com\/?page_id=12"},{"@type":"ListItem","position":3,"name":"LLAVERO DE PENDULO CUARZO VERDE 2"}]},{"@type":"WebSite","@id":"https:\/\/platinum.bcardmexico.com\/#website","url":"https:\/\/platinum.bcardmexico.com\/","name":"PLATINUM BISUTER\u00cdA FINA","description":"PLATINUM BISUTER\u00cdA FINA","publisher":{"@id":"https:\/\/platinum.bcardmexico.com\/#organization"},"alternateName":"PLATINUM BISUTER\u00cdA FINA","potentialAction":[{"@type":"SearchAction","target":{"@type":"EntryPoint","urlTemplate":"https:\/\/platinum.bcardmexico.com\/?s={search_term_string}"},"query-input":{"@type":"PropertyValueSpecification","valueRequired":true,"valueName":"search_term_string"}}],"inLanguage":"es"},{"@type":"Organization","@id":"https:\/\/platinum.bcardmexico.com\/#organization","name":"PLATINUM BISUTER\u00cdA FINA","url":"https:\/\/platinum.bcardmexico.com\/","logo":{"@type":"ImageObject","inLanguage":"es","@id":"https:\/\/platinum.bcardmexico.com\/#\/schema\/logo\/image\/","url":"https:\/\/platinum.bcardmexico.com\/wp-content\/uploads\/2023\/09\/Logo-2x.png","contentUrl":"https:\/\/platinum.bcardmexico.com\/wp-content\/uploads\/2023\/09\/Logo-2x.png","width":314,"height":55,"caption":"PLATINUM BISUTER\u00cdA FINA"},"image":{"@id":"https:\/\/platinum.bcardmexico.com\/#\/schema\/logo\/image\/"}}]}},"_links":{"self":[{"href":"https:\/\/platinum.bcardmexico.com\/index.php?rest_route=\/wp\/v2\/product\/3025","targetHints":{"allow":["GET"]}}],"collection":[{"href":"https:\/\/platinum.bcardmexico.com\/index.php?rest_route=\/wp\/v2\/product"}],"about":[{"href":"https:\/\/platinum.bcardmexico.com\/index.php?rest_route=\/wp\/v2\/types\/product"}],"replies":[{"embeddable":true,"href":"https:\/\/platinum.bcardmexico.com\/index.php?rest_route=%2Fwp%2Fv2%2Fcomments&post=3025"}],"version-history":[{"count":1,"href":"https:\/\/platinum.bcardmexico.com\/index.php?rest_route=\/wp\/v2\/product\/3025\/revisions"}],"predecessor-version":[{"id":3027,"href":"https:\/\/platinum.bcardmexico.com\/index.php?rest_route=\/wp\/v2\/product\/3025\/revisions\/3027"}],"wp:featuredmedia":[{"embeddable":true,"href":"https:\/\/platinum.bcardmexico.com\/index.php?rest_route=\/wp\/v2\/media\/3026"}],"wp:attachment":[{"href":"https:\/\/platinum.bcardmexico.com\/index.php?rest_route=%2Fwp%2Fv2%2Fmedia&parent=3025"}],"wp:term":[{"taxonomy":"brand","embeddable":true,"href":"https:\/\/platinum.bcardmexico.com\/index.php?rest_route=%2Fwp%2Fv2%2Fetheme_brands&post=3025"},{"taxonomy":"product_brand","embeddable":true,"href":"https:\/\/platinum.bcardmexico.com\/index.php?rest_route=%2Fwp%2Fv2%2Fproduct_brand&post=3025"},{"taxonomy":"product_cat","embeddable":true,"href":"https:\/\/platinum.bcardmexico.com\/index.php?rest_route=%2Fwp%2Fv2%2Fproduct_cat&post=3025"},{"taxonomy":"product_tag","embeddable":true,"href":"https:\/\/platinum.bcardmexico.com\/index.php?rest_route=%2Fwp%2Fv2%2Fproduct_tag&post=3025"}],"curies":[{"name":"wp","href":"https:\/\/api.w.org\/{rel}","templated":true}]}}