{"id":3034,"date":"2025-10-21T03:51:35","date_gmt":"2025-10-21T03:51:35","guid":{"rendered":"https:\/\/platinum.bcardmexico.com\/?post_type=product&#038;p=3034"},"modified":"2025-10-21T03:51:36","modified_gmt":"2025-10-21T03:51:36","slug":"llavero-pendulo-rodocosita","status":"publish","type":"product","link":"https:\/\/platinum.bcardmexico.com\/?product=llavero-pendulo-rodocosita","title":{"rendered":"LLAVERO PENDULO RODOCOSITA"},"content":{"rendered":"<p><span data-huuid=\"853588644699943926\">La rodocrosita tiene <mark class=\"QVRyCf\">propiedades f\u00edsicas y curativas<\/mark>. <\/span><span data-huuid=\"853588644699943609\">F\u00edsicamente, es un carbonato de manganeso <span class=\"M5tQyf\">(<\/span><\/span><\/p>\n<div class=\"CM8kHf j86kh\" data-hveid=\"CEEQAQ\">\n<div data-expression=\"MnCO_3\">\n<div data-xpm-copy-root=\"\"><img decoding=\"async\" role=\"presentation\" src=\"image\/gif;base64,R0lGODlhAQABAIAAAP\/\/\/wAAACH5BAEAAAAALAAAAAABAAEAAAICRAEAOw==\" aria-hidden=\"true\" data-xpm-latex=\"MnCO_{3}\" data-csiid=\"_AL3aMbLHti2qtsPi_ufoQY_7\" data-atf=\"1\" \/><\/p>\n<div>MnCO3cap M n cap C cap O sub\u00edndice 3<\/div>\n<p>\ud835\udc40\ud835\udc5b\ud835\udc36\ud835\udc423<\/p><\/div>\n<\/div>\n<\/div>\n<p><span data-huuid=\"853588644699943609\"><span class=\"M5tQyf\">)<\/span> de color rosado, con dureza de 3,5 a 4 en la escala de Mohs y brillo v\u00edtreo. <\/span><span data-huuid=\"853588644699943292\">Metaf\u00f3ricamente, se considera la \u00abpiedra del amor propio\u00bb y se asocia con la sanaci\u00f3n emocional, el equilibrio del chakra del coraz\u00f3n, la mejora de la autoestima y la liberaci\u00f3n de emociones reprimidas.<span class=\"pjBG2e\" data-cid=\"ea34c02a-d3d6-4cd4-974f-d7242851034f\"><span class=\"UV3uM\">\u00a0<\/span><\/span><\/span><\/p>\n","protected":false},"excerpt":{"rendered":"<p>PENDULO NATURAL DE RODOCOSITA\u00a0 \u00a0CON LLAVERO \u00a0PARA HOMBRE Y MUJER<\/p>\n","protected":false},"featured_media":3035,"comment_status":"open","ping_status":"closed","template":"","meta":[],"etheme_brands":[],"product_brand":[147],"product_cat":[146],"product_tag":[],"class_list":{"0":"post-3034","1":"product","2":"type-product","3":"status-publish","4":"has-post-thumbnail","6":"product_brand-llavero","7":"product_cat-llaveros","9":"first","10":"instock","11":"shipping-taxable","12":"purchasable","13":"product-type-simple"},"yoast_head":"<!-- This site is optimized with the Yoast SEO Premium plugin v23.4 (Yoast SEO v23.4) - https:\/\/yoast.com\/wordpress\/plugins\/seo\/ -->\n<title>LLAVERO PENDULO RODOCOSITA - PLATINUM BISUTER\u00cdA FINA<\/title>\n<meta name=\"description\" content=\"La rodocrosita tiene propiedades f\u00edsicas y curativas. F\u00edsicamente, es un carbonato de manganeso ((MnCO_{3})) de color rosado, con dureza de 3,5 a 4 en la escala de Mohs y brillo v\u00edtreo. Metaf\u00f3ricamente, se considera la &quot;piedra del amor propio&quot; y se asocia con la sanaci\u00f3n emocional, el equilibrio del chakra del coraz\u00f3n, la mejora de la autoestima y la liberaci\u00f3n de emociones reprimidas.\u00a0\" \/>\n<meta name=\"robots\" content=\"index, follow, max-snippet:-1, max-image-preview:large, max-video-preview:-1\" \/>\n<link rel=\"canonical\" href=\"https:\/\/platinum.bcardmexico.com\/?product=llavero-pendulo-rodocosita\" \/>\n<meta property=\"og:locale\" content=\"es_ES\" \/>\n<meta property=\"og:type\" content=\"article\" \/>\n<meta property=\"og:title\" content=\"LLAVERO PENDULO RODOCOSITA\" \/>\n<meta property=\"og:description\" content=\"La rodocrosita tiene propiedades f\u00edsicas y curativas. F\u00edsicamente, es un carbonato de manganeso ((MnCO_{3})) de color rosado, con dureza de 3,5 a 4 en la escala de Mohs y brillo v\u00edtreo. Metaf\u00f3ricamente, se considera la &quot;piedra del amor propio&quot; y se asocia con la sanaci\u00f3n emocional, el equilibrio del chakra del coraz\u00f3n, la mejora de la autoestima y la liberaci\u00f3n de emociones reprimidas.\u00a0\" \/>\n<meta property=\"og:url\" content=\"https:\/\/platinum.bcardmexico.com\/?product=llavero-pendulo-rodocosita\" \/>\n<meta property=\"og:site_name\" content=\"PLATINUM BISUTER\u00cdA FINA\" \/>\n<meta property=\"article:modified_time\" content=\"2025-10-21T03:51:36+00:00\" \/>\n<meta property=\"og:image\" content=\"https:\/\/platinum.bcardmexico.com\/wp-content\/uploads\/2025\/10\/RODOCOSITA.jpeg\" \/>\n\t<meta property=\"og:image:width\" content=\"960\" \/>\n\t<meta property=\"og:image:height\" content=\"1280\" \/>\n\t<meta property=\"og:image:type\" content=\"image\/jpeg\" \/>\n<meta name=\"twitter:card\" content=\"summary_large_image\" \/>\n<meta name=\"twitter:label1\" content=\"Tiempo de lectura\" \/>\n\t<meta name=\"twitter:data1\" content=\"1 minuto\" \/>\n<script type=\"application\/ld+json\" class=\"yoast-schema-graph\">{\"@context\":\"https:\/\/schema.org\",\"@graph\":[{\"@type\":\"WebPage\",\"@id\":\"https:\/\/platinum.bcardmexico.com\/?product=llavero-pendulo-rodocosita\",\"url\":\"https:\/\/platinum.bcardmexico.com\/?product=llavero-pendulo-rodocosita\",\"name\":\"LLAVERO PENDULO RODOCOSITA - PLATINUM BISUTER\u00cdA FINA\",\"isPartOf\":{\"@id\":\"https:\/\/platinum.bcardmexico.com\/#website\"},\"primaryImageOfPage\":{\"@id\":\"https:\/\/platinum.bcardmexico.com\/?product=llavero-pendulo-rodocosita#primaryimage\"},\"image\":{\"@id\":\"https:\/\/platinum.bcardmexico.com\/?product=llavero-pendulo-rodocosita#primaryimage\"},\"thumbnailUrl\":\"https:\/\/platinum.bcardmexico.com\/wp-content\/uploads\/2025\/10\/RODOCOSITA.jpeg\",\"datePublished\":\"2025-10-21T03:51:35+00:00\",\"dateModified\":\"2025-10-21T03:51:36+00:00\",\"description\":\"La rodocrosita tiene propiedades f\u00edsicas y curativas. F\u00edsicamente, es un carbonato de manganeso (\\\\(MnCO_{3}\\\\)) de color rosado, con dureza de 3,5 a 4 en la escala de Mohs y brillo v\u00edtreo. Metaf\u00f3ricamente, se considera la \\\"piedra del amor propio\\\" y se asocia con la sanaci\u00f3n emocional, el equilibrio del chakra del coraz\u00f3n, la mejora de la autoestima y la liberaci\u00f3n de emociones reprimidas.\u00a0\",\"breadcrumb\":{\"@id\":\"https:\/\/platinum.bcardmexico.com\/?product=llavero-pendulo-rodocosita#breadcrumb\"},\"inLanguage\":\"es\",\"potentialAction\":[{\"@type\":\"ReadAction\",\"target\":[\"https:\/\/platinum.bcardmexico.com\/?product=llavero-pendulo-rodocosita\"]}]},{\"@type\":\"ImageObject\",\"inLanguage\":\"es\",\"@id\":\"https:\/\/platinum.bcardmexico.com\/?product=llavero-pendulo-rodocosita#primaryimage\",\"url\":\"https:\/\/platinum.bcardmexico.com\/wp-content\/uploads\/2025\/10\/RODOCOSITA.jpeg\",\"contentUrl\":\"https:\/\/platinum.bcardmexico.com\/wp-content\/uploads\/2025\/10\/RODOCOSITA.jpeg\",\"width\":960,\"height\":1280},{\"@type\":\"BreadcrumbList\",\"@id\":\"https:\/\/platinum.bcardmexico.com\/?product=llavero-pendulo-rodocosita#breadcrumb\",\"itemListElement\":[{\"@type\":\"ListItem\",\"position\":1,\"name\":\"Portada\",\"item\":\"https:\/\/platinum.bcardmexico.com\/\"},{\"@type\":\"ListItem\",\"position\":2,\"name\":\"Shop\",\"item\":\"https:\/\/platinum.bcardmexico.com\/?page_id=12\"},{\"@type\":\"ListItem\",\"position\":3,\"name\":\"LLAVERO PENDULO RODOCOSITA\"}]},{\"@type\":\"WebSite\",\"@id\":\"https:\/\/platinum.bcardmexico.com\/#website\",\"url\":\"https:\/\/platinum.bcardmexico.com\/\",\"name\":\"PLATINUM BISUTER\u00cdA FINA\",\"description\":\"PLATINUM BISUTER\u00cdA FINA\",\"publisher\":{\"@id\":\"https:\/\/platinum.bcardmexico.com\/#organization\"},\"alternateName\":\"PLATINUM BISUTER\u00cdA FINA\",\"potentialAction\":[{\"@type\":\"SearchAction\",\"target\":{\"@type\":\"EntryPoint\",\"urlTemplate\":\"https:\/\/platinum.bcardmexico.com\/?s={search_term_string}\"},\"query-input\":{\"@type\":\"PropertyValueSpecification\",\"valueRequired\":true,\"valueName\":\"search_term_string\"}}],\"inLanguage\":\"es\"},{\"@type\":\"Organization\",\"@id\":\"https:\/\/platinum.bcardmexico.com\/#organization\",\"name\":\"PLATINUM BISUTER\u00cdA FINA\",\"url\":\"https:\/\/platinum.bcardmexico.com\/\",\"logo\":{\"@type\":\"ImageObject\",\"inLanguage\":\"es\",\"@id\":\"https:\/\/platinum.bcardmexico.com\/#\/schema\/logo\/image\/\",\"url\":\"https:\/\/platinum.bcardmexico.com\/wp-content\/uploads\/2023\/09\/Logo-2x.png\",\"contentUrl\":\"https:\/\/platinum.bcardmexico.com\/wp-content\/uploads\/2023\/09\/Logo-2x.png\",\"width\":314,\"height\":55,\"caption\":\"PLATINUM BISUTER\u00cdA FINA\"},\"image\":{\"@id\":\"https:\/\/platinum.bcardmexico.com\/#\/schema\/logo\/image\/\"}}]}<\/script>\n<!-- \/ Yoast SEO Premium plugin. -->","yoast_head_json":{"title":"LLAVERO PENDULO RODOCOSITA - PLATINUM BISUTER\u00cdA FINA","description":"La rodocrosita tiene propiedades f\u00edsicas y curativas. F\u00edsicamente, es un carbonato de manganeso ((MnCO_{3})) de color rosado, con dureza de 3,5 a 4 en la escala de Mohs y brillo v\u00edtreo. Metaf\u00f3ricamente, se considera la \"piedra del amor propio\" y se asocia con la sanaci\u00f3n emocional, el equilibrio del chakra del coraz\u00f3n, la mejora de la autoestima y la liberaci\u00f3n de emociones reprimidas.\u00a0","robots":{"index":"index","follow":"follow","max-snippet":"max-snippet:-1","max-image-preview":"max-image-preview:large","max-video-preview":"max-video-preview:-1"},"canonical":"https:\/\/platinum.bcardmexico.com\/?product=llavero-pendulo-rodocosita","og_locale":"es_ES","og_type":"article","og_title":"LLAVERO PENDULO RODOCOSITA","og_description":"La rodocrosita tiene propiedades f\u00edsicas y curativas. F\u00edsicamente, es un carbonato de manganeso ((MnCO_{3})) de color rosado, con dureza de 3,5 a 4 en la escala de Mohs y brillo v\u00edtreo. Metaf\u00f3ricamente, se considera la \"piedra del amor propio\" y se asocia con la sanaci\u00f3n emocional, el equilibrio del chakra del coraz\u00f3n, la mejora de la autoestima y la liberaci\u00f3n de emociones reprimidas.\u00a0","og_url":"https:\/\/platinum.bcardmexico.com\/?product=llavero-pendulo-rodocosita","og_site_name":"PLATINUM BISUTER\u00cdA FINA","article_modified_time":"2025-10-21T03:51:36+00:00","og_image":[{"width":960,"height":1280,"url":"https:\/\/platinum.bcardmexico.com\/wp-content\/uploads\/2025\/10\/RODOCOSITA.jpeg","type":"image\/jpeg"}],"twitter_card":"summary_large_image","twitter_misc":{"Tiempo de lectura":"1 minuto"},"schema":{"@context":"https:\/\/schema.org","@graph":[{"@type":"WebPage","@id":"https:\/\/platinum.bcardmexico.com\/?product=llavero-pendulo-rodocosita","url":"https:\/\/platinum.bcardmexico.com\/?product=llavero-pendulo-rodocosita","name":"LLAVERO PENDULO RODOCOSITA - PLATINUM BISUTER\u00cdA FINA","isPartOf":{"@id":"https:\/\/platinum.bcardmexico.com\/#website"},"primaryImageOfPage":{"@id":"https:\/\/platinum.bcardmexico.com\/?product=llavero-pendulo-rodocosita#primaryimage"},"image":{"@id":"https:\/\/platinum.bcardmexico.com\/?product=llavero-pendulo-rodocosita#primaryimage"},"thumbnailUrl":"https:\/\/platinum.bcardmexico.com\/wp-content\/uploads\/2025\/10\/RODOCOSITA.jpeg","datePublished":"2025-10-21T03:51:35+00:00","dateModified":"2025-10-21T03:51:36+00:00","description":"La rodocrosita tiene propiedades f\u00edsicas y curativas. F\u00edsicamente, es un carbonato de manganeso (\\(MnCO_{3}\\)) de color rosado, con dureza de 3,5 a 4 en la escala de Mohs y brillo v\u00edtreo. Metaf\u00f3ricamente, se considera la \"piedra del amor propio\" y se asocia con la sanaci\u00f3n emocional, el equilibrio del chakra del coraz\u00f3n, la mejora de la autoestima y la liberaci\u00f3n de emociones reprimidas.\u00a0","breadcrumb":{"@id":"https:\/\/platinum.bcardmexico.com\/?product=llavero-pendulo-rodocosita#breadcrumb"},"inLanguage":"es","potentialAction":[{"@type":"ReadAction","target":["https:\/\/platinum.bcardmexico.com\/?product=llavero-pendulo-rodocosita"]}]},{"@type":"ImageObject","inLanguage":"es","@id":"https:\/\/platinum.bcardmexico.com\/?product=llavero-pendulo-rodocosita#primaryimage","url":"https:\/\/platinum.bcardmexico.com\/wp-content\/uploads\/2025\/10\/RODOCOSITA.jpeg","contentUrl":"https:\/\/platinum.bcardmexico.com\/wp-content\/uploads\/2025\/10\/RODOCOSITA.jpeg","width":960,"height":1280},{"@type":"BreadcrumbList","@id":"https:\/\/platinum.bcardmexico.com\/?product=llavero-pendulo-rodocosita#breadcrumb","itemListElement":[{"@type":"ListItem","position":1,"name":"Portada","item":"https:\/\/platinum.bcardmexico.com\/"},{"@type":"ListItem","position":2,"name":"Shop","item":"https:\/\/platinum.bcardmexico.com\/?page_id=12"},{"@type":"ListItem","position":3,"name":"LLAVERO PENDULO RODOCOSITA"}]},{"@type":"WebSite","@id":"https:\/\/platinum.bcardmexico.com\/#website","url":"https:\/\/platinum.bcardmexico.com\/","name":"PLATINUM BISUTER\u00cdA FINA","description":"PLATINUM BISUTER\u00cdA FINA","publisher":{"@id":"https:\/\/platinum.bcardmexico.com\/#organization"},"alternateName":"PLATINUM BISUTER\u00cdA FINA","potentialAction":[{"@type":"SearchAction","target":{"@type":"EntryPoint","urlTemplate":"https:\/\/platinum.bcardmexico.com\/?s={search_term_string}"},"query-input":{"@type":"PropertyValueSpecification","valueRequired":true,"valueName":"search_term_string"}}],"inLanguage":"es"},{"@type":"Organization","@id":"https:\/\/platinum.bcardmexico.com\/#organization","name":"PLATINUM BISUTER\u00cdA FINA","url":"https:\/\/platinum.bcardmexico.com\/","logo":{"@type":"ImageObject","inLanguage":"es","@id":"https:\/\/platinum.bcardmexico.com\/#\/schema\/logo\/image\/","url":"https:\/\/platinum.bcardmexico.com\/wp-content\/uploads\/2023\/09\/Logo-2x.png","contentUrl":"https:\/\/platinum.bcardmexico.com\/wp-content\/uploads\/2023\/09\/Logo-2x.png","width":314,"height":55,"caption":"PLATINUM BISUTER\u00cdA FINA"},"image":{"@id":"https:\/\/platinum.bcardmexico.com\/#\/schema\/logo\/image\/"}}]}},"_links":{"self":[{"href":"https:\/\/platinum.bcardmexico.com\/index.php?rest_route=\/wp\/v2\/product\/3034","targetHints":{"allow":["GET"]}}],"collection":[{"href":"https:\/\/platinum.bcardmexico.com\/index.php?rest_route=\/wp\/v2\/product"}],"about":[{"href":"https:\/\/platinum.bcardmexico.com\/index.php?rest_route=\/wp\/v2\/types\/product"}],"replies":[{"embeddable":true,"href":"https:\/\/platinum.bcardmexico.com\/index.php?rest_route=%2Fwp%2Fv2%2Fcomments&post=3034"}],"version-history":[{"count":1,"href":"https:\/\/platinum.bcardmexico.com\/index.php?rest_route=\/wp\/v2\/product\/3034\/revisions"}],"predecessor-version":[{"id":3036,"href":"https:\/\/platinum.bcardmexico.com\/index.php?rest_route=\/wp\/v2\/product\/3034\/revisions\/3036"}],"wp:featuredmedia":[{"embeddable":true,"href":"https:\/\/platinum.bcardmexico.com\/index.php?rest_route=\/wp\/v2\/media\/3035"}],"wp:attachment":[{"href":"https:\/\/platinum.bcardmexico.com\/index.php?rest_route=%2Fwp%2Fv2%2Fmedia&parent=3034"}],"wp:term":[{"taxonomy":"brand","embeddable":true,"href":"https:\/\/platinum.bcardmexico.com\/index.php?rest_route=%2Fwp%2Fv2%2Fetheme_brands&post=3034"},{"taxonomy":"product_brand","embeddable":true,"href":"https:\/\/platinum.bcardmexico.com\/index.php?rest_route=%2Fwp%2Fv2%2Fproduct_brand&post=3034"},{"taxonomy":"product_cat","embeddable":true,"href":"https:\/\/platinum.bcardmexico.com\/index.php?rest_route=%2Fwp%2Fv2%2Fproduct_cat&post=3034"},{"taxonomy":"product_tag","embeddable":true,"href":"https:\/\/platinum.bcardmexico.com\/index.php?rest_route=%2Fwp%2Fv2%2Fproduct_tag&post=3034"}],"curies":[{"name":"wp","href":"https:\/\/api.w.org\/{rel}","templated":true}]}}