{"id":3041,"date":"2025-10-21T04:00:11","date_gmt":"2025-10-21T04:00:11","guid":{"rendered":"https:\/\/platinum.bcardmexico.com\/?post_type=product&#038;p=3041"},"modified":"2025-10-21T04:00:12","modified_gmt":"2025-10-21T04:00:12","slug":"llavero-de-pendulo-agata-morada","status":"publish","type":"product","link":"https:\/\/platinum.bcardmexico.com\/?product=llavero-de-pendulo-agata-morada","title":{"rendered":"LLAVERO DE PENDULO AGATA MORADA"},"content":{"rendered":"<p>El ojo de \u00e1gata morada tiene\u00a0<mark class=\"HxTRcb\">propiedades curativas y energ\u00e9ticas que fomentan la\u00a0<strong class=\"Yjhzub\">calma<\/strong>, el\u00a0<strong class=\"Yjhzub\">equilibrio<\/strong>\u00a0y la\u00a0<strong class=\"Yjhzub\">transformaci\u00f3n espiritual<\/strong><\/mark>. Se asocia con el chakra del tercer ojo, promoviendo la\u00a0<strong class=\"Yjhzub\">intuici\u00f3n<\/strong>, la\u00a0<strong class=\"Yjhzub\">claridad mental<\/strong>\u00a0y la\u00a0<strong class=\"Yjhzub\">conexi\u00f3n con la espiritualidad<\/strong>. Adem\u00e1s de estos beneficios, tambi\u00e9n puede aportar\u00a0<strong class=\"Yjhzub\">protecci\u00f3n<\/strong>\u00a0contra energ\u00edas negativas, fortalecer la\u00a0<strong class=\"Yjhzub\">confianza<\/strong>\u00a0y ayudar a\u00a0<strong class=\"Yjhzub\">aliviar el estr\u00e9s<\/strong>\u00a0y la tensi\u00f3n.<span class=\"uJ19be notranslate\" data-wiz-uids=\"yReDQb_k,yReDQb_l\"><span class=\"vKEkVd\" data-animation-atomic=\"\">\u00a0<\/span><\/span><\/p>\n","protected":false},"excerpt":{"rendered":"<p>PENDULO NATURAL DE AGATA MORADA\u00a0 \u00a0CON LLAVERO \u00a0PARA HOMBRE Y MUJER<\/p>\n","protected":false},"featured_media":3042,"comment_status":"open","ping_status":"closed","template":"","meta":[],"etheme_brands":[],"product_brand":[147],"product_cat":[146],"product_tag":[],"class_list":{"0":"post-3041","1":"product","2":"type-product","3":"status-publish","4":"has-post-thumbnail","6":"product_brand-llavero","7":"product_cat-llaveros","9":"first","10":"instock","11":"shipping-taxable","12":"purchasable","13":"product-type-simple"},"yoast_head":"<!-- This site is optimized with the Yoast SEO Premium plugin v23.4 (Yoast SEO v23.4) - https:\/\/yoast.com\/wordpress\/plugins\/seo\/ -->\n<title>LLAVERO DE PENDULO AGATA MORADA - PLATINUM BISUTER\u00cdA FINA<\/title>\n<meta name=\"description\" content=\"El ojo de \u00e1gata morada tiene propiedades curativas y energ\u00e9ticas que fomentan la calma, el equilibrio y la transformaci\u00f3n espiritual. Se asocia con el chakra del tercer ojo, promoviendo la intuici\u00f3n, la claridad mental y la conexi\u00f3n con la espiritualidad. Adem\u00e1s de estos beneficios, tambi\u00e9n puede aportar protecci\u00f3n contra energ\u00edas negativas, fortalecer la confianza y ayudar a aliviar el estr\u00e9s y la tensi\u00f3n.\" \/>\n<meta name=\"robots\" content=\"index, follow, max-snippet:-1, max-image-preview:large, max-video-preview:-1\" \/>\n<link rel=\"canonical\" href=\"https:\/\/platinum.bcardmexico.com\/?product=llavero-de-pendulo-agata-morada\" \/>\n<meta property=\"og:locale\" content=\"es_ES\" \/>\n<meta property=\"og:type\" content=\"article\" \/>\n<meta property=\"og:title\" content=\"LLAVERO DE PENDULO AGATA MORADA\" \/>\n<meta property=\"og:description\" content=\"El ojo de \u00e1gata morada tiene propiedades curativas y energ\u00e9ticas que fomentan la calma, el equilibrio y la transformaci\u00f3n espiritual. Se asocia con el chakra del tercer ojo, promoviendo la intuici\u00f3n, la claridad mental y la conexi\u00f3n con la espiritualidad. Adem\u00e1s de estos beneficios, tambi\u00e9n puede aportar protecci\u00f3n contra energ\u00edas negativas, fortalecer la confianza y ayudar a aliviar el estr\u00e9s y la tensi\u00f3n.\" \/>\n<meta property=\"og:url\" content=\"https:\/\/platinum.bcardmexico.com\/?product=llavero-de-pendulo-agata-morada\" \/>\n<meta property=\"og:site_name\" content=\"PLATINUM BISUTER\u00cdA FINA\" \/>\n<meta property=\"article:modified_time\" content=\"2025-10-21T04:00:12+00:00\" \/>\n<meta property=\"og:image\" content=\"https:\/\/platinum.bcardmexico.com\/wp-content\/uploads\/2025\/10\/WhatsApp-Image-2025-10-20-at-20.56.22-1.jpeg\" \/>\n\t<meta property=\"og:image:width\" content=\"960\" \/>\n\t<meta property=\"og:image:height\" content=\"1280\" \/>\n\t<meta property=\"og:image:type\" content=\"image\/jpeg\" \/>\n<meta name=\"twitter:card\" content=\"summary_large_image\" \/>\n<meta name=\"twitter:label1\" content=\"Tiempo de lectura\" \/>\n\t<meta name=\"twitter:data1\" content=\"1 minuto\" \/>\n<script type=\"application\/ld+json\" class=\"yoast-schema-graph\">{\"@context\":\"https:\/\/schema.org\",\"@graph\":[{\"@type\":\"WebPage\",\"@id\":\"https:\/\/platinum.bcardmexico.com\/?product=llavero-de-pendulo-agata-morada\",\"url\":\"https:\/\/platinum.bcardmexico.com\/?product=llavero-de-pendulo-agata-morada\",\"name\":\"LLAVERO DE PENDULO AGATA MORADA - PLATINUM BISUTER\u00cdA FINA\",\"isPartOf\":{\"@id\":\"https:\/\/platinum.bcardmexico.com\/#website\"},\"primaryImageOfPage\":{\"@id\":\"https:\/\/platinum.bcardmexico.com\/?product=llavero-de-pendulo-agata-morada#primaryimage\"},\"image\":{\"@id\":\"https:\/\/platinum.bcardmexico.com\/?product=llavero-de-pendulo-agata-morada#primaryimage\"},\"thumbnailUrl\":\"https:\/\/platinum.bcardmexico.com\/wp-content\/uploads\/2025\/10\/WhatsApp-Image-2025-10-20-at-20.56.22-1.jpeg\",\"datePublished\":\"2025-10-21T04:00:11+00:00\",\"dateModified\":\"2025-10-21T04:00:12+00:00\",\"description\":\"El ojo de \u00e1gata morada tiene propiedades curativas y energ\u00e9ticas que fomentan la calma, el equilibrio y la transformaci\u00f3n espiritual. Se asocia con el chakra del tercer ojo, promoviendo la intuici\u00f3n, la claridad mental y la conexi\u00f3n con la espiritualidad. Adem\u00e1s de estos beneficios, tambi\u00e9n puede aportar protecci\u00f3n contra energ\u00edas negativas, fortalecer la confianza y ayudar a aliviar el estr\u00e9s y la tensi\u00f3n.\",\"breadcrumb\":{\"@id\":\"https:\/\/platinum.bcardmexico.com\/?product=llavero-de-pendulo-agata-morada#breadcrumb\"},\"inLanguage\":\"es\",\"potentialAction\":[{\"@type\":\"ReadAction\",\"target\":[\"https:\/\/platinum.bcardmexico.com\/?product=llavero-de-pendulo-agata-morada\"]}]},{\"@type\":\"ImageObject\",\"inLanguage\":\"es\",\"@id\":\"https:\/\/platinum.bcardmexico.com\/?product=llavero-de-pendulo-agata-morada#primaryimage\",\"url\":\"https:\/\/platinum.bcardmexico.com\/wp-content\/uploads\/2025\/10\/WhatsApp-Image-2025-10-20-at-20.56.22-1.jpeg\",\"contentUrl\":\"https:\/\/platinum.bcardmexico.com\/wp-content\/uploads\/2025\/10\/WhatsApp-Image-2025-10-20-at-20.56.22-1.jpeg\",\"width\":960,\"height\":1280},{\"@type\":\"BreadcrumbList\",\"@id\":\"https:\/\/platinum.bcardmexico.com\/?product=llavero-de-pendulo-agata-morada#breadcrumb\",\"itemListElement\":[{\"@type\":\"ListItem\",\"position\":1,\"name\":\"Portada\",\"item\":\"https:\/\/platinum.bcardmexico.com\/\"},{\"@type\":\"ListItem\",\"position\":2,\"name\":\"Shop\",\"item\":\"https:\/\/platinum.bcardmexico.com\/?page_id=12\"},{\"@type\":\"ListItem\",\"position\":3,\"name\":\"LLAVERO DE PENDULO AGATA MORADA\"}]},{\"@type\":\"WebSite\",\"@id\":\"https:\/\/platinum.bcardmexico.com\/#website\",\"url\":\"https:\/\/platinum.bcardmexico.com\/\",\"name\":\"PLATINUM BISUTER\u00cdA FINA\",\"description\":\"PLATINUM BISUTER\u00cdA FINA\",\"publisher\":{\"@id\":\"https:\/\/platinum.bcardmexico.com\/#organization\"},\"alternateName\":\"PLATINUM BISUTER\u00cdA FINA\",\"potentialAction\":[{\"@type\":\"SearchAction\",\"target\":{\"@type\":\"EntryPoint\",\"urlTemplate\":\"https:\/\/platinum.bcardmexico.com\/?s={search_term_string}\"},\"query-input\":{\"@type\":\"PropertyValueSpecification\",\"valueRequired\":true,\"valueName\":\"search_term_string\"}}],\"inLanguage\":\"es\"},{\"@type\":\"Organization\",\"@id\":\"https:\/\/platinum.bcardmexico.com\/#organization\",\"name\":\"PLATINUM BISUTER\u00cdA FINA\",\"url\":\"https:\/\/platinum.bcardmexico.com\/\",\"logo\":{\"@type\":\"ImageObject\",\"inLanguage\":\"es\",\"@id\":\"https:\/\/platinum.bcardmexico.com\/#\/schema\/logo\/image\/\",\"url\":\"https:\/\/platinum.bcardmexico.com\/wp-content\/uploads\/2023\/09\/Logo-2x.png\",\"contentUrl\":\"https:\/\/platinum.bcardmexico.com\/wp-content\/uploads\/2023\/09\/Logo-2x.png\",\"width\":314,\"height\":55,\"caption\":\"PLATINUM BISUTER\u00cdA FINA\"},\"image\":{\"@id\":\"https:\/\/platinum.bcardmexico.com\/#\/schema\/logo\/image\/\"}}]}<\/script>\n<!-- \/ Yoast SEO Premium plugin. -->","yoast_head_json":{"title":"LLAVERO DE PENDULO AGATA MORADA - PLATINUM BISUTER\u00cdA FINA","description":"El ojo de \u00e1gata morada tiene propiedades curativas y energ\u00e9ticas que fomentan la calma, el equilibrio y la transformaci\u00f3n espiritual. Se asocia con el chakra del tercer ojo, promoviendo la intuici\u00f3n, la claridad mental y la conexi\u00f3n con la espiritualidad. Adem\u00e1s de estos beneficios, tambi\u00e9n puede aportar protecci\u00f3n contra energ\u00edas negativas, fortalecer la confianza y ayudar a aliviar el estr\u00e9s y la tensi\u00f3n.","robots":{"index":"index","follow":"follow","max-snippet":"max-snippet:-1","max-image-preview":"max-image-preview:large","max-video-preview":"max-video-preview:-1"},"canonical":"https:\/\/platinum.bcardmexico.com\/?product=llavero-de-pendulo-agata-morada","og_locale":"es_ES","og_type":"article","og_title":"LLAVERO DE PENDULO AGATA MORADA","og_description":"El ojo de \u00e1gata morada tiene propiedades curativas y energ\u00e9ticas que fomentan la calma, el equilibrio y la transformaci\u00f3n espiritual. Se asocia con el chakra del tercer ojo, promoviendo la intuici\u00f3n, la claridad mental y la conexi\u00f3n con la espiritualidad. Adem\u00e1s de estos beneficios, tambi\u00e9n puede aportar protecci\u00f3n contra energ\u00edas negativas, fortalecer la confianza y ayudar a aliviar el estr\u00e9s y la tensi\u00f3n.","og_url":"https:\/\/platinum.bcardmexico.com\/?product=llavero-de-pendulo-agata-morada","og_site_name":"PLATINUM BISUTER\u00cdA FINA","article_modified_time":"2025-10-21T04:00:12+00:00","og_image":[{"width":960,"height":1280,"url":"https:\/\/platinum.bcardmexico.com\/wp-content\/uploads\/2025\/10\/WhatsApp-Image-2025-10-20-at-20.56.22-1.jpeg","type":"image\/jpeg"}],"twitter_card":"summary_large_image","twitter_misc":{"Tiempo de lectura":"1 minuto"},"schema":{"@context":"https:\/\/schema.org","@graph":[{"@type":"WebPage","@id":"https:\/\/platinum.bcardmexico.com\/?product=llavero-de-pendulo-agata-morada","url":"https:\/\/platinum.bcardmexico.com\/?product=llavero-de-pendulo-agata-morada","name":"LLAVERO DE PENDULO AGATA MORADA - PLATINUM BISUTER\u00cdA FINA","isPartOf":{"@id":"https:\/\/platinum.bcardmexico.com\/#website"},"primaryImageOfPage":{"@id":"https:\/\/platinum.bcardmexico.com\/?product=llavero-de-pendulo-agata-morada#primaryimage"},"image":{"@id":"https:\/\/platinum.bcardmexico.com\/?product=llavero-de-pendulo-agata-morada#primaryimage"},"thumbnailUrl":"https:\/\/platinum.bcardmexico.com\/wp-content\/uploads\/2025\/10\/WhatsApp-Image-2025-10-20-at-20.56.22-1.jpeg","datePublished":"2025-10-21T04:00:11+00:00","dateModified":"2025-10-21T04:00:12+00:00","description":"El ojo de \u00e1gata morada tiene propiedades curativas y energ\u00e9ticas que fomentan la calma, el equilibrio y la transformaci\u00f3n espiritual. Se asocia con el chakra del tercer ojo, promoviendo la intuici\u00f3n, la claridad mental y la conexi\u00f3n con la espiritualidad. Adem\u00e1s de estos beneficios, tambi\u00e9n puede aportar protecci\u00f3n contra energ\u00edas negativas, fortalecer la confianza y ayudar a aliviar el estr\u00e9s y la tensi\u00f3n.","breadcrumb":{"@id":"https:\/\/platinum.bcardmexico.com\/?product=llavero-de-pendulo-agata-morada#breadcrumb"},"inLanguage":"es","potentialAction":[{"@type":"ReadAction","target":["https:\/\/platinum.bcardmexico.com\/?product=llavero-de-pendulo-agata-morada"]}]},{"@type":"ImageObject","inLanguage":"es","@id":"https:\/\/platinum.bcardmexico.com\/?product=llavero-de-pendulo-agata-morada#primaryimage","url":"https:\/\/platinum.bcardmexico.com\/wp-content\/uploads\/2025\/10\/WhatsApp-Image-2025-10-20-at-20.56.22-1.jpeg","contentUrl":"https:\/\/platinum.bcardmexico.com\/wp-content\/uploads\/2025\/10\/WhatsApp-Image-2025-10-20-at-20.56.22-1.jpeg","width":960,"height":1280},{"@type":"BreadcrumbList","@id":"https:\/\/platinum.bcardmexico.com\/?product=llavero-de-pendulo-agata-morada#breadcrumb","itemListElement":[{"@type":"ListItem","position":1,"name":"Portada","item":"https:\/\/platinum.bcardmexico.com\/"},{"@type":"ListItem","position":2,"name":"Shop","item":"https:\/\/platinum.bcardmexico.com\/?page_id=12"},{"@type":"ListItem","position":3,"name":"LLAVERO DE PENDULO AGATA MORADA"}]},{"@type":"WebSite","@id":"https:\/\/platinum.bcardmexico.com\/#website","url":"https:\/\/platinum.bcardmexico.com\/","name":"PLATINUM BISUTER\u00cdA FINA","description":"PLATINUM BISUTER\u00cdA FINA","publisher":{"@id":"https:\/\/platinum.bcardmexico.com\/#organization"},"alternateName":"PLATINUM BISUTER\u00cdA FINA","potentialAction":[{"@type":"SearchAction","target":{"@type":"EntryPoint","urlTemplate":"https:\/\/platinum.bcardmexico.com\/?s={search_term_string}"},"query-input":{"@type":"PropertyValueSpecification","valueRequired":true,"valueName":"search_term_string"}}],"inLanguage":"es"},{"@type":"Organization","@id":"https:\/\/platinum.bcardmexico.com\/#organization","name":"PLATINUM BISUTER\u00cdA FINA","url":"https:\/\/platinum.bcardmexico.com\/","logo":{"@type":"ImageObject","inLanguage":"es","@id":"https:\/\/platinum.bcardmexico.com\/#\/schema\/logo\/image\/","url":"https:\/\/platinum.bcardmexico.com\/wp-content\/uploads\/2023\/09\/Logo-2x.png","contentUrl":"https:\/\/platinum.bcardmexico.com\/wp-content\/uploads\/2023\/09\/Logo-2x.png","width":314,"height":55,"caption":"PLATINUM BISUTER\u00cdA FINA"},"image":{"@id":"https:\/\/platinum.bcardmexico.com\/#\/schema\/logo\/image\/"}}]}},"_links":{"self":[{"href":"https:\/\/platinum.bcardmexico.com\/index.php?rest_route=\/wp\/v2\/product\/3041","targetHints":{"allow":["GET"]}}],"collection":[{"href":"https:\/\/platinum.bcardmexico.com\/index.php?rest_route=\/wp\/v2\/product"}],"about":[{"href":"https:\/\/platinum.bcardmexico.com\/index.php?rest_route=\/wp\/v2\/types\/product"}],"replies":[{"embeddable":true,"href":"https:\/\/platinum.bcardmexico.com\/index.php?rest_route=%2Fwp%2Fv2%2Fcomments&post=3041"}],"version-history":[{"count":1,"href":"https:\/\/platinum.bcardmexico.com\/index.php?rest_route=\/wp\/v2\/product\/3041\/revisions"}],"predecessor-version":[{"id":3043,"href":"https:\/\/platinum.bcardmexico.com\/index.php?rest_route=\/wp\/v2\/product\/3041\/revisions\/3043"}],"wp:featuredmedia":[{"embeddable":true,"href":"https:\/\/platinum.bcardmexico.com\/index.php?rest_route=\/wp\/v2\/media\/3042"}],"wp:attachment":[{"href":"https:\/\/platinum.bcardmexico.com\/index.php?rest_route=%2Fwp%2Fv2%2Fmedia&parent=3041"}],"wp:term":[{"taxonomy":"brand","embeddable":true,"href":"https:\/\/platinum.bcardmexico.com\/index.php?rest_route=%2Fwp%2Fv2%2Fetheme_brands&post=3041"},{"taxonomy":"product_brand","embeddable":true,"href":"https:\/\/platinum.bcardmexico.com\/index.php?rest_route=%2Fwp%2Fv2%2Fproduct_brand&post=3041"},{"taxonomy":"product_cat","embeddable":true,"href":"https:\/\/platinum.bcardmexico.com\/index.php?rest_route=%2Fwp%2Fv2%2Fproduct_cat&post=3041"},{"taxonomy":"product_tag","embeddable":true,"href":"https:\/\/platinum.bcardmexico.com\/index.php?rest_route=%2Fwp%2Fv2%2Fproduct_tag&post=3041"}],"curies":[{"name":"wp","href":"https:\/\/api.w.org\/{rel}","templated":true}]}}