{"id":3053,"date":"2025-10-21T04:11:45","date_gmt":"2025-10-21T04:11:45","guid":{"rendered":"https:\/\/platinum.bcardmexico.com\/?post_type=product&#038;p=3053"},"modified":"2025-10-21T04:11:46","modified_gmt":"2025-10-21T04:11:46","slug":"llavero-pendulo-sodalita","status":"publish","type":"product","link":"https:\/\/platinum.bcardmexico.com\/?product=llavero-pendulo-sodalita","title":{"rendered":"LLAVERO  PENDULO SODALITA"},"content":{"rendered":"<p><span data-huuid=\"637218339548480569\">La sodalita es un mineral de color azul, a menudo con vetas blancas, conocido como la \u00abpiedra de la l\u00f3gica\u00bb por su capacidad para potenciar la claridad mental, la comunicaci\u00f3n y el pensamiento l\u00f3gico.\u00a0<\/span><span data-huuid=\"637218339548483206\">Se le atribuyen\u00a0<mark class=\"QVRyCf\">propiedades calmantes que ayudan a reducir la ansiedad y el estr\u00e9s, adem\u00e1s de fortalecer la intuici\u00f3n, la creatividad y la autoestima<\/mark>.\u00a0<\/span><span data-huuid=\"637218339548481747\">Adem\u00e1s de estas propiedades metaf\u00edsicas, tiene caracter\u00edsticas f\u00edsicas como una dureza de 5.5 a 6 en la escala de Mohs.<span class=\"pjBG2e\" data-cid=\"e0940d0e-515e-4f3b-8ea3-7af6b6c7c832\"><span class=\"UV3uM\">\u00a0<\/span><\/span><\/span><\/p>\n","protected":false},"excerpt":{"rendered":"<p>PENDULO NATURAL DE SODALITA\u00a0 \u00a0 CON LLAVERO \u00a0PARA HOMBRE Y MUJER<\/p>\n","protected":false},"featured_media":3054,"comment_status":"open","ping_status":"closed","template":"","meta":[],"etheme_brands":[],"product_brand":[147],"product_cat":[146],"product_tag":[],"class_list":{"0":"post-3053","1":"product","2":"type-product","3":"status-publish","4":"has-post-thumbnail","6":"product_brand-llavero","7":"product_cat-llaveros","9":"first","10":"instock","11":"shipping-taxable","12":"purchasable","13":"product-type-simple"},"yoast_head":"<!-- This site is optimized with the Yoast SEO Premium plugin v23.4 (Yoast SEO v23.4) - https:\/\/yoast.com\/wordpress\/plugins\/seo\/ -->\n<title>LLAVERO PENDULO SODALITA - PLATINUM BISUTER\u00cdA FINA<\/title>\n<meta name=\"description\" content=\"La sodalita es un mineral de color azul, a menudo con vetas blancas, conocido como la &quot;piedra de la l\u00f3gica&quot; por su capacidad para potenciar la claridad mental, la comunicaci\u00f3n y el pensamiento l\u00f3gico. Se le atribuyen propiedades calmantes que ayudan a reducir la ansiedad y el estr\u00e9s, adem\u00e1s de fortalecer la intuici\u00f3n, la creatividad y la autoestima. Adem\u00e1s de estas propiedades metaf\u00edsicas, tiene caracter\u00edsticas f\u00edsicas como una dureza de 5.5 a 6 en la escala de Mohs.\" \/>\n<meta name=\"robots\" content=\"index, follow, max-snippet:-1, max-image-preview:large, max-video-preview:-1\" \/>\n<link rel=\"canonical\" href=\"https:\/\/platinum.bcardmexico.com\/?product=llavero-pendulo-sodalita\" \/>\n<meta property=\"og:locale\" content=\"es_ES\" \/>\n<meta property=\"og:type\" content=\"article\" \/>\n<meta property=\"og:title\" content=\"LLAVERO PENDULO SODALITA\" \/>\n<meta property=\"og:description\" content=\"La sodalita es un mineral de color azul, a menudo con vetas blancas, conocido como la &quot;piedra de la l\u00f3gica&quot; por su capacidad para potenciar la claridad mental, la comunicaci\u00f3n y el pensamiento l\u00f3gico. Se le atribuyen propiedades calmantes que ayudan a reducir la ansiedad y el estr\u00e9s, adem\u00e1s de fortalecer la intuici\u00f3n, la creatividad y la autoestima. Adem\u00e1s de estas propiedades metaf\u00edsicas, tiene caracter\u00edsticas f\u00edsicas como una dureza de 5.5 a 6 en la escala de Mohs.\" \/>\n<meta property=\"og:url\" content=\"https:\/\/platinum.bcardmexico.com\/?product=llavero-pendulo-sodalita\" \/>\n<meta property=\"og:site_name\" content=\"PLATINUM BISUTER\u00cdA FINA\" \/>\n<meta property=\"article:modified_time\" content=\"2025-10-21T04:11:46+00:00\" \/>\n<meta property=\"og:image\" content=\"https:\/\/platinum.bcardmexico.com\/wp-content\/uploads\/2025\/10\/cfa6b79e-bdde-4e9f-bfd8-8966fca8482c.jpeg\" \/>\n\t<meta property=\"og:image:width\" content=\"960\" \/>\n\t<meta property=\"og:image:height\" content=\"1280\" \/>\n\t<meta property=\"og:image:type\" content=\"image\/jpeg\" \/>\n<meta name=\"twitter:card\" content=\"summary_large_image\" \/>\n<meta name=\"twitter:label1\" content=\"Tiempo de lectura\" \/>\n\t<meta name=\"twitter:data1\" content=\"1 minuto\" \/>\n<script type=\"application\/ld+json\" class=\"yoast-schema-graph\">{\"@context\":\"https:\/\/schema.org\",\"@graph\":[{\"@type\":\"WebPage\",\"@id\":\"https:\/\/platinum.bcardmexico.com\/?product=llavero-pendulo-sodalita\",\"url\":\"https:\/\/platinum.bcardmexico.com\/?product=llavero-pendulo-sodalita\",\"name\":\"LLAVERO PENDULO SODALITA - PLATINUM BISUTER\u00cdA FINA\",\"isPartOf\":{\"@id\":\"https:\/\/platinum.bcardmexico.com\/#website\"},\"primaryImageOfPage\":{\"@id\":\"https:\/\/platinum.bcardmexico.com\/?product=llavero-pendulo-sodalita#primaryimage\"},\"image\":{\"@id\":\"https:\/\/platinum.bcardmexico.com\/?product=llavero-pendulo-sodalita#primaryimage\"},\"thumbnailUrl\":\"https:\/\/platinum.bcardmexico.com\/wp-content\/uploads\/2025\/10\/cfa6b79e-bdde-4e9f-bfd8-8966fca8482c.jpeg\",\"datePublished\":\"2025-10-21T04:11:45+00:00\",\"dateModified\":\"2025-10-21T04:11:46+00:00\",\"description\":\"La sodalita es un mineral de color azul, a menudo con vetas blancas, conocido como la \\\"piedra de la l\u00f3gica\\\" por su capacidad para potenciar la claridad mental, la comunicaci\u00f3n y el pensamiento l\u00f3gico. Se le atribuyen propiedades calmantes que ayudan a reducir la ansiedad y el estr\u00e9s, adem\u00e1s de fortalecer la intuici\u00f3n, la creatividad y la autoestima. Adem\u00e1s de estas propiedades metaf\u00edsicas, tiene caracter\u00edsticas f\u00edsicas como una dureza de 5.5 a 6 en la escala de Mohs.\",\"breadcrumb\":{\"@id\":\"https:\/\/platinum.bcardmexico.com\/?product=llavero-pendulo-sodalita#breadcrumb\"},\"inLanguage\":\"es\",\"potentialAction\":[{\"@type\":\"ReadAction\",\"target\":[\"https:\/\/platinum.bcardmexico.com\/?product=llavero-pendulo-sodalita\"]}]},{\"@type\":\"ImageObject\",\"inLanguage\":\"es\",\"@id\":\"https:\/\/platinum.bcardmexico.com\/?product=llavero-pendulo-sodalita#primaryimage\",\"url\":\"https:\/\/platinum.bcardmexico.com\/wp-content\/uploads\/2025\/10\/cfa6b79e-bdde-4e9f-bfd8-8966fca8482c.jpeg\",\"contentUrl\":\"https:\/\/platinum.bcardmexico.com\/wp-content\/uploads\/2025\/10\/cfa6b79e-bdde-4e9f-bfd8-8966fca8482c.jpeg\",\"width\":960,\"height\":1280},{\"@type\":\"BreadcrumbList\",\"@id\":\"https:\/\/platinum.bcardmexico.com\/?product=llavero-pendulo-sodalita#breadcrumb\",\"itemListElement\":[{\"@type\":\"ListItem\",\"position\":1,\"name\":\"Portada\",\"item\":\"https:\/\/platinum.bcardmexico.com\/\"},{\"@type\":\"ListItem\",\"position\":2,\"name\":\"Shop\",\"item\":\"https:\/\/platinum.bcardmexico.com\/?page_id=12\"},{\"@type\":\"ListItem\",\"position\":3,\"name\":\"LLAVERO PENDULO SODALITA\"}]},{\"@type\":\"WebSite\",\"@id\":\"https:\/\/platinum.bcardmexico.com\/#website\",\"url\":\"https:\/\/platinum.bcardmexico.com\/\",\"name\":\"PLATINUM BISUTER\u00cdA FINA\",\"description\":\"PLATINUM BISUTER\u00cdA FINA\",\"publisher\":{\"@id\":\"https:\/\/platinum.bcardmexico.com\/#organization\"},\"alternateName\":\"PLATINUM BISUTER\u00cdA FINA\",\"potentialAction\":[{\"@type\":\"SearchAction\",\"target\":{\"@type\":\"EntryPoint\",\"urlTemplate\":\"https:\/\/platinum.bcardmexico.com\/?s={search_term_string}\"},\"query-input\":{\"@type\":\"PropertyValueSpecification\",\"valueRequired\":true,\"valueName\":\"search_term_string\"}}],\"inLanguage\":\"es\"},{\"@type\":\"Organization\",\"@id\":\"https:\/\/platinum.bcardmexico.com\/#organization\",\"name\":\"PLATINUM BISUTER\u00cdA FINA\",\"url\":\"https:\/\/platinum.bcardmexico.com\/\",\"logo\":{\"@type\":\"ImageObject\",\"inLanguage\":\"es\",\"@id\":\"https:\/\/platinum.bcardmexico.com\/#\/schema\/logo\/image\/\",\"url\":\"https:\/\/platinum.bcardmexico.com\/wp-content\/uploads\/2023\/09\/Logo-2x.png\",\"contentUrl\":\"https:\/\/platinum.bcardmexico.com\/wp-content\/uploads\/2023\/09\/Logo-2x.png\",\"width\":314,\"height\":55,\"caption\":\"PLATINUM BISUTER\u00cdA FINA\"},\"image\":{\"@id\":\"https:\/\/platinum.bcardmexico.com\/#\/schema\/logo\/image\/\"}}]}<\/script>\n<!-- \/ Yoast SEO Premium plugin. -->","yoast_head_json":{"title":"LLAVERO PENDULO SODALITA - PLATINUM BISUTER\u00cdA FINA","description":"La sodalita es un mineral de color azul, a menudo con vetas blancas, conocido como la \"piedra de la l\u00f3gica\" por su capacidad para potenciar la claridad mental, la comunicaci\u00f3n y el pensamiento l\u00f3gico. Se le atribuyen propiedades calmantes que ayudan a reducir la ansiedad y el estr\u00e9s, adem\u00e1s de fortalecer la intuici\u00f3n, la creatividad y la autoestima. Adem\u00e1s de estas propiedades metaf\u00edsicas, tiene caracter\u00edsticas f\u00edsicas como una dureza de 5.5 a 6 en la escala de Mohs.","robots":{"index":"index","follow":"follow","max-snippet":"max-snippet:-1","max-image-preview":"max-image-preview:large","max-video-preview":"max-video-preview:-1"},"canonical":"https:\/\/platinum.bcardmexico.com\/?product=llavero-pendulo-sodalita","og_locale":"es_ES","og_type":"article","og_title":"LLAVERO PENDULO SODALITA","og_description":"La sodalita es un mineral de color azul, a menudo con vetas blancas, conocido como la \"piedra de la l\u00f3gica\" por su capacidad para potenciar la claridad mental, la comunicaci\u00f3n y el pensamiento l\u00f3gico. Se le atribuyen propiedades calmantes que ayudan a reducir la ansiedad y el estr\u00e9s, adem\u00e1s de fortalecer la intuici\u00f3n, la creatividad y la autoestima. Adem\u00e1s de estas propiedades metaf\u00edsicas, tiene caracter\u00edsticas f\u00edsicas como una dureza de 5.5 a 6 en la escala de Mohs.","og_url":"https:\/\/platinum.bcardmexico.com\/?product=llavero-pendulo-sodalita","og_site_name":"PLATINUM BISUTER\u00cdA FINA","article_modified_time":"2025-10-21T04:11:46+00:00","og_image":[{"width":960,"height":1280,"url":"https:\/\/platinum.bcardmexico.com\/wp-content\/uploads\/2025\/10\/cfa6b79e-bdde-4e9f-bfd8-8966fca8482c.jpeg","type":"image\/jpeg"}],"twitter_card":"summary_large_image","twitter_misc":{"Tiempo de lectura":"1 minuto"},"schema":{"@context":"https:\/\/schema.org","@graph":[{"@type":"WebPage","@id":"https:\/\/platinum.bcardmexico.com\/?product=llavero-pendulo-sodalita","url":"https:\/\/platinum.bcardmexico.com\/?product=llavero-pendulo-sodalita","name":"LLAVERO PENDULO SODALITA - PLATINUM BISUTER\u00cdA FINA","isPartOf":{"@id":"https:\/\/platinum.bcardmexico.com\/#website"},"primaryImageOfPage":{"@id":"https:\/\/platinum.bcardmexico.com\/?product=llavero-pendulo-sodalita#primaryimage"},"image":{"@id":"https:\/\/platinum.bcardmexico.com\/?product=llavero-pendulo-sodalita#primaryimage"},"thumbnailUrl":"https:\/\/platinum.bcardmexico.com\/wp-content\/uploads\/2025\/10\/cfa6b79e-bdde-4e9f-bfd8-8966fca8482c.jpeg","datePublished":"2025-10-21T04:11:45+00:00","dateModified":"2025-10-21T04:11:46+00:00","description":"La sodalita es un mineral de color azul, a menudo con vetas blancas, conocido como la \"piedra de la l\u00f3gica\" por su capacidad para potenciar la claridad mental, la comunicaci\u00f3n y el pensamiento l\u00f3gico. Se le atribuyen propiedades calmantes que ayudan a reducir la ansiedad y el estr\u00e9s, adem\u00e1s de fortalecer la intuici\u00f3n, la creatividad y la autoestima. Adem\u00e1s de estas propiedades metaf\u00edsicas, tiene caracter\u00edsticas f\u00edsicas como una dureza de 5.5 a 6 en la escala de Mohs.","breadcrumb":{"@id":"https:\/\/platinum.bcardmexico.com\/?product=llavero-pendulo-sodalita#breadcrumb"},"inLanguage":"es","potentialAction":[{"@type":"ReadAction","target":["https:\/\/platinum.bcardmexico.com\/?product=llavero-pendulo-sodalita"]}]},{"@type":"ImageObject","inLanguage":"es","@id":"https:\/\/platinum.bcardmexico.com\/?product=llavero-pendulo-sodalita#primaryimage","url":"https:\/\/platinum.bcardmexico.com\/wp-content\/uploads\/2025\/10\/cfa6b79e-bdde-4e9f-bfd8-8966fca8482c.jpeg","contentUrl":"https:\/\/platinum.bcardmexico.com\/wp-content\/uploads\/2025\/10\/cfa6b79e-bdde-4e9f-bfd8-8966fca8482c.jpeg","width":960,"height":1280},{"@type":"BreadcrumbList","@id":"https:\/\/platinum.bcardmexico.com\/?product=llavero-pendulo-sodalita#breadcrumb","itemListElement":[{"@type":"ListItem","position":1,"name":"Portada","item":"https:\/\/platinum.bcardmexico.com\/"},{"@type":"ListItem","position":2,"name":"Shop","item":"https:\/\/platinum.bcardmexico.com\/?page_id=12"},{"@type":"ListItem","position":3,"name":"LLAVERO PENDULO SODALITA"}]},{"@type":"WebSite","@id":"https:\/\/platinum.bcardmexico.com\/#website","url":"https:\/\/platinum.bcardmexico.com\/","name":"PLATINUM BISUTER\u00cdA FINA","description":"PLATINUM BISUTER\u00cdA FINA","publisher":{"@id":"https:\/\/platinum.bcardmexico.com\/#organization"},"alternateName":"PLATINUM BISUTER\u00cdA FINA","potentialAction":[{"@type":"SearchAction","target":{"@type":"EntryPoint","urlTemplate":"https:\/\/platinum.bcardmexico.com\/?s={search_term_string}"},"query-input":{"@type":"PropertyValueSpecification","valueRequired":true,"valueName":"search_term_string"}}],"inLanguage":"es"},{"@type":"Organization","@id":"https:\/\/platinum.bcardmexico.com\/#organization","name":"PLATINUM BISUTER\u00cdA FINA","url":"https:\/\/platinum.bcardmexico.com\/","logo":{"@type":"ImageObject","inLanguage":"es","@id":"https:\/\/platinum.bcardmexico.com\/#\/schema\/logo\/image\/","url":"https:\/\/platinum.bcardmexico.com\/wp-content\/uploads\/2023\/09\/Logo-2x.png","contentUrl":"https:\/\/platinum.bcardmexico.com\/wp-content\/uploads\/2023\/09\/Logo-2x.png","width":314,"height":55,"caption":"PLATINUM BISUTER\u00cdA FINA"},"image":{"@id":"https:\/\/platinum.bcardmexico.com\/#\/schema\/logo\/image\/"}}]}},"_links":{"self":[{"href":"https:\/\/platinum.bcardmexico.com\/index.php?rest_route=\/wp\/v2\/product\/3053","targetHints":{"allow":["GET"]}}],"collection":[{"href":"https:\/\/platinum.bcardmexico.com\/index.php?rest_route=\/wp\/v2\/product"}],"about":[{"href":"https:\/\/platinum.bcardmexico.com\/index.php?rest_route=\/wp\/v2\/types\/product"}],"replies":[{"embeddable":true,"href":"https:\/\/platinum.bcardmexico.com\/index.php?rest_route=%2Fwp%2Fv2%2Fcomments&post=3053"}],"version-history":[{"count":1,"href":"https:\/\/platinum.bcardmexico.com\/index.php?rest_route=\/wp\/v2\/product\/3053\/revisions"}],"predecessor-version":[{"id":3055,"href":"https:\/\/platinum.bcardmexico.com\/index.php?rest_route=\/wp\/v2\/product\/3053\/revisions\/3055"}],"wp:featuredmedia":[{"embeddable":true,"href":"https:\/\/platinum.bcardmexico.com\/index.php?rest_route=\/wp\/v2\/media\/3054"}],"wp:attachment":[{"href":"https:\/\/platinum.bcardmexico.com\/index.php?rest_route=%2Fwp%2Fv2%2Fmedia&parent=3053"}],"wp:term":[{"taxonomy":"brand","embeddable":true,"href":"https:\/\/platinum.bcardmexico.com\/index.php?rest_route=%2Fwp%2Fv2%2Fetheme_brands&post=3053"},{"taxonomy":"product_brand","embeddable":true,"href":"https:\/\/platinum.bcardmexico.com\/index.php?rest_route=%2Fwp%2Fv2%2Fproduct_brand&post=3053"},{"taxonomy":"product_cat","embeddable":true,"href":"https:\/\/platinum.bcardmexico.com\/index.php?rest_route=%2Fwp%2Fv2%2Fproduct_cat&post=3053"},{"taxonomy":"product_tag","embeddable":true,"href":"https:\/\/platinum.bcardmexico.com\/index.php?rest_route=%2Fwp%2Fv2%2Fproduct_tag&post=3053"}],"curies":[{"name":"wp","href":"https:\/\/api.w.org\/{rel}","templated":true}]}}