{"id":3074,"date":"2025-10-21T04:28:13","date_gmt":"2025-10-21T04:28:13","guid":{"rendered":"https:\/\/platinum.bcardmexico.com\/?post_type=product&#038;p=3074"},"modified":"2025-10-21T04:28:14","modified_gmt":"2025-10-21T04:28:14","slug":"llavero-pendulo-howlita-blanca","status":"publish","type":"product","link":"https:\/\/platinum.bcardmexico.com\/?product=llavero-pendulo-howlita-blanca","title":{"rendered":"LLAVERO PENDULO HOWLITA BLANCA"},"content":{"rendered":"<p><span data-huuid=\"14925504732219418397\">La howlita blanca tiene\u00a0<mark class=\"QVRyCf\">propiedades calmantes, ayudando a reducir el estr\u00e9s, la ira y la ansiedad, promoviendo la paz y la claridad mental<\/mark>.\u00a0<\/span><span data-huuid=\"14925504732219418508\">Se asocia con la mejora de la paciencia, la comunicaci\u00f3n y el sue\u00f1o, y se utiliza para facilitar la meditaci\u00f3n y la introspecci\u00f3n.<span class=\"pjBG2e\" data-cid=\"d8b845b3-db5b-46dc-9a14-805e6f8d4557\"><span class=\"UV3uM\">\u00a0<\/span><\/span><\/span><\/p>\n","protected":false},"excerpt":{"rendered":"<p>PENDULO NATURAL DE HOWLITA BLANCA\u00a0 CON LLAVERO \u00a0PARA HOMBRE Y MUJER<\/p>\n","protected":false},"featured_media":3075,"comment_status":"open","ping_status":"closed","template":"","meta":[],"etheme_brands":[],"product_brand":[147],"product_cat":[146],"product_tag":[],"class_list":{"0":"post-3074","1":"product","2":"type-product","3":"status-publish","4":"has-post-thumbnail","6":"product_brand-llavero","7":"product_cat-llaveros","9":"first","10":"instock","11":"shipping-taxable","12":"purchasable","13":"product-type-simple"},"yoast_head":"<!-- This site is optimized with the Yoast SEO Premium plugin v23.4 (Yoast SEO v23.4) - https:\/\/yoast.com\/wordpress\/plugins\/seo\/ -->\n<title>LLAVERO PENDULO HOWLITA BLANCA - PLATINUM BISUTER\u00cdA FINA<\/title>\n<meta name=\"description\" content=\"La howlita blanca tiene propiedades calmantes, ayudando a reducir el estr\u00e9s, la ira y la ansiedad, promoviendo la paz y la claridad mental. Se asocia con la mejora de la paciencia, la comunicaci\u00f3n y el sue\u00f1o, y se utiliza para facilitar la meditaci\u00f3n y la introspecci\u00f3n.\" \/>\n<meta name=\"robots\" content=\"index, follow, max-snippet:-1, max-image-preview:large, max-video-preview:-1\" \/>\n<link rel=\"canonical\" href=\"https:\/\/platinum.bcardmexico.com\/?product=llavero-pendulo-howlita-blanca\" \/>\n<meta property=\"og:locale\" content=\"es_ES\" \/>\n<meta property=\"og:type\" content=\"article\" \/>\n<meta property=\"og:title\" content=\"LLAVERO PENDULO HOWLITA BLANCA\" \/>\n<meta property=\"og:description\" content=\"La howlita blanca tiene propiedades calmantes, ayudando a reducir el estr\u00e9s, la ira y la ansiedad, promoviendo la paz y la claridad mental. Se asocia con la mejora de la paciencia, la comunicaci\u00f3n y el sue\u00f1o, y se utiliza para facilitar la meditaci\u00f3n y la introspecci\u00f3n.\" \/>\n<meta property=\"og:url\" content=\"https:\/\/platinum.bcardmexico.com\/?product=llavero-pendulo-howlita-blanca\" \/>\n<meta property=\"og:site_name\" content=\"PLATINUM BISUTER\u00cdA FINA\" \/>\n<meta property=\"article:modified_time\" content=\"2025-10-21T04:28:14+00:00\" \/>\n<meta property=\"og:image\" content=\"https:\/\/platinum.bcardmexico.com\/wp-content\/uploads\/2025\/10\/WhatsApp-Image-2025-10-20-at-20.56.23-2.jpeg\" \/>\n\t<meta property=\"og:image:width\" content=\"960\" \/>\n\t<meta property=\"og:image:height\" content=\"1280\" \/>\n\t<meta property=\"og:image:type\" content=\"image\/jpeg\" \/>\n<meta name=\"twitter:card\" content=\"summary_large_image\" \/>\n<meta name=\"twitter:label1\" content=\"Tiempo de lectura\" \/>\n\t<meta name=\"twitter:data1\" content=\"1 minuto\" \/>\n<script type=\"application\/ld+json\" class=\"yoast-schema-graph\">{\"@context\":\"https:\/\/schema.org\",\"@graph\":[{\"@type\":\"WebPage\",\"@id\":\"https:\/\/platinum.bcardmexico.com\/?product=llavero-pendulo-howlita-blanca\",\"url\":\"https:\/\/platinum.bcardmexico.com\/?product=llavero-pendulo-howlita-blanca\",\"name\":\"LLAVERO PENDULO HOWLITA BLANCA - PLATINUM BISUTER\u00cdA FINA\",\"isPartOf\":{\"@id\":\"https:\/\/platinum.bcardmexico.com\/#website\"},\"primaryImageOfPage\":{\"@id\":\"https:\/\/platinum.bcardmexico.com\/?product=llavero-pendulo-howlita-blanca#primaryimage\"},\"image\":{\"@id\":\"https:\/\/platinum.bcardmexico.com\/?product=llavero-pendulo-howlita-blanca#primaryimage\"},\"thumbnailUrl\":\"https:\/\/platinum.bcardmexico.com\/wp-content\/uploads\/2025\/10\/WhatsApp-Image-2025-10-20-at-20.56.23-2.jpeg\",\"datePublished\":\"2025-10-21T04:28:13+00:00\",\"dateModified\":\"2025-10-21T04:28:14+00:00\",\"description\":\"La howlita blanca tiene propiedades calmantes, ayudando a reducir el estr\u00e9s, la ira y la ansiedad, promoviendo la paz y la claridad mental. Se asocia con la mejora de la paciencia, la comunicaci\u00f3n y el sue\u00f1o, y se utiliza para facilitar la meditaci\u00f3n y la introspecci\u00f3n.\",\"breadcrumb\":{\"@id\":\"https:\/\/platinum.bcardmexico.com\/?product=llavero-pendulo-howlita-blanca#breadcrumb\"},\"inLanguage\":\"es\",\"potentialAction\":[{\"@type\":\"ReadAction\",\"target\":[\"https:\/\/platinum.bcardmexico.com\/?product=llavero-pendulo-howlita-blanca\"]}]},{\"@type\":\"ImageObject\",\"inLanguage\":\"es\",\"@id\":\"https:\/\/platinum.bcardmexico.com\/?product=llavero-pendulo-howlita-blanca#primaryimage\",\"url\":\"https:\/\/platinum.bcardmexico.com\/wp-content\/uploads\/2025\/10\/WhatsApp-Image-2025-10-20-at-20.56.23-2.jpeg\",\"contentUrl\":\"https:\/\/platinum.bcardmexico.com\/wp-content\/uploads\/2025\/10\/WhatsApp-Image-2025-10-20-at-20.56.23-2.jpeg\",\"width\":960,\"height\":1280},{\"@type\":\"BreadcrumbList\",\"@id\":\"https:\/\/platinum.bcardmexico.com\/?product=llavero-pendulo-howlita-blanca#breadcrumb\",\"itemListElement\":[{\"@type\":\"ListItem\",\"position\":1,\"name\":\"Portada\",\"item\":\"https:\/\/platinum.bcardmexico.com\/\"},{\"@type\":\"ListItem\",\"position\":2,\"name\":\"Shop\",\"item\":\"https:\/\/platinum.bcardmexico.com\/?page_id=12\"},{\"@type\":\"ListItem\",\"position\":3,\"name\":\"LLAVERO PENDULO HOWLITA BLANCA\"}]},{\"@type\":\"WebSite\",\"@id\":\"https:\/\/platinum.bcardmexico.com\/#website\",\"url\":\"https:\/\/platinum.bcardmexico.com\/\",\"name\":\"PLATINUM BISUTER\u00cdA FINA\",\"description\":\"PLATINUM BISUTER\u00cdA FINA\",\"publisher\":{\"@id\":\"https:\/\/platinum.bcardmexico.com\/#organization\"},\"alternateName\":\"PLATINUM BISUTER\u00cdA FINA\",\"potentialAction\":[{\"@type\":\"SearchAction\",\"target\":{\"@type\":\"EntryPoint\",\"urlTemplate\":\"https:\/\/platinum.bcardmexico.com\/?s={search_term_string}\"},\"query-input\":{\"@type\":\"PropertyValueSpecification\",\"valueRequired\":true,\"valueName\":\"search_term_string\"}}],\"inLanguage\":\"es\"},{\"@type\":\"Organization\",\"@id\":\"https:\/\/platinum.bcardmexico.com\/#organization\",\"name\":\"PLATINUM BISUTER\u00cdA FINA\",\"url\":\"https:\/\/platinum.bcardmexico.com\/\",\"logo\":{\"@type\":\"ImageObject\",\"inLanguage\":\"es\",\"@id\":\"https:\/\/platinum.bcardmexico.com\/#\/schema\/logo\/image\/\",\"url\":\"https:\/\/platinum.bcardmexico.com\/wp-content\/uploads\/2023\/09\/Logo-2x.png\",\"contentUrl\":\"https:\/\/platinum.bcardmexico.com\/wp-content\/uploads\/2023\/09\/Logo-2x.png\",\"width\":314,\"height\":55,\"caption\":\"PLATINUM BISUTER\u00cdA FINA\"},\"image\":{\"@id\":\"https:\/\/platinum.bcardmexico.com\/#\/schema\/logo\/image\/\"}}]}<\/script>\n<!-- \/ Yoast SEO Premium plugin. -->","yoast_head_json":{"title":"LLAVERO PENDULO HOWLITA BLANCA - PLATINUM BISUTER\u00cdA FINA","description":"La howlita blanca tiene propiedades calmantes, ayudando a reducir el estr\u00e9s, la ira y la ansiedad, promoviendo la paz y la claridad mental. Se asocia con la mejora de la paciencia, la comunicaci\u00f3n y el sue\u00f1o, y se utiliza para facilitar la meditaci\u00f3n y la introspecci\u00f3n.","robots":{"index":"index","follow":"follow","max-snippet":"max-snippet:-1","max-image-preview":"max-image-preview:large","max-video-preview":"max-video-preview:-1"},"canonical":"https:\/\/platinum.bcardmexico.com\/?product=llavero-pendulo-howlita-blanca","og_locale":"es_ES","og_type":"article","og_title":"LLAVERO PENDULO HOWLITA BLANCA","og_description":"La howlita blanca tiene propiedades calmantes, ayudando a reducir el estr\u00e9s, la ira y la ansiedad, promoviendo la paz y la claridad mental. Se asocia con la mejora de la paciencia, la comunicaci\u00f3n y el sue\u00f1o, y se utiliza para facilitar la meditaci\u00f3n y la introspecci\u00f3n.","og_url":"https:\/\/platinum.bcardmexico.com\/?product=llavero-pendulo-howlita-blanca","og_site_name":"PLATINUM BISUTER\u00cdA FINA","article_modified_time":"2025-10-21T04:28:14+00:00","og_image":[{"width":960,"height":1280,"url":"https:\/\/platinum.bcardmexico.com\/wp-content\/uploads\/2025\/10\/WhatsApp-Image-2025-10-20-at-20.56.23-2.jpeg","type":"image\/jpeg"}],"twitter_card":"summary_large_image","twitter_misc":{"Tiempo de lectura":"1 minuto"},"schema":{"@context":"https:\/\/schema.org","@graph":[{"@type":"WebPage","@id":"https:\/\/platinum.bcardmexico.com\/?product=llavero-pendulo-howlita-blanca","url":"https:\/\/platinum.bcardmexico.com\/?product=llavero-pendulo-howlita-blanca","name":"LLAVERO PENDULO HOWLITA BLANCA - PLATINUM BISUTER\u00cdA FINA","isPartOf":{"@id":"https:\/\/platinum.bcardmexico.com\/#website"},"primaryImageOfPage":{"@id":"https:\/\/platinum.bcardmexico.com\/?product=llavero-pendulo-howlita-blanca#primaryimage"},"image":{"@id":"https:\/\/platinum.bcardmexico.com\/?product=llavero-pendulo-howlita-blanca#primaryimage"},"thumbnailUrl":"https:\/\/platinum.bcardmexico.com\/wp-content\/uploads\/2025\/10\/WhatsApp-Image-2025-10-20-at-20.56.23-2.jpeg","datePublished":"2025-10-21T04:28:13+00:00","dateModified":"2025-10-21T04:28:14+00:00","description":"La howlita blanca tiene propiedades calmantes, ayudando a reducir el estr\u00e9s, la ira y la ansiedad, promoviendo la paz y la claridad mental. Se asocia con la mejora de la paciencia, la comunicaci\u00f3n y el sue\u00f1o, y se utiliza para facilitar la meditaci\u00f3n y la introspecci\u00f3n.","breadcrumb":{"@id":"https:\/\/platinum.bcardmexico.com\/?product=llavero-pendulo-howlita-blanca#breadcrumb"},"inLanguage":"es","potentialAction":[{"@type":"ReadAction","target":["https:\/\/platinum.bcardmexico.com\/?product=llavero-pendulo-howlita-blanca"]}]},{"@type":"ImageObject","inLanguage":"es","@id":"https:\/\/platinum.bcardmexico.com\/?product=llavero-pendulo-howlita-blanca#primaryimage","url":"https:\/\/platinum.bcardmexico.com\/wp-content\/uploads\/2025\/10\/WhatsApp-Image-2025-10-20-at-20.56.23-2.jpeg","contentUrl":"https:\/\/platinum.bcardmexico.com\/wp-content\/uploads\/2025\/10\/WhatsApp-Image-2025-10-20-at-20.56.23-2.jpeg","width":960,"height":1280},{"@type":"BreadcrumbList","@id":"https:\/\/platinum.bcardmexico.com\/?product=llavero-pendulo-howlita-blanca#breadcrumb","itemListElement":[{"@type":"ListItem","position":1,"name":"Portada","item":"https:\/\/platinum.bcardmexico.com\/"},{"@type":"ListItem","position":2,"name":"Shop","item":"https:\/\/platinum.bcardmexico.com\/?page_id=12"},{"@type":"ListItem","position":3,"name":"LLAVERO PENDULO HOWLITA BLANCA"}]},{"@type":"WebSite","@id":"https:\/\/platinum.bcardmexico.com\/#website","url":"https:\/\/platinum.bcardmexico.com\/","name":"PLATINUM BISUTER\u00cdA FINA","description":"PLATINUM BISUTER\u00cdA FINA","publisher":{"@id":"https:\/\/platinum.bcardmexico.com\/#organization"},"alternateName":"PLATINUM BISUTER\u00cdA FINA","potentialAction":[{"@type":"SearchAction","target":{"@type":"EntryPoint","urlTemplate":"https:\/\/platinum.bcardmexico.com\/?s={search_term_string}"},"query-input":{"@type":"PropertyValueSpecification","valueRequired":true,"valueName":"search_term_string"}}],"inLanguage":"es"},{"@type":"Organization","@id":"https:\/\/platinum.bcardmexico.com\/#organization","name":"PLATINUM BISUTER\u00cdA FINA","url":"https:\/\/platinum.bcardmexico.com\/","logo":{"@type":"ImageObject","inLanguage":"es","@id":"https:\/\/platinum.bcardmexico.com\/#\/schema\/logo\/image\/","url":"https:\/\/platinum.bcardmexico.com\/wp-content\/uploads\/2023\/09\/Logo-2x.png","contentUrl":"https:\/\/platinum.bcardmexico.com\/wp-content\/uploads\/2023\/09\/Logo-2x.png","width":314,"height":55,"caption":"PLATINUM BISUTER\u00cdA FINA"},"image":{"@id":"https:\/\/platinum.bcardmexico.com\/#\/schema\/logo\/image\/"}}]}},"_links":{"self":[{"href":"https:\/\/platinum.bcardmexico.com\/index.php?rest_route=\/wp\/v2\/product\/3074","targetHints":{"allow":["GET"]}}],"collection":[{"href":"https:\/\/platinum.bcardmexico.com\/index.php?rest_route=\/wp\/v2\/product"}],"about":[{"href":"https:\/\/platinum.bcardmexico.com\/index.php?rest_route=\/wp\/v2\/types\/product"}],"replies":[{"embeddable":true,"href":"https:\/\/platinum.bcardmexico.com\/index.php?rest_route=%2Fwp%2Fv2%2Fcomments&post=3074"}],"version-history":[{"count":1,"href":"https:\/\/platinum.bcardmexico.com\/index.php?rest_route=\/wp\/v2\/product\/3074\/revisions"}],"predecessor-version":[{"id":3076,"href":"https:\/\/platinum.bcardmexico.com\/index.php?rest_route=\/wp\/v2\/product\/3074\/revisions\/3076"}],"wp:featuredmedia":[{"embeddable":true,"href":"https:\/\/platinum.bcardmexico.com\/index.php?rest_route=\/wp\/v2\/media\/3075"}],"wp:attachment":[{"href":"https:\/\/platinum.bcardmexico.com\/index.php?rest_route=%2Fwp%2Fv2%2Fmedia&parent=3074"}],"wp:term":[{"taxonomy":"brand","embeddable":true,"href":"https:\/\/platinum.bcardmexico.com\/index.php?rest_route=%2Fwp%2Fv2%2Fetheme_brands&post=3074"},{"taxonomy":"product_brand","embeddable":true,"href":"https:\/\/platinum.bcardmexico.com\/index.php?rest_route=%2Fwp%2Fv2%2Fproduct_brand&post=3074"},{"taxonomy":"product_cat","embeddable":true,"href":"https:\/\/platinum.bcardmexico.com\/index.php?rest_route=%2Fwp%2Fv2%2Fproduct_cat&post=3074"},{"taxonomy":"product_tag","embeddable":true,"href":"https:\/\/platinum.bcardmexico.com\/index.php?rest_route=%2Fwp%2Fv2%2Fproduct_tag&post=3074"}],"curies":[{"name":"wp","href":"https:\/\/api.w.org\/{rel}","templated":true}]}}