{"id":3124,"date":"2025-10-21T18:25:23","date_gmt":"2025-10-21T18:25:23","guid":{"rendered":"https:\/\/platinum.bcardmexico.com\/?post_type=product&#038;p=3124"},"modified":"2025-10-21T18:25:24","modified_gmt":"2025-10-21T18:25:24","slug":"pulsera-ojo-turco-naranja-unisex","status":"publish","type":"product","link":"https:\/\/platinum.bcardmexico.com\/?product=pulsera-ojo-turco-naranja-unisex","title":{"rendered":"PULSERA OJO TURCO NARANJA  UNISEX"},"content":{"rendered":"<p><span data-huuid=\"5195349309793608939\">El ojo turco naranja\u00a0<mark class=\"QVRyCf\">simboliza protecci\u00f3n, creatividad, felicidad, entusiasmo y fuerza de voluntad<\/mark>.\u00a0<\/span><span data-huuid=\"5195349309793607890\">Se considera un amuleto que atrae la alegr\u00eda y fomenta la motivaci\u00f3n y la determinaci\u00f3n.\u00a0<\/span><span data-huuid=\"5195349309793610937\">Es un talism\u00e1n que, adem\u00e1s de ofrecer protecci\u00f3n general contra las malas energ\u00edas, se enfoca en potenciar estas cualidades positivas en su portador.<span class=\"pjBG2e\" data-cid=\"9f53d6e3-fbde-4fd0-a94b-a1380f02c541\"><span class=\"UV3uM\">\u00a0<\/span><\/span><\/span><\/p>\n","protected":false},"excerpt":{"rendered":"<p>PULSERA\u00a0 DE OJO TURCO NARANJA\u00a0 CON HILO<\/p>\n<p>HILO AJUSTABLE PARA HOMBRE Y MUJER<\/p>\n<p>IDEAL PARA REGALO Y PROTECCION<\/p>\n","protected":false},"featured_media":3125,"comment_status":"open","ping_status":"closed","template":"","meta":[],"etheme_brands":[],"product_brand":[145],"product_cat":[144],"product_tag":[],"class_list":{"0":"post-3124","1":"product","2":"type-product","3":"status-publish","4":"has-post-thumbnail","6":"product_brand-pulseras","7":"product_cat-pulseras","9":"first","10":"instock","11":"shipping-taxable","12":"purchasable","13":"product-type-simple"},"yoast_head":"<!-- This site is optimized with the Yoast SEO Premium plugin v23.4 (Yoast SEO v23.4) - https:\/\/yoast.com\/wordpress\/plugins\/seo\/ -->\n<title>PULSERA OJO TURCO NARANJA UNISEX - PLATINUM BISUTER\u00cdA FINA<\/title>\n<meta name=\"description\" content=\"El ojo turco naranja\u00a0simboliza protecci\u00f3n, creatividad, felicidad, entusiasmo y fuerza de voluntad.\u00a0Se considera un amuleto que atrae la alegr\u00eda y fomenta la motivaci\u00f3n y la determinaci\u00f3n.\u00a0Es un talism\u00e1n que, adem\u00e1s de ofrecer protecci\u00f3n general contra las malas energ\u00edas, se enfoca en potenciar estas cualidades positivas en su portador.\u00a0\" \/>\n<meta name=\"robots\" content=\"index, follow, max-snippet:-1, max-image-preview:large, max-video-preview:-1\" \/>\n<link rel=\"canonical\" href=\"https:\/\/platinum.bcardmexico.com\/?product=pulsera-ojo-turco-naranja-unisex\" \/>\n<meta property=\"og:locale\" content=\"es_ES\" \/>\n<meta property=\"og:type\" content=\"article\" \/>\n<meta property=\"og:title\" content=\"PULSERA OJO TURCO NARANJA UNISEX\" \/>\n<meta property=\"og:description\" content=\"El ojo turco naranja\u00a0simboliza protecci\u00f3n, creatividad, felicidad, entusiasmo y fuerza de voluntad.\u00a0Se considera un amuleto que atrae la alegr\u00eda y fomenta la motivaci\u00f3n y la determinaci\u00f3n.\u00a0Es un talism\u00e1n que, adem\u00e1s de ofrecer protecci\u00f3n general contra las malas energ\u00edas, se enfoca en potenciar estas cualidades positivas en su portador.\u00a0\" \/>\n<meta property=\"og:url\" content=\"https:\/\/platinum.bcardmexico.com\/?product=pulsera-ojo-turco-naranja-unisex\" \/>\n<meta property=\"og:site_name\" content=\"PLATINUM BISUTER\u00cdA FINA\" \/>\n<meta property=\"article:modified_time\" content=\"2025-10-21T18:25:24+00:00\" \/>\n<meta property=\"og:image\" content=\"https:\/\/platinum.bcardmexico.com\/wp-content\/uploads\/2025\/10\/WhatsApp-Image-2025-10-20-at-20.56.23-13.jpeg\" \/>\n\t<meta property=\"og:image:width\" content=\"960\" \/>\n\t<meta property=\"og:image:height\" content=\"1280\" \/>\n\t<meta property=\"og:image:type\" content=\"image\/jpeg\" \/>\n<meta name=\"twitter:card\" content=\"summary_large_image\" \/>\n<meta name=\"twitter:label1\" content=\"Tiempo de lectura\" \/>\n\t<meta name=\"twitter:data1\" content=\"1 minuto\" \/>\n<script type=\"application\/ld+json\" class=\"yoast-schema-graph\">{\"@context\":\"https:\/\/schema.org\",\"@graph\":[{\"@type\":\"WebPage\",\"@id\":\"https:\/\/platinum.bcardmexico.com\/?product=pulsera-ojo-turco-naranja-unisex\",\"url\":\"https:\/\/platinum.bcardmexico.com\/?product=pulsera-ojo-turco-naranja-unisex\",\"name\":\"PULSERA OJO TURCO NARANJA UNISEX - PLATINUM BISUTER\u00cdA FINA\",\"isPartOf\":{\"@id\":\"https:\/\/platinum.bcardmexico.com\/#website\"},\"primaryImageOfPage\":{\"@id\":\"https:\/\/platinum.bcardmexico.com\/?product=pulsera-ojo-turco-naranja-unisex#primaryimage\"},\"image\":{\"@id\":\"https:\/\/platinum.bcardmexico.com\/?product=pulsera-ojo-turco-naranja-unisex#primaryimage\"},\"thumbnailUrl\":\"https:\/\/platinum.bcardmexico.com\/wp-content\/uploads\/2025\/10\/WhatsApp-Image-2025-10-20-at-20.56.23-13.jpeg\",\"datePublished\":\"2025-10-21T18:25:23+00:00\",\"dateModified\":\"2025-10-21T18:25:24+00:00\",\"description\":\"El ojo turco naranja\u00a0simboliza protecci\u00f3n, creatividad, felicidad, entusiasmo y fuerza de voluntad.\u00a0Se considera un amuleto que atrae la alegr\u00eda y fomenta la motivaci\u00f3n y la determinaci\u00f3n.\u00a0Es un talism\u00e1n que, adem\u00e1s de ofrecer protecci\u00f3n general contra las malas energ\u00edas, se enfoca en potenciar estas cualidades positivas en su portador.\u00a0\",\"breadcrumb\":{\"@id\":\"https:\/\/platinum.bcardmexico.com\/?product=pulsera-ojo-turco-naranja-unisex#breadcrumb\"},\"inLanguage\":\"es\",\"potentialAction\":[{\"@type\":\"ReadAction\",\"target\":[\"https:\/\/platinum.bcardmexico.com\/?product=pulsera-ojo-turco-naranja-unisex\"]}]},{\"@type\":\"ImageObject\",\"inLanguage\":\"es\",\"@id\":\"https:\/\/platinum.bcardmexico.com\/?product=pulsera-ojo-turco-naranja-unisex#primaryimage\",\"url\":\"https:\/\/platinum.bcardmexico.com\/wp-content\/uploads\/2025\/10\/WhatsApp-Image-2025-10-20-at-20.56.23-13.jpeg\",\"contentUrl\":\"https:\/\/platinum.bcardmexico.com\/wp-content\/uploads\/2025\/10\/WhatsApp-Image-2025-10-20-at-20.56.23-13.jpeg\",\"width\":960,\"height\":1280},{\"@type\":\"BreadcrumbList\",\"@id\":\"https:\/\/platinum.bcardmexico.com\/?product=pulsera-ojo-turco-naranja-unisex#breadcrumb\",\"itemListElement\":[{\"@type\":\"ListItem\",\"position\":1,\"name\":\"Portada\",\"item\":\"https:\/\/platinum.bcardmexico.com\/\"},{\"@type\":\"ListItem\",\"position\":2,\"name\":\"Shop\",\"item\":\"https:\/\/platinum.bcardmexico.com\/?page_id=12\"},{\"@type\":\"ListItem\",\"position\":3,\"name\":\"PULSERA OJO TURCO NARANJA UNISEX\"}]},{\"@type\":\"WebSite\",\"@id\":\"https:\/\/platinum.bcardmexico.com\/#website\",\"url\":\"https:\/\/platinum.bcardmexico.com\/\",\"name\":\"PLATINUM BISUTER\u00cdA FINA\",\"description\":\"PLATINUM BISUTER\u00cdA FINA\",\"publisher\":{\"@id\":\"https:\/\/platinum.bcardmexico.com\/#organization\"},\"alternateName\":\"PLATINUM BISUTER\u00cdA FINA\",\"potentialAction\":[{\"@type\":\"SearchAction\",\"target\":{\"@type\":\"EntryPoint\",\"urlTemplate\":\"https:\/\/platinum.bcardmexico.com\/?s={search_term_string}\"},\"query-input\":{\"@type\":\"PropertyValueSpecification\",\"valueRequired\":true,\"valueName\":\"search_term_string\"}}],\"inLanguage\":\"es\"},{\"@type\":\"Organization\",\"@id\":\"https:\/\/platinum.bcardmexico.com\/#organization\",\"name\":\"PLATINUM BISUTER\u00cdA FINA\",\"url\":\"https:\/\/platinum.bcardmexico.com\/\",\"logo\":{\"@type\":\"ImageObject\",\"inLanguage\":\"es\",\"@id\":\"https:\/\/platinum.bcardmexico.com\/#\/schema\/logo\/image\/\",\"url\":\"https:\/\/platinum.bcardmexico.com\/wp-content\/uploads\/2023\/09\/Logo-2x.png\",\"contentUrl\":\"https:\/\/platinum.bcardmexico.com\/wp-content\/uploads\/2023\/09\/Logo-2x.png\",\"width\":314,\"height\":55,\"caption\":\"PLATINUM BISUTER\u00cdA FINA\"},\"image\":{\"@id\":\"https:\/\/platinum.bcardmexico.com\/#\/schema\/logo\/image\/\"}}]}<\/script>\n<!-- \/ Yoast SEO Premium plugin. -->","yoast_head_json":{"title":"PULSERA OJO TURCO NARANJA UNISEX - PLATINUM BISUTER\u00cdA FINA","description":"El ojo turco naranja\u00a0simboliza protecci\u00f3n, creatividad, felicidad, entusiasmo y fuerza de voluntad.\u00a0Se considera un amuleto que atrae la alegr\u00eda y fomenta la motivaci\u00f3n y la determinaci\u00f3n.\u00a0Es un talism\u00e1n que, adem\u00e1s de ofrecer protecci\u00f3n general contra las malas energ\u00edas, se enfoca en potenciar estas cualidades positivas en su portador.\u00a0","robots":{"index":"index","follow":"follow","max-snippet":"max-snippet:-1","max-image-preview":"max-image-preview:large","max-video-preview":"max-video-preview:-1"},"canonical":"https:\/\/platinum.bcardmexico.com\/?product=pulsera-ojo-turco-naranja-unisex","og_locale":"es_ES","og_type":"article","og_title":"PULSERA OJO TURCO NARANJA UNISEX","og_description":"El ojo turco naranja\u00a0simboliza protecci\u00f3n, creatividad, felicidad, entusiasmo y fuerza de voluntad.\u00a0Se considera un amuleto que atrae la alegr\u00eda y fomenta la motivaci\u00f3n y la determinaci\u00f3n.\u00a0Es un talism\u00e1n que, adem\u00e1s de ofrecer protecci\u00f3n general contra las malas energ\u00edas, se enfoca en potenciar estas cualidades positivas en su portador.\u00a0","og_url":"https:\/\/platinum.bcardmexico.com\/?product=pulsera-ojo-turco-naranja-unisex","og_site_name":"PLATINUM BISUTER\u00cdA FINA","article_modified_time":"2025-10-21T18:25:24+00:00","og_image":[{"width":960,"height":1280,"url":"https:\/\/platinum.bcardmexico.com\/wp-content\/uploads\/2025\/10\/WhatsApp-Image-2025-10-20-at-20.56.23-13.jpeg","type":"image\/jpeg"}],"twitter_card":"summary_large_image","twitter_misc":{"Tiempo de lectura":"1 minuto"},"schema":{"@context":"https:\/\/schema.org","@graph":[{"@type":"WebPage","@id":"https:\/\/platinum.bcardmexico.com\/?product=pulsera-ojo-turco-naranja-unisex","url":"https:\/\/platinum.bcardmexico.com\/?product=pulsera-ojo-turco-naranja-unisex","name":"PULSERA OJO TURCO NARANJA UNISEX - PLATINUM BISUTER\u00cdA FINA","isPartOf":{"@id":"https:\/\/platinum.bcardmexico.com\/#website"},"primaryImageOfPage":{"@id":"https:\/\/platinum.bcardmexico.com\/?product=pulsera-ojo-turco-naranja-unisex#primaryimage"},"image":{"@id":"https:\/\/platinum.bcardmexico.com\/?product=pulsera-ojo-turco-naranja-unisex#primaryimage"},"thumbnailUrl":"https:\/\/platinum.bcardmexico.com\/wp-content\/uploads\/2025\/10\/WhatsApp-Image-2025-10-20-at-20.56.23-13.jpeg","datePublished":"2025-10-21T18:25:23+00:00","dateModified":"2025-10-21T18:25:24+00:00","description":"El ojo turco naranja\u00a0simboliza protecci\u00f3n, creatividad, felicidad, entusiasmo y fuerza de voluntad.\u00a0Se considera un amuleto que atrae la alegr\u00eda y fomenta la motivaci\u00f3n y la determinaci\u00f3n.\u00a0Es un talism\u00e1n que, adem\u00e1s de ofrecer protecci\u00f3n general contra las malas energ\u00edas, se enfoca en potenciar estas cualidades positivas en su portador.\u00a0","breadcrumb":{"@id":"https:\/\/platinum.bcardmexico.com\/?product=pulsera-ojo-turco-naranja-unisex#breadcrumb"},"inLanguage":"es","potentialAction":[{"@type":"ReadAction","target":["https:\/\/platinum.bcardmexico.com\/?product=pulsera-ojo-turco-naranja-unisex"]}]},{"@type":"ImageObject","inLanguage":"es","@id":"https:\/\/platinum.bcardmexico.com\/?product=pulsera-ojo-turco-naranja-unisex#primaryimage","url":"https:\/\/platinum.bcardmexico.com\/wp-content\/uploads\/2025\/10\/WhatsApp-Image-2025-10-20-at-20.56.23-13.jpeg","contentUrl":"https:\/\/platinum.bcardmexico.com\/wp-content\/uploads\/2025\/10\/WhatsApp-Image-2025-10-20-at-20.56.23-13.jpeg","width":960,"height":1280},{"@type":"BreadcrumbList","@id":"https:\/\/platinum.bcardmexico.com\/?product=pulsera-ojo-turco-naranja-unisex#breadcrumb","itemListElement":[{"@type":"ListItem","position":1,"name":"Portada","item":"https:\/\/platinum.bcardmexico.com\/"},{"@type":"ListItem","position":2,"name":"Shop","item":"https:\/\/platinum.bcardmexico.com\/?page_id=12"},{"@type":"ListItem","position":3,"name":"PULSERA OJO TURCO NARANJA UNISEX"}]},{"@type":"WebSite","@id":"https:\/\/platinum.bcardmexico.com\/#website","url":"https:\/\/platinum.bcardmexico.com\/","name":"PLATINUM BISUTER\u00cdA FINA","description":"PLATINUM BISUTER\u00cdA FINA","publisher":{"@id":"https:\/\/platinum.bcardmexico.com\/#organization"},"alternateName":"PLATINUM BISUTER\u00cdA FINA","potentialAction":[{"@type":"SearchAction","target":{"@type":"EntryPoint","urlTemplate":"https:\/\/platinum.bcardmexico.com\/?s={search_term_string}"},"query-input":{"@type":"PropertyValueSpecification","valueRequired":true,"valueName":"search_term_string"}}],"inLanguage":"es"},{"@type":"Organization","@id":"https:\/\/platinum.bcardmexico.com\/#organization","name":"PLATINUM BISUTER\u00cdA FINA","url":"https:\/\/platinum.bcardmexico.com\/","logo":{"@type":"ImageObject","inLanguage":"es","@id":"https:\/\/platinum.bcardmexico.com\/#\/schema\/logo\/image\/","url":"https:\/\/platinum.bcardmexico.com\/wp-content\/uploads\/2023\/09\/Logo-2x.png","contentUrl":"https:\/\/platinum.bcardmexico.com\/wp-content\/uploads\/2023\/09\/Logo-2x.png","width":314,"height":55,"caption":"PLATINUM BISUTER\u00cdA FINA"},"image":{"@id":"https:\/\/platinum.bcardmexico.com\/#\/schema\/logo\/image\/"}}]}},"_links":{"self":[{"href":"https:\/\/platinum.bcardmexico.com\/index.php?rest_route=\/wp\/v2\/product\/3124","targetHints":{"allow":["GET"]}}],"collection":[{"href":"https:\/\/platinum.bcardmexico.com\/index.php?rest_route=\/wp\/v2\/product"}],"about":[{"href":"https:\/\/platinum.bcardmexico.com\/index.php?rest_route=\/wp\/v2\/types\/product"}],"replies":[{"embeddable":true,"href":"https:\/\/platinum.bcardmexico.com\/index.php?rest_route=%2Fwp%2Fv2%2Fcomments&post=3124"}],"version-history":[{"count":1,"href":"https:\/\/platinum.bcardmexico.com\/index.php?rest_route=\/wp\/v2\/product\/3124\/revisions"}],"predecessor-version":[{"id":3128,"href":"https:\/\/platinum.bcardmexico.com\/index.php?rest_route=\/wp\/v2\/product\/3124\/revisions\/3128"}],"wp:featuredmedia":[{"embeddable":true,"href":"https:\/\/platinum.bcardmexico.com\/index.php?rest_route=\/wp\/v2\/media\/3125"}],"wp:attachment":[{"href":"https:\/\/platinum.bcardmexico.com\/index.php?rest_route=%2Fwp%2Fv2%2Fmedia&parent=3124"}],"wp:term":[{"taxonomy":"brand","embeddable":true,"href":"https:\/\/platinum.bcardmexico.com\/index.php?rest_route=%2Fwp%2Fv2%2Fetheme_brands&post=3124"},{"taxonomy":"product_brand","embeddable":true,"href":"https:\/\/platinum.bcardmexico.com\/index.php?rest_route=%2Fwp%2Fv2%2Fproduct_brand&post=3124"},{"taxonomy":"product_cat","embeddable":true,"href":"https:\/\/platinum.bcardmexico.com\/index.php?rest_route=%2Fwp%2Fv2%2Fproduct_cat&post=3124"},{"taxonomy":"product_tag","embeddable":true,"href":"https:\/\/platinum.bcardmexico.com\/index.php?rest_route=%2Fwp%2Fv2%2Fproduct_tag&post=3124"}],"curies":[{"name":"wp","href":"https:\/\/api.w.org\/{rel}","templated":true}]}}