{"id":3193,"date":"2025-10-21T21:59:04","date_gmt":"2025-10-21T21:59:04","guid":{"rendered":"https:\/\/platinum.bcardmexico.com\/?post_type=product&#038;p=3193"},"modified":"2025-10-21T21:59:05","modified_gmt":"2025-10-21T21:59:05","slug":"colgante-pendulo-cuarzo-limon","status":"publish","type":"product","link":"https:\/\/platinum.bcardmexico.com\/?product=colgante-pendulo-cuarzo-limon","title":{"rendered":"COLGANTE PENDULO CUARZO LIMON"},"content":{"rendered":"<div class=\"WaaZC\">\n<div class=\"RJPOee EIJn2\">\n<div class=\"rPeykc\" data-hveid=\"CAQQAQ\" data-ved=\"2ahUKEwiZy6__o7aQAxVt48kDHZsqK3wQo_EKegQIBBAB\"><span data-huuid=\"12656357070731498955\">El cuarzo lim\u00f3n es una variedad de cuarzo de color amarillo verdoso que se considera una gema con propiedades metaf\u00edsicas que\u00a0<mark class=\"QVRyCf\">promueven la prosperidad, la creatividad y la positividad<\/mark>.\u00a0<\/span><span data-huuid=\"12656357070731498716\">Entre sus propiedades se incluyen la ayuda para la concentraci\u00f3n, la atracci\u00f3n de la abundancia, el alivio del estr\u00e9s y la promoci\u00f3n de la claridad mental y el equilibrio emocional.\u00a0<\/span><span data-huuid=\"12656357070731498477\">Tambi\u00e9n se asocia con el chakra del plexo solar y se utiliza en joyer\u00eda por su belleza y durabilidad.<span class=\"pjBG2e\" data-cid=\"78f59143-b66b-447d-9d01-061bb7b655a6\"><span class=\"UV3uM\">\u00a0<\/span><\/span><\/span><\/p>\n<div class=\"NPrrbc\" data-cid=\"78f59143-b66b-447d-9d01-061bb7b655a6\" data-uuids=\"12656357070731498955,12656357070731498716,12656357070731498477\">\n<div class=\"BMebGe btku5b LwdV0e FR7ZSc OJeuxf\" role=\"button\" aria-label=\"Ver v\u00ednculos relacionados\" data-hveid=\"CAkQAQ\" data-ved=\"2ahUKEwiZy6__o7aQAxVt48kDHZsqK3wQ3fYKegQICRAB\">\n<div class=\"niO4u\"><\/div>\n<\/div>\n<\/div>\n<\/div>\n<\/div>\n<\/div>\n<div class=\"WaaZC\" aria-hidden=\"true\">\n<div class=\"RJPOee EIJn2\"><\/div>\n<\/div>\n","protected":false},"excerpt":{"rendered":"<p>PENDULO NATURAL DE CUARZO LIMON<\/p>\n<p>COLGANTE DE\u00a0 CELULAR\u00a0 PARA HOMBRE Y MUJER<\/p>\n<p>IDEAL PARA REGALO Y PROTECCION<\/p>\n","protected":false},"featured_media":3194,"comment_status":"open","ping_status":"closed","template":"","meta":[],"etheme_brands":[],"product_brand":[149],"product_cat":[148],"product_tag":[],"class_list":{"0":"post-3193","1":"product","2":"type-product","3":"status-publish","4":"has-post-thumbnail","6":"product_brand-colgante-para-celular","7":"product_cat-colgante-para-celular","9":"first","10":"instock","11":"shipping-taxable","12":"purchasable","13":"product-type-simple"},"yoast_head":"<!-- This site is optimized with the Yoast SEO Premium plugin v23.4 (Yoast SEO v23.4) - https:\/\/yoast.com\/wordpress\/plugins\/seo\/ -->\n<title>COLGANTE PENDULO CUARZO LIMON - PLATINUM BISUTER\u00cdA FINA<\/title>\n<meta name=\"description\" content=\"El cuarzo lim\u00f3n es una variedad de cuarzo de color amarillo verdoso que se considera una gema con propiedades metaf\u00edsicas que promueven la prosperidad, la creatividad y la positividad. Entre sus propiedades se incluyen la ayuda para la concentraci\u00f3n, la atracci\u00f3n de la abundancia, el alivio del estr\u00e9s y la promoci\u00f3n de la claridad mental y el equilibrio emocional. Tambi\u00e9n se asocia con el chakra del plexo solar y se utiliza en joyer\u00eda por su belleza y durabilidad.\" \/>\n<meta name=\"robots\" content=\"index, follow, max-snippet:-1, max-image-preview:large, max-video-preview:-1\" \/>\n<link rel=\"canonical\" href=\"https:\/\/platinum.bcardmexico.com\/?product=colgante-pendulo-cuarzo-limon\" \/>\n<meta property=\"og:locale\" content=\"es_ES\" \/>\n<meta property=\"og:type\" content=\"article\" \/>\n<meta property=\"og:title\" content=\"COLGANTE PENDULO CUARZO LIMON\" \/>\n<meta property=\"og:description\" content=\"El cuarzo lim\u00f3n es una variedad de cuarzo de color amarillo verdoso que se considera una gema con propiedades metaf\u00edsicas que promueven la prosperidad, la creatividad y la positividad. Entre sus propiedades se incluyen la ayuda para la concentraci\u00f3n, la atracci\u00f3n de la abundancia, el alivio del estr\u00e9s y la promoci\u00f3n de la claridad mental y el equilibrio emocional. Tambi\u00e9n se asocia con el chakra del plexo solar y se utiliza en joyer\u00eda por su belleza y durabilidad.\" \/>\n<meta property=\"og:url\" content=\"https:\/\/platinum.bcardmexico.com\/?product=colgante-pendulo-cuarzo-limon\" \/>\n<meta property=\"og:site_name\" content=\"PLATINUM BISUTER\u00cdA FINA\" \/>\n<meta property=\"article:modified_time\" content=\"2025-10-21T21:59:05+00:00\" \/>\n<meta property=\"og:image\" content=\"https:\/\/platinum.bcardmexico.com\/wp-content\/uploads\/2025\/10\/WhatsApp-Image-2025-10-21-at-15.52.22.jpeg\" \/>\n\t<meta property=\"og:image:width\" content=\"960\" \/>\n\t<meta property=\"og:image:height\" content=\"1280\" \/>\n\t<meta property=\"og:image:type\" content=\"image\/jpeg\" \/>\n<meta name=\"twitter:card\" content=\"summary_large_image\" \/>\n<meta name=\"twitter:label1\" content=\"Tiempo de lectura\" \/>\n\t<meta name=\"twitter:data1\" content=\"1 minuto\" \/>\n<script type=\"application\/ld+json\" class=\"yoast-schema-graph\">{\"@context\":\"https:\/\/schema.org\",\"@graph\":[{\"@type\":\"WebPage\",\"@id\":\"https:\/\/platinum.bcardmexico.com\/?product=colgante-pendulo-cuarzo-limon\",\"url\":\"https:\/\/platinum.bcardmexico.com\/?product=colgante-pendulo-cuarzo-limon\",\"name\":\"COLGANTE PENDULO CUARZO LIMON - PLATINUM BISUTER\u00cdA FINA\",\"isPartOf\":{\"@id\":\"https:\/\/platinum.bcardmexico.com\/#website\"},\"primaryImageOfPage\":{\"@id\":\"https:\/\/platinum.bcardmexico.com\/?product=colgante-pendulo-cuarzo-limon#primaryimage\"},\"image\":{\"@id\":\"https:\/\/platinum.bcardmexico.com\/?product=colgante-pendulo-cuarzo-limon#primaryimage\"},\"thumbnailUrl\":\"https:\/\/platinum.bcardmexico.com\/wp-content\/uploads\/2025\/10\/WhatsApp-Image-2025-10-21-at-15.52.22.jpeg\",\"datePublished\":\"2025-10-21T21:59:04+00:00\",\"dateModified\":\"2025-10-21T21:59:05+00:00\",\"description\":\"El cuarzo lim\u00f3n es una variedad de cuarzo de color amarillo verdoso que se considera una gema con propiedades metaf\u00edsicas que promueven la prosperidad, la creatividad y la positividad. Entre sus propiedades se incluyen la ayuda para la concentraci\u00f3n, la atracci\u00f3n de la abundancia, el alivio del estr\u00e9s y la promoci\u00f3n de la claridad mental y el equilibrio emocional. Tambi\u00e9n se asocia con el chakra del plexo solar y se utiliza en joyer\u00eda por su belleza y durabilidad.\",\"breadcrumb\":{\"@id\":\"https:\/\/platinum.bcardmexico.com\/?product=colgante-pendulo-cuarzo-limon#breadcrumb\"},\"inLanguage\":\"es\",\"potentialAction\":[{\"@type\":\"ReadAction\",\"target\":[\"https:\/\/platinum.bcardmexico.com\/?product=colgante-pendulo-cuarzo-limon\"]}]},{\"@type\":\"ImageObject\",\"inLanguage\":\"es\",\"@id\":\"https:\/\/platinum.bcardmexico.com\/?product=colgante-pendulo-cuarzo-limon#primaryimage\",\"url\":\"https:\/\/platinum.bcardmexico.com\/wp-content\/uploads\/2025\/10\/WhatsApp-Image-2025-10-21-at-15.52.22.jpeg\",\"contentUrl\":\"https:\/\/platinum.bcardmexico.com\/wp-content\/uploads\/2025\/10\/WhatsApp-Image-2025-10-21-at-15.52.22.jpeg\",\"width\":960,\"height\":1280},{\"@type\":\"BreadcrumbList\",\"@id\":\"https:\/\/platinum.bcardmexico.com\/?product=colgante-pendulo-cuarzo-limon#breadcrumb\",\"itemListElement\":[{\"@type\":\"ListItem\",\"position\":1,\"name\":\"Portada\",\"item\":\"https:\/\/platinum.bcardmexico.com\/\"},{\"@type\":\"ListItem\",\"position\":2,\"name\":\"Shop\",\"item\":\"https:\/\/platinum.bcardmexico.com\/?page_id=12\"},{\"@type\":\"ListItem\",\"position\":3,\"name\":\"COLGANTE PENDULO CUARZO LIMON\"}]},{\"@type\":\"WebSite\",\"@id\":\"https:\/\/platinum.bcardmexico.com\/#website\",\"url\":\"https:\/\/platinum.bcardmexico.com\/\",\"name\":\"PLATINUM BISUTER\u00cdA FINA\",\"description\":\"PLATINUM BISUTER\u00cdA FINA\",\"publisher\":{\"@id\":\"https:\/\/platinum.bcardmexico.com\/#organization\"},\"alternateName\":\"PLATINUM BISUTER\u00cdA FINA\",\"potentialAction\":[{\"@type\":\"SearchAction\",\"target\":{\"@type\":\"EntryPoint\",\"urlTemplate\":\"https:\/\/platinum.bcardmexico.com\/?s={search_term_string}\"},\"query-input\":{\"@type\":\"PropertyValueSpecification\",\"valueRequired\":true,\"valueName\":\"search_term_string\"}}],\"inLanguage\":\"es\"},{\"@type\":\"Organization\",\"@id\":\"https:\/\/platinum.bcardmexico.com\/#organization\",\"name\":\"PLATINUM BISUTER\u00cdA FINA\",\"url\":\"https:\/\/platinum.bcardmexico.com\/\",\"logo\":{\"@type\":\"ImageObject\",\"inLanguage\":\"es\",\"@id\":\"https:\/\/platinum.bcardmexico.com\/#\/schema\/logo\/image\/\",\"url\":\"https:\/\/platinum.bcardmexico.com\/wp-content\/uploads\/2023\/09\/Logo-2x.png\",\"contentUrl\":\"https:\/\/platinum.bcardmexico.com\/wp-content\/uploads\/2023\/09\/Logo-2x.png\",\"width\":314,\"height\":55,\"caption\":\"PLATINUM BISUTER\u00cdA FINA\"},\"image\":{\"@id\":\"https:\/\/platinum.bcardmexico.com\/#\/schema\/logo\/image\/\"}}]}<\/script>\n<!-- \/ Yoast SEO Premium plugin. -->","yoast_head_json":{"title":"COLGANTE PENDULO CUARZO LIMON - PLATINUM BISUTER\u00cdA FINA","description":"El cuarzo lim\u00f3n es una variedad de cuarzo de color amarillo verdoso que se considera una gema con propiedades metaf\u00edsicas que promueven la prosperidad, la creatividad y la positividad. Entre sus propiedades se incluyen la ayuda para la concentraci\u00f3n, la atracci\u00f3n de la abundancia, el alivio del estr\u00e9s y la promoci\u00f3n de la claridad mental y el equilibrio emocional. Tambi\u00e9n se asocia con el chakra del plexo solar y se utiliza en joyer\u00eda por su belleza y durabilidad.","robots":{"index":"index","follow":"follow","max-snippet":"max-snippet:-1","max-image-preview":"max-image-preview:large","max-video-preview":"max-video-preview:-1"},"canonical":"https:\/\/platinum.bcardmexico.com\/?product=colgante-pendulo-cuarzo-limon","og_locale":"es_ES","og_type":"article","og_title":"COLGANTE PENDULO CUARZO LIMON","og_description":"El cuarzo lim\u00f3n es una variedad de cuarzo de color amarillo verdoso que se considera una gema con propiedades metaf\u00edsicas que promueven la prosperidad, la creatividad y la positividad. Entre sus propiedades se incluyen la ayuda para la concentraci\u00f3n, la atracci\u00f3n de la abundancia, el alivio del estr\u00e9s y la promoci\u00f3n de la claridad mental y el equilibrio emocional. Tambi\u00e9n se asocia con el chakra del plexo solar y se utiliza en joyer\u00eda por su belleza y durabilidad.","og_url":"https:\/\/platinum.bcardmexico.com\/?product=colgante-pendulo-cuarzo-limon","og_site_name":"PLATINUM BISUTER\u00cdA FINA","article_modified_time":"2025-10-21T21:59:05+00:00","og_image":[{"width":960,"height":1280,"url":"https:\/\/platinum.bcardmexico.com\/wp-content\/uploads\/2025\/10\/WhatsApp-Image-2025-10-21-at-15.52.22.jpeg","type":"image\/jpeg"}],"twitter_card":"summary_large_image","twitter_misc":{"Tiempo de lectura":"1 minuto"},"schema":{"@context":"https:\/\/schema.org","@graph":[{"@type":"WebPage","@id":"https:\/\/platinum.bcardmexico.com\/?product=colgante-pendulo-cuarzo-limon","url":"https:\/\/platinum.bcardmexico.com\/?product=colgante-pendulo-cuarzo-limon","name":"COLGANTE PENDULO CUARZO LIMON - PLATINUM BISUTER\u00cdA FINA","isPartOf":{"@id":"https:\/\/platinum.bcardmexico.com\/#website"},"primaryImageOfPage":{"@id":"https:\/\/platinum.bcardmexico.com\/?product=colgante-pendulo-cuarzo-limon#primaryimage"},"image":{"@id":"https:\/\/platinum.bcardmexico.com\/?product=colgante-pendulo-cuarzo-limon#primaryimage"},"thumbnailUrl":"https:\/\/platinum.bcardmexico.com\/wp-content\/uploads\/2025\/10\/WhatsApp-Image-2025-10-21-at-15.52.22.jpeg","datePublished":"2025-10-21T21:59:04+00:00","dateModified":"2025-10-21T21:59:05+00:00","description":"El cuarzo lim\u00f3n es una variedad de cuarzo de color amarillo verdoso que se considera una gema con propiedades metaf\u00edsicas que promueven la prosperidad, la creatividad y la positividad. Entre sus propiedades se incluyen la ayuda para la concentraci\u00f3n, la atracci\u00f3n de la abundancia, el alivio del estr\u00e9s y la promoci\u00f3n de la claridad mental y el equilibrio emocional. Tambi\u00e9n se asocia con el chakra del plexo solar y se utiliza en joyer\u00eda por su belleza y durabilidad.","breadcrumb":{"@id":"https:\/\/platinum.bcardmexico.com\/?product=colgante-pendulo-cuarzo-limon#breadcrumb"},"inLanguage":"es","potentialAction":[{"@type":"ReadAction","target":["https:\/\/platinum.bcardmexico.com\/?product=colgante-pendulo-cuarzo-limon"]}]},{"@type":"ImageObject","inLanguage":"es","@id":"https:\/\/platinum.bcardmexico.com\/?product=colgante-pendulo-cuarzo-limon#primaryimage","url":"https:\/\/platinum.bcardmexico.com\/wp-content\/uploads\/2025\/10\/WhatsApp-Image-2025-10-21-at-15.52.22.jpeg","contentUrl":"https:\/\/platinum.bcardmexico.com\/wp-content\/uploads\/2025\/10\/WhatsApp-Image-2025-10-21-at-15.52.22.jpeg","width":960,"height":1280},{"@type":"BreadcrumbList","@id":"https:\/\/platinum.bcardmexico.com\/?product=colgante-pendulo-cuarzo-limon#breadcrumb","itemListElement":[{"@type":"ListItem","position":1,"name":"Portada","item":"https:\/\/platinum.bcardmexico.com\/"},{"@type":"ListItem","position":2,"name":"Shop","item":"https:\/\/platinum.bcardmexico.com\/?page_id=12"},{"@type":"ListItem","position":3,"name":"COLGANTE PENDULO CUARZO LIMON"}]},{"@type":"WebSite","@id":"https:\/\/platinum.bcardmexico.com\/#website","url":"https:\/\/platinum.bcardmexico.com\/","name":"PLATINUM BISUTER\u00cdA FINA","description":"PLATINUM BISUTER\u00cdA FINA","publisher":{"@id":"https:\/\/platinum.bcardmexico.com\/#organization"},"alternateName":"PLATINUM BISUTER\u00cdA FINA","potentialAction":[{"@type":"SearchAction","target":{"@type":"EntryPoint","urlTemplate":"https:\/\/platinum.bcardmexico.com\/?s={search_term_string}"},"query-input":{"@type":"PropertyValueSpecification","valueRequired":true,"valueName":"search_term_string"}}],"inLanguage":"es"},{"@type":"Organization","@id":"https:\/\/platinum.bcardmexico.com\/#organization","name":"PLATINUM BISUTER\u00cdA FINA","url":"https:\/\/platinum.bcardmexico.com\/","logo":{"@type":"ImageObject","inLanguage":"es","@id":"https:\/\/platinum.bcardmexico.com\/#\/schema\/logo\/image\/","url":"https:\/\/platinum.bcardmexico.com\/wp-content\/uploads\/2023\/09\/Logo-2x.png","contentUrl":"https:\/\/platinum.bcardmexico.com\/wp-content\/uploads\/2023\/09\/Logo-2x.png","width":314,"height":55,"caption":"PLATINUM BISUTER\u00cdA FINA"},"image":{"@id":"https:\/\/platinum.bcardmexico.com\/#\/schema\/logo\/image\/"}}]}},"_links":{"self":[{"href":"https:\/\/platinum.bcardmexico.com\/index.php?rest_route=\/wp\/v2\/product\/3193","targetHints":{"allow":["GET"]}}],"collection":[{"href":"https:\/\/platinum.bcardmexico.com\/index.php?rest_route=\/wp\/v2\/product"}],"about":[{"href":"https:\/\/platinum.bcardmexico.com\/index.php?rest_route=\/wp\/v2\/types\/product"}],"replies":[{"embeddable":true,"href":"https:\/\/platinum.bcardmexico.com\/index.php?rest_route=%2Fwp%2Fv2%2Fcomments&post=3193"}],"version-history":[{"count":1,"href":"https:\/\/platinum.bcardmexico.com\/index.php?rest_route=\/wp\/v2\/product\/3193\/revisions"}],"predecessor-version":[{"id":3196,"href":"https:\/\/platinum.bcardmexico.com\/index.php?rest_route=\/wp\/v2\/product\/3193\/revisions\/3196"}],"wp:featuredmedia":[{"embeddable":true,"href":"https:\/\/platinum.bcardmexico.com\/index.php?rest_route=\/wp\/v2\/media\/3194"}],"wp:attachment":[{"href":"https:\/\/platinum.bcardmexico.com\/index.php?rest_route=%2Fwp%2Fv2%2Fmedia&parent=3193"}],"wp:term":[{"taxonomy":"brand","embeddable":true,"href":"https:\/\/platinum.bcardmexico.com\/index.php?rest_route=%2Fwp%2Fv2%2Fetheme_brands&post=3193"},{"taxonomy":"product_brand","embeddable":true,"href":"https:\/\/platinum.bcardmexico.com\/index.php?rest_route=%2Fwp%2Fv2%2Fproduct_brand&post=3193"},{"taxonomy":"product_cat","embeddable":true,"href":"https:\/\/platinum.bcardmexico.com\/index.php?rest_route=%2Fwp%2Fv2%2Fproduct_cat&post=3193"},{"taxonomy":"product_tag","embeddable":true,"href":"https:\/\/platinum.bcardmexico.com\/index.php?rest_route=%2Fwp%2Fv2%2Fproduct_tag&post=3193"}],"curies":[{"name":"wp","href":"https:\/\/api.w.org\/{rel}","templated":true}]}}