{"id":3270,"date":"2025-10-24T03:40:11","date_gmt":"2025-10-24T03:40:11","guid":{"rendered":"https:\/\/platinum.bcardmexico.com\/?post_type=product&#038;p=3270"},"modified":"2025-10-24T03:40:11","modified_gmt":"2025-10-24T03:40:11","slug":"colgante-pendulo-zoisita-de-rubi","status":"publish","type":"product","link":"https:\/\/platinum.bcardmexico.com\/?product=colgante-pendulo-zoisita-de-rubi","title":{"rendered":"COLGANTE PENDULO ZOISITA DE RUBI"},"content":{"rendered":"<p><span data-huuid=\"14665588655714914922\">La zoisita de rub\u00ed combina las propiedades de ambos minerales, ofreciendo energ\u00eda y vitalidad del rub\u00ed junto con la estabilidad y la capacidad de transmutaci\u00f3n de la zoisita.\u00a0<\/span><span data-huuid=\"14665588655714914451\">Se considera que\u00a0<mark class=\"QVRyCf\">fomenta la pasi\u00f3n, el coraje, la creatividad y la conexi\u00f3n emocional, mientras que a nivel f\u00edsico, puede ayudar a la circulaci\u00f3n sangu\u00ednea, al sistema inmunol\u00f3gico y a equilibrar las energ\u00edas del cuerpo<\/mark><\/span><\/p>\n","protected":false},"excerpt":{"rendered":"<p>PENDULO NATURAL DE ZOISITA DE RUBI<\/p>\n<p>COLGANTE DE\u00a0 CELULAR\u00a0 PARA HOMBRE Y MUJER<\/p>\n<p>IDEAL PARA REGALO Y PROTECCION<\/p>\n","protected":false},"featured_media":3271,"comment_status":"open","ping_status":"closed","template":"","meta":[],"etheme_brands":[],"product_brand":[149],"product_cat":[148],"product_tag":[],"class_list":{"0":"post-3270","1":"product","2":"type-product","3":"status-publish","4":"has-post-thumbnail","6":"product_brand-colgante-para-celular","7":"product_cat-colgante-para-celular","9":"first","10":"instock","11":"shipping-taxable","12":"purchasable","13":"product-type-simple"},"yoast_head":"<!-- This site is optimized with the Yoast SEO Premium plugin v23.4 (Yoast SEO v23.4) - https:\/\/yoast.com\/wordpress\/plugins\/seo\/ -->\n<title>COLGANTE PENDULO ZOISITA DE RUBI - PLATINUM BISUTER\u00cdA FINA<\/title>\n<meta name=\"description\" content=\"La zoisita de rub\u00ed combina las propiedades de ambos minerales, ofreciendo energ\u00eda y vitalidad del rub\u00ed junto con la estabilidad y la capacidad de transmutaci\u00f3n de la zoisita.\u00a0Se considera que\u00a0fomenta la pasi\u00f3n, el coraje, la creatividad y la conexi\u00f3n emocional, mientras que a nivel f\u00edsico, puede ayudar a la circulaci\u00f3n sangu\u00ednea, al sistema inmunol\u00f3gico y a equilibrar las energ\u00edas del cuerpo\" \/>\n<meta name=\"robots\" content=\"index, follow, max-snippet:-1, max-image-preview:large, max-video-preview:-1\" \/>\n<link rel=\"canonical\" href=\"https:\/\/platinum.bcardmexico.com\/?product=colgante-pendulo-zoisita-de-rubi\" \/>\n<meta property=\"og:locale\" content=\"es_ES\" \/>\n<meta property=\"og:type\" content=\"article\" \/>\n<meta property=\"og:title\" content=\"COLGANTE PENDULO ZOISITA DE RUBI\" \/>\n<meta property=\"og:description\" content=\"La zoisita de rub\u00ed combina las propiedades de ambos minerales, ofreciendo energ\u00eda y vitalidad del rub\u00ed junto con la estabilidad y la capacidad de transmutaci\u00f3n de la zoisita.\u00a0Se considera que\u00a0fomenta la pasi\u00f3n, el coraje, la creatividad y la conexi\u00f3n emocional, mientras que a nivel f\u00edsico, puede ayudar a la circulaci\u00f3n sangu\u00ednea, al sistema inmunol\u00f3gico y a equilibrar las energ\u00edas del cuerpo\" \/>\n<meta property=\"og:url\" content=\"https:\/\/platinum.bcardmexico.com\/?product=colgante-pendulo-zoisita-de-rubi\" \/>\n<meta property=\"og:site_name\" content=\"PLATINUM BISUTER\u00cdA FINA\" \/>\n<meta property=\"og:image\" content=\"https:\/\/platinum.bcardmexico.com\/wp-content\/uploads\/2025\/10\/WhatsApp-Image-2025-10-23-at-8.41.35-PM-16.jpeg\" \/>\n\t<meta property=\"og:image:width\" content=\"960\" \/>\n\t<meta property=\"og:image:height\" content=\"1280\" \/>\n\t<meta property=\"og:image:type\" content=\"image\/jpeg\" \/>\n<meta name=\"twitter:card\" content=\"summary_large_image\" \/>\n<meta name=\"twitter:label1\" content=\"Tiempo de lectura\" \/>\n\t<meta name=\"twitter:data1\" content=\"1 minuto\" \/>\n<script type=\"application\/ld+json\" class=\"yoast-schema-graph\">{\"@context\":\"https:\/\/schema.org\",\"@graph\":[{\"@type\":\"WebPage\",\"@id\":\"https:\/\/platinum.bcardmexico.com\/?product=colgante-pendulo-zoisita-de-rubi\",\"url\":\"https:\/\/platinum.bcardmexico.com\/?product=colgante-pendulo-zoisita-de-rubi\",\"name\":\"COLGANTE PENDULO ZOISITA DE RUBI - PLATINUM BISUTER\u00cdA FINA\",\"isPartOf\":{\"@id\":\"https:\/\/platinum.bcardmexico.com\/#website\"},\"primaryImageOfPage\":{\"@id\":\"https:\/\/platinum.bcardmexico.com\/?product=colgante-pendulo-zoisita-de-rubi#primaryimage\"},\"image\":{\"@id\":\"https:\/\/platinum.bcardmexico.com\/?product=colgante-pendulo-zoisita-de-rubi#primaryimage\"},\"thumbnailUrl\":\"https:\/\/platinum.bcardmexico.com\/wp-content\/uploads\/2025\/10\/WhatsApp-Image-2025-10-23-at-8.41.35-PM-16.jpeg\",\"datePublished\":\"2025-10-24T03:40:11+00:00\",\"dateModified\":\"2025-10-24T03:40:11+00:00\",\"description\":\"La zoisita de rub\u00ed combina las propiedades de ambos minerales, ofreciendo energ\u00eda y vitalidad del rub\u00ed junto con la estabilidad y la capacidad de transmutaci\u00f3n de la zoisita.\u00a0Se considera que\u00a0fomenta la pasi\u00f3n, el coraje, la creatividad y la conexi\u00f3n emocional, mientras que a nivel f\u00edsico, puede ayudar a la circulaci\u00f3n sangu\u00ednea, al sistema inmunol\u00f3gico y a equilibrar las energ\u00edas del cuerpo\",\"breadcrumb\":{\"@id\":\"https:\/\/platinum.bcardmexico.com\/?product=colgante-pendulo-zoisita-de-rubi#breadcrumb\"},\"inLanguage\":\"es\",\"potentialAction\":[{\"@type\":\"ReadAction\",\"target\":[\"https:\/\/platinum.bcardmexico.com\/?product=colgante-pendulo-zoisita-de-rubi\"]}]},{\"@type\":\"ImageObject\",\"inLanguage\":\"es\",\"@id\":\"https:\/\/platinum.bcardmexico.com\/?product=colgante-pendulo-zoisita-de-rubi#primaryimage\",\"url\":\"https:\/\/platinum.bcardmexico.com\/wp-content\/uploads\/2025\/10\/WhatsApp-Image-2025-10-23-at-8.41.35-PM-16.jpeg\",\"contentUrl\":\"https:\/\/platinum.bcardmexico.com\/wp-content\/uploads\/2025\/10\/WhatsApp-Image-2025-10-23-at-8.41.35-PM-16.jpeg\",\"width\":960,\"height\":1280},{\"@type\":\"BreadcrumbList\",\"@id\":\"https:\/\/platinum.bcardmexico.com\/?product=colgante-pendulo-zoisita-de-rubi#breadcrumb\",\"itemListElement\":[{\"@type\":\"ListItem\",\"position\":1,\"name\":\"Portada\",\"item\":\"https:\/\/platinum.bcardmexico.com\/\"},{\"@type\":\"ListItem\",\"position\":2,\"name\":\"Shop\",\"item\":\"https:\/\/platinum.bcardmexico.com\/?page_id=12\"},{\"@type\":\"ListItem\",\"position\":3,\"name\":\"COLGANTE PENDULO ZOISITA DE RUBI\"}]},{\"@type\":\"WebSite\",\"@id\":\"https:\/\/platinum.bcardmexico.com\/#website\",\"url\":\"https:\/\/platinum.bcardmexico.com\/\",\"name\":\"PLATINUM BISUTER\u00cdA FINA\",\"description\":\"PLATINUM BISUTER\u00cdA FINA\",\"publisher\":{\"@id\":\"https:\/\/platinum.bcardmexico.com\/#organization\"},\"alternateName\":\"PLATINUM BISUTER\u00cdA FINA\",\"potentialAction\":[{\"@type\":\"SearchAction\",\"target\":{\"@type\":\"EntryPoint\",\"urlTemplate\":\"https:\/\/platinum.bcardmexico.com\/?s={search_term_string}\"},\"query-input\":{\"@type\":\"PropertyValueSpecification\",\"valueRequired\":true,\"valueName\":\"search_term_string\"}}],\"inLanguage\":\"es\"},{\"@type\":\"Organization\",\"@id\":\"https:\/\/platinum.bcardmexico.com\/#organization\",\"name\":\"PLATINUM BISUTER\u00cdA FINA\",\"url\":\"https:\/\/platinum.bcardmexico.com\/\",\"logo\":{\"@type\":\"ImageObject\",\"inLanguage\":\"es\",\"@id\":\"https:\/\/platinum.bcardmexico.com\/#\/schema\/logo\/image\/\",\"url\":\"https:\/\/platinum.bcardmexico.com\/wp-content\/uploads\/2023\/09\/Logo-2x.png\",\"contentUrl\":\"https:\/\/platinum.bcardmexico.com\/wp-content\/uploads\/2023\/09\/Logo-2x.png\",\"width\":314,\"height\":55,\"caption\":\"PLATINUM BISUTER\u00cdA FINA\"},\"image\":{\"@id\":\"https:\/\/platinum.bcardmexico.com\/#\/schema\/logo\/image\/\"}}]}<\/script>\n<!-- \/ Yoast SEO Premium plugin. -->","yoast_head_json":{"title":"COLGANTE PENDULO ZOISITA DE RUBI - PLATINUM BISUTER\u00cdA FINA","description":"La zoisita de rub\u00ed combina las propiedades de ambos minerales, ofreciendo energ\u00eda y vitalidad del rub\u00ed junto con la estabilidad y la capacidad de transmutaci\u00f3n de la zoisita.\u00a0Se considera que\u00a0fomenta la pasi\u00f3n, el coraje, la creatividad y la conexi\u00f3n emocional, mientras que a nivel f\u00edsico, puede ayudar a la circulaci\u00f3n sangu\u00ednea, al sistema inmunol\u00f3gico y a equilibrar las energ\u00edas del cuerpo","robots":{"index":"index","follow":"follow","max-snippet":"max-snippet:-1","max-image-preview":"max-image-preview:large","max-video-preview":"max-video-preview:-1"},"canonical":"https:\/\/platinum.bcardmexico.com\/?product=colgante-pendulo-zoisita-de-rubi","og_locale":"es_ES","og_type":"article","og_title":"COLGANTE PENDULO ZOISITA DE RUBI","og_description":"La zoisita de rub\u00ed combina las propiedades de ambos minerales, ofreciendo energ\u00eda y vitalidad del rub\u00ed junto con la estabilidad y la capacidad de transmutaci\u00f3n de la zoisita.\u00a0Se considera que\u00a0fomenta la pasi\u00f3n, el coraje, la creatividad y la conexi\u00f3n emocional, mientras que a nivel f\u00edsico, puede ayudar a la circulaci\u00f3n sangu\u00ednea, al sistema inmunol\u00f3gico y a equilibrar las energ\u00edas del cuerpo","og_url":"https:\/\/platinum.bcardmexico.com\/?product=colgante-pendulo-zoisita-de-rubi","og_site_name":"PLATINUM BISUTER\u00cdA FINA","og_image":[{"width":960,"height":1280,"url":"https:\/\/platinum.bcardmexico.com\/wp-content\/uploads\/2025\/10\/WhatsApp-Image-2025-10-23-at-8.41.35-PM-16.jpeg","type":"image\/jpeg"}],"twitter_card":"summary_large_image","twitter_misc":{"Tiempo de lectura":"1 minuto"},"schema":{"@context":"https:\/\/schema.org","@graph":[{"@type":"WebPage","@id":"https:\/\/platinum.bcardmexico.com\/?product=colgante-pendulo-zoisita-de-rubi","url":"https:\/\/platinum.bcardmexico.com\/?product=colgante-pendulo-zoisita-de-rubi","name":"COLGANTE PENDULO ZOISITA DE RUBI - PLATINUM BISUTER\u00cdA FINA","isPartOf":{"@id":"https:\/\/platinum.bcardmexico.com\/#website"},"primaryImageOfPage":{"@id":"https:\/\/platinum.bcardmexico.com\/?product=colgante-pendulo-zoisita-de-rubi#primaryimage"},"image":{"@id":"https:\/\/platinum.bcardmexico.com\/?product=colgante-pendulo-zoisita-de-rubi#primaryimage"},"thumbnailUrl":"https:\/\/platinum.bcardmexico.com\/wp-content\/uploads\/2025\/10\/WhatsApp-Image-2025-10-23-at-8.41.35-PM-16.jpeg","datePublished":"2025-10-24T03:40:11+00:00","dateModified":"2025-10-24T03:40:11+00:00","description":"La zoisita de rub\u00ed combina las propiedades de ambos minerales, ofreciendo energ\u00eda y vitalidad del rub\u00ed junto con la estabilidad y la capacidad de transmutaci\u00f3n de la zoisita.\u00a0Se considera que\u00a0fomenta la pasi\u00f3n, el coraje, la creatividad y la conexi\u00f3n emocional, mientras que a nivel f\u00edsico, puede ayudar a la circulaci\u00f3n sangu\u00ednea, al sistema inmunol\u00f3gico y a equilibrar las energ\u00edas del cuerpo","breadcrumb":{"@id":"https:\/\/platinum.bcardmexico.com\/?product=colgante-pendulo-zoisita-de-rubi#breadcrumb"},"inLanguage":"es","potentialAction":[{"@type":"ReadAction","target":["https:\/\/platinum.bcardmexico.com\/?product=colgante-pendulo-zoisita-de-rubi"]}]},{"@type":"ImageObject","inLanguage":"es","@id":"https:\/\/platinum.bcardmexico.com\/?product=colgante-pendulo-zoisita-de-rubi#primaryimage","url":"https:\/\/platinum.bcardmexico.com\/wp-content\/uploads\/2025\/10\/WhatsApp-Image-2025-10-23-at-8.41.35-PM-16.jpeg","contentUrl":"https:\/\/platinum.bcardmexico.com\/wp-content\/uploads\/2025\/10\/WhatsApp-Image-2025-10-23-at-8.41.35-PM-16.jpeg","width":960,"height":1280},{"@type":"BreadcrumbList","@id":"https:\/\/platinum.bcardmexico.com\/?product=colgante-pendulo-zoisita-de-rubi#breadcrumb","itemListElement":[{"@type":"ListItem","position":1,"name":"Portada","item":"https:\/\/platinum.bcardmexico.com\/"},{"@type":"ListItem","position":2,"name":"Shop","item":"https:\/\/platinum.bcardmexico.com\/?page_id=12"},{"@type":"ListItem","position":3,"name":"COLGANTE PENDULO ZOISITA DE RUBI"}]},{"@type":"WebSite","@id":"https:\/\/platinum.bcardmexico.com\/#website","url":"https:\/\/platinum.bcardmexico.com\/","name":"PLATINUM BISUTER\u00cdA FINA","description":"PLATINUM BISUTER\u00cdA FINA","publisher":{"@id":"https:\/\/platinum.bcardmexico.com\/#organization"},"alternateName":"PLATINUM BISUTER\u00cdA FINA","potentialAction":[{"@type":"SearchAction","target":{"@type":"EntryPoint","urlTemplate":"https:\/\/platinum.bcardmexico.com\/?s={search_term_string}"},"query-input":{"@type":"PropertyValueSpecification","valueRequired":true,"valueName":"search_term_string"}}],"inLanguage":"es"},{"@type":"Organization","@id":"https:\/\/platinum.bcardmexico.com\/#organization","name":"PLATINUM BISUTER\u00cdA FINA","url":"https:\/\/platinum.bcardmexico.com\/","logo":{"@type":"ImageObject","inLanguage":"es","@id":"https:\/\/platinum.bcardmexico.com\/#\/schema\/logo\/image\/","url":"https:\/\/platinum.bcardmexico.com\/wp-content\/uploads\/2023\/09\/Logo-2x.png","contentUrl":"https:\/\/platinum.bcardmexico.com\/wp-content\/uploads\/2023\/09\/Logo-2x.png","width":314,"height":55,"caption":"PLATINUM BISUTER\u00cdA FINA"},"image":{"@id":"https:\/\/platinum.bcardmexico.com\/#\/schema\/logo\/image\/"}}]}},"_links":{"self":[{"href":"https:\/\/platinum.bcardmexico.com\/index.php?rest_route=\/wp\/v2\/product\/3270","targetHints":{"allow":["GET"]}}],"collection":[{"href":"https:\/\/platinum.bcardmexico.com\/index.php?rest_route=\/wp\/v2\/product"}],"about":[{"href":"https:\/\/platinum.bcardmexico.com\/index.php?rest_route=\/wp\/v2\/types\/product"}],"replies":[{"embeddable":true,"href":"https:\/\/platinum.bcardmexico.com\/index.php?rest_route=%2Fwp%2Fv2%2Fcomments&post=3270"}],"version-history":[{"count":1,"href":"https:\/\/platinum.bcardmexico.com\/index.php?rest_route=\/wp\/v2\/product\/3270\/revisions"}],"predecessor-version":[{"id":3272,"href":"https:\/\/platinum.bcardmexico.com\/index.php?rest_route=\/wp\/v2\/product\/3270\/revisions\/3272"}],"wp:featuredmedia":[{"embeddable":true,"href":"https:\/\/platinum.bcardmexico.com\/index.php?rest_route=\/wp\/v2\/media\/3271"}],"wp:attachment":[{"href":"https:\/\/platinum.bcardmexico.com\/index.php?rest_route=%2Fwp%2Fv2%2Fmedia&parent=3270"}],"wp:term":[{"taxonomy":"brand","embeddable":true,"href":"https:\/\/platinum.bcardmexico.com\/index.php?rest_route=%2Fwp%2Fv2%2Fetheme_brands&post=3270"},{"taxonomy":"product_brand","embeddable":true,"href":"https:\/\/platinum.bcardmexico.com\/index.php?rest_route=%2Fwp%2Fv2%2Fproduct_brand&post=3270"},{"taxonomy":"product_cat","embeddable":true,"href":"https:\/\/platinum.bcardmexico.com\/index.php?rest_route=%2Fwp%2Fv2%2Fproduct_cat&post=3270"},{"taxonomy":"product_tag","embeddable":true,"href":"https:\/\/platinum.bcardmexico.com\/index.php?rest_route=%2Fwp%2Fv2%2Fproduct_tag&post=3270"}],"curies":[{"name":"wp","href":"https:\/\/api.w.org\/{rel}","templated":true}]}}