{"id":3325,"date":"2025-10-28T22:56:23","date_gmt":"2025-10-28T22:56:23","guid":{"rendered":"https:\/\/platinum.bcardmexico.com\/?post_type=product&#038;p=3325"},"modified":"2025-10-29T00:07:11","modified_gmt":"2025-10-29T00:07:11","slug":"piedra-natural-volcanica-metalica-mod-1","status":"publish","type":"product","link":"https:\/\/platinum.bcardmexico.com\/?product=piedra-natural-volcanica-metalica-mod-1","title":{"rendered":"PIEDRA NATURAL VOLCANICA METALICA  MOD 1"},"content":{"rendered":"<p><span data-huuid=\"17754994430419659758\">La piedra volc\u00e1nica tiene propiedades de\u00a0<mark class=\"QVRyCf\">durabilidad y resistencia extrema, bajo mantenimiento y resistencia a la intemperie, adem\u00e1s de aislamiento t\u00e9rmico y ac\u00fastico<\/mark>.\u00a0<\/span><span data-huuid=\"17754994430419659951\">En la cocina, destaca por su capacidad para retener el calor y distribuir el calor de manera uniforme.\u00a0<\/span><span data-huuid=\"17754994430419660144\">Desde una perspectiva energ\u00e9tica y de bienestar, se asocia con la absorci\u00f3n de energ\u00eda negativa, la estabilidad, la fuerza y el alivio del estr\u00e9s y el dolor muscular.<span class=\"pjBG2e\" data-cid=\"895060ee-bc43-4989-a412-68fe1c353610\"><span class=\"UV3uM\">\u00a0<\/span><\/span><\/span><\/p>\n","protected":false},"excerpt":{"rendered":"<p>PIEDRA NATURAL IDEAL PARA ARMADO DE ACCESORIOS DE HOMBRE Y MUJER<\/p>\n<p>CONTIENE 1 TIRA<\/p>\n","protected":false},"featured_media":2817,"comment_status":"open","ping_status":"closed","template":"","meta":[],"etheme_brands":[],"product_brand":[151],"product_cat":[150],"product_tag":[],"class_list":{"0":"post-3325","1":"product","2":"type-product","3":"status-publish","4":"has-post-thumbnail","6":"product_brand-piedra-natural","7":"product_cat-piedra-natural","8":"pa_medida-4mm","9":"pa_medida-6mm","10":"pa_medida-8mm","12":"first","13":"instock","14":"shipping-taxable","15":"purchasable","16":"product-type-variable"},"yoast_head":"<!-- This site is optimized with the Yoast SEO Premium plugin v23.4 (Yoast SEO v23.4) - https:\/\/yoast.com\/wordpress\/plugins\/seo\/ -->\n<title>PIEDRA NATURAL VOLCANICA METALICA MOD 1 - PLATINUM BISUTER\u00cdA FINA<\/title>\n<meta name=\"description\" content=\"La piedra volc\u00e1nica tiene propiedades de durabilidad y resistencia extrema, bajo mantenimiento y resistencia a la intemperie, adem\u00e1s de aislamiento t\u00e9rmico y ac\u00fastico. En la cocina, destaca por su capacidad para retener el calor y distribuir el calor de manera uniforme. Desde una perspectiva energ\u00e9tica y de bienestar, se asocia con la absorci\u00f3n de energ\u00eda negativa, la estabilidad, la fuerza y el alivio del estr\u00e9s y el dolor muscular.\" \/>\n<meta name=\"robots\" content=\"index, follow, max-snippet:-1, max-image-preview:large, max-video-preview:-1\" \/>\n<link rel=\"canonical\" href=\"https:\/\/platinum.bcardmexico.com\/?product=piedra-natural-volcanica-metalica-mod-1\" \/>\n<meta property=\"og:locale\" content=\"es_ES\" \/>\n<meta property=\"og:type\" content=\"article\" \/>\n<meta property=\"og:title\" content=\"PIEDRA NATURAL VOLCANICA METALICA MOD 1\" \/>\n<meta property=\"og:description\" content=\"La piedra volc\u00e1nica tiene propiedades de durabilidad y resistencia extrema, bajo mantenimiento y resistencia a la intemperie, adem\u00e1s de aislamiento t\u00e9rmico y ac\u00fastico. En la cocina, destaca por su capacidad para retener el calor y distribuir el calor de manera uniforme. Desde una perspectiva energ\u00e9tica y de bienestar, se asocia con la absorci\u00f3n de energ\u00eda negativa, la estabilidad, la fuerza y el alivio del estr\u00e9s y el dolor muscular.\" \/>\n<meta property=\"og:url\" content=\"https:\/\/platinum.bcardmexico.com\/?product=piedra-natural-volcanica-metalica-mod-1\" \/>\n<meta property=\"og:site_name\" content=\"PLATINUM BISUTER\u00cdA FINA\" \/>\n<meta property=\"article:modified_time\" content=\"2025-10-29T00:07:11+00:00\" \/>\n<meta property=\"og:image\" content=\"https:\/\/platinum.bcardmexico.com\/wp-content\/uploads\/2025\/06\/mod-15.jpg\" \/>\n\t<meta property=\"og:image:width\" content=\"800\" \/>\n\t<meta property=\"og:image:height\" content=\"800\" \/>\n\t<meta property=\"og:image:type\" content=\"image\/jpeg\" \/>\n<meta name=\"twitter:card\" content=\"summary_large_image\" \/>\n<meta name=\"twitter:label1\" content=\"Tiempo de lectura\" \/>\n\t<meta name=\"twitter:data1\" content=\"1 minuto\" \/>\n<script type=\"application\/ld+json\" class=\"yoast-schema-graph\">{\"@context\":\"https:\/\/schema.org\",\"@graph\":[{\"@type\":\"WebPage\",\"@id\":\"https:\/\/platinum.bcardmexico.com\/?product=piedra-natural-volcanica-metalica-mod-1\",\"url\":\"https:\/\/platinum.bcardmexico.com\/?product=piedra-natural-volcanica-metalica-mod-1\",\"name\":\"PIEDRA NATURAL VOLCANICA METALICA MOD 1 - PLATINUM BISUTER\u00cdA FINA\",\"isPartOf\":{\"@id\":\"https:\/\/platinum.bcardmexico.com\/#website\"},\"primaryImageOfPage\":{\"@id\":\"https:\/\/platinum.bcardmexico.com\/?product=piedra-natural-volcanica-metalica-mod-1#primaryimage\"},\"image\":{\"@id\":\"https:\/\/platinum.bcardmexico.com\/?product=piedra-natural-volcanica-metalica-mod-1#primaryimage\"},\"thumbnailUrl\":\"https:\/\/platinum.bcardmexico.com\/wp-content\/uploads\/2025\/06\/mod-15.jpg\",\"datePublished\":\"2025-10-28T22:56:23+00:00\",\"dateModified\":\"2025-10-29T00:07:11+00:00\",\"description\":\"La piedra volc\u00e1nica tiene propiedades de durabilidad y resistencia extrema, bajo mantenimiento y resistencia a la intemperie, adem\u00e1s de aislamiento t\u00e9rmico y ac\u00fastico. En la cocina, destaca por su capacidad para retener el calor y distribuir el calor de manera uniforme. Desde una perspectiva energ\u00e9tica y de bienestar, se asocia con la absorci\u00f3n de energ\u00eda negativa, la estabilidad, la fuerza y el alivio del estr\u00e9s y el dolor muscular.\",\"breadcrumb\":{\"@id\":\"https:\/\/platinum.bcardmexico.com\/?product=piedra-natural-volcanica-metalica-mod-1#breadcrumb\"},\"inLanguage\":\"es\",\"potentialAction\":[{\"@type\":\"ReadAction\",\"target\":[\"https:\/\/platinum.bcardmexico.com\/?product=piedra-natural-volcanica-metalica-mod-1\"]}]},{\"@type\":\"ImageObject\",\"inLanguage\":\"es\",\"@id\":\"https:\/\/platinum.bcardmexico.com\/?product=piedra-natural-volcanica-metalica-mod-1#primaryimage\",\"url\":\"https:\/\/platinum.bcardmexico.com\/wp-content\/uploads\/2025\/06\/mod-15.jpg\",\"contentUrl\":\"https:\/\/platinum.bcardmexico.com\/wp-content\/uploads\/2025\/06\/mod-15.jpg\",\"width\":800,\"height\":800},{\"@type\":\"BreadcrumbList\",\"@id\":\"https:\/\/platinum.bcardmexico.com\/?product=piedra-natural-volcanica-metalica-mod-1#breadcrumb\",\"itemListElement\":[{\"@type\":\"ListItem\",\"position\":1,\"name\":\"Portada\",\"item\":\"https:\/\/platinum.bcardmexico.com\/\"},{\"@type\":\"ListItem\",\"position\":2,\"name\":\"Shop\",\"item\":\"https:\/\/platinum.bcardmexico.com\/?page_id=12\"},{\"@type\":\"ListItem\",\"position\":3,\"name\":\"PIEDRA NATURAL VOLCANICA METALICA MOD 1\"}]},{\"@type\":\"WebSite\",\"@id\":\"https:\/\/platinum.bcardmexico.com\/#website\",\"url\":\"https:\/\/platinum.bcardmexico.com\/\",\"name\":\"PLATINUM BISUTER\u00cdA FINA\",\"description\":\"PLATINUM BISUTER\u00cdA FINA\",\"publisher\":{\"@id\":\"https:\/\/platinum.bcardmexico.com\/#organization\"},\"alternateName\":\"PLATINUM BISUTER\u00cdA FINA\",\"potentialAction\":[{\"@type\":\"SearchAction\",\"target\":{\"@type\":\"EntryPoint\",\"urlTemplate\":\"https:\/\/platinum.bcardmexico.com\/?s={search_term_string}\"},\"query-input\":{\"@type\":\"PropertyValueSpecification\",\"valueRequired\":true,\"valueName\":\"search_term_string\"}}],\"inLanguage\":\"es\"},{\"@type\":\"Organization\",\"@id\":\"https:\/\/platinum.bcardmexico.com\/#organization\",\"name\":\"PLATINUM BISUTER\u00cdA FINA\",\"url\":\"https:\/\/platinum.bcardmexico.com\/\",\"logo\":{\"@type\":\"ImageObject\",\"inLanguage\":\"es\",\"@id\":\"https:\/\/platinum.bcardmexico.com\/#\/schema\/logo\/image\/\",\"url\":\"https:\/\/platinum.bcardmexico.com\/wp-content\/uploads\/2023\/09\/Logo-2x.png\",\"contentUrl\":\"https:\/\/platinum.bcardmexico.com\/wp-content\/uploads\/2023\/09\/Logo-2x.png\",\"width\":314,\"height\":55,\"caption\":\"PLATINUM BISUTER\u00cdA FINA\"},\"image\":{\"@id\":\"https:\/\/platinum.bcardmexico.com\/#\/schema\/logo\/image\/\"}}]}<\/script>\n<!-- \/ Yoast SEO Premium plugin. -->","yoast_head_json":{"title":"PIEDRA NATURAL VOLCANICA METALICA MOD 1 - PLATINUM BISUTER\u00cdA FINA","description":"La piedra volc\u00e1nica tiene propiedades de durabilidad y resistencia extrema, bajo mantenimiento y resistencia a la intemperie, adem\u00e1s de aislamiento t\u00e9rmico y ac\u00fastico. En la cocina, destaca por su capacidad para retener el calor y distribuir el calor de manera uniforme. Desde una perspectiva energ\u00e9tica y de bienestar, se asocia con la absorci\u00f3n de energ\u00eda negativa, la estabilidad, la fuerza y el alivio del estr\u00e9s y el dolor muscular.","robots":{"index":"index","follow":"follow","max-snippet":"max-snippet:-1","max-image-preview":"max-image-preview:large","max-video-preview":"max-video-preview:-1"},"canonical":"https:\/\/platinum.bcardmexico.com\/?product=piedra-natural-volcanica-metalica-mod-1","og_locale":"es_ES","og_type":"article","og_title":"PIEDRA NATURAL VOLCANICA METALICA MOD 1","og_description":"La piedra volc\u00e1nica tiene propiedades de durabilidad y resistencia extrema, bajo mantenimiento y resistencia a la intemperie, adem\u00e1s de aislamiento t\u00e9rmico y ac\u00fastico. En la cocina, destaca por su capacidad para retener el calor y distribuir el calor de manera uniforme. Desde una perspectiva energ\u00e9tica y de bienestar, se asocia con la absorci\u00f3n de energ\u00eda negativa, la estabilidad, la fuerza y el alivio del estr\u00e9s y el dolor muscular.","og_url":"https:\/\/platinum.bcardmexico.com\/?product=piedra-natural-volcanica-metalica-mod-1","og_site_name":"PLATINUM BISUTER\u00cdA FINA","article_modified_time":"2025-10-29T00:07:11+00:00","og_image":[{"width":800,"height":800,"url":"https:\/\/platinum.bcardmexico.com\/wp-content\/uploads\/2025\/06\/mod-15.jpg","type":"image\/jpeg"}],"twitter_card":"summary_large_image","twitter_misc":{"Tiempo de lectura":"1 minuto"},"schema":{"@context":"https:\/\/schema.org","@graph":[{"@type":"WebPage","@id":"https:\/\/platinum.bcardmexico.com\/?product=piedra-natural-volcanica-metalica-mod-1","url":"https:\/\/platinum.bcardmexico.com\/?product=piedra-natural-volcanica-metalica-mod-1","name":"PIEDRA NATURAL VOLCANICA METALICA MOD 1 - PLATINUM BISUTER\u00cdA FINA","isPartOf":{"@id":"https:\/\/platinum.bcardmexico.com\/#website"},"primaryImageOfPage":{"@id":"https:\/\/platinum.bcardmexico.com\/?product=piedra-natural-volcanica-metalica-mod-1#primaryimage"},"image":{"@id":"https:\/\/platinum.bcardmexico.com\/?product=piedra-natural-volcanica-metalica-mod-1#primaryimage"},"thumbnailUrl":"https:\/\/platinum.bcardmexico.com\/wp-content\/uploads\/2025\/06\/mod-15.jpg","datePublished":"2025-10-28T22:56:23+00:00","dateModified":"2025-10-29T00:07:11+00:00","description":"La piedra volc\u00e1nica tiene propiedades de durabilidad y resistencia extrema, bajo mantenimiento y resistencia a la intemperie, adem\u00e1s de aislamiento t\u00e9rmico y ac\u00fastico. En la cocina, destaca por su capacidad para retener el calor y distribuir el calor de manera uniforme. Desde una perspectiva energ\u00e9tica y de bienestar, se asocia con la absorci\u00f3n de energ\u00eda negativa, la estabilidad, la fuerza y el alivio del estr\u00e9s y el dolor muscular.","breadcrumb":{"@id":"https:\/\/platinum.bcardmexico.com\/?product=piedra-natural-volcanica-metalica-mod-1#breadcrumb"},"inLanguage":"es","potentialAction":[{"@type":"ReadAction","target":["https:\/\/platinum.bcardmexico.com\/?product=piedra-natural-volcanica-metalica-mod-1"]}]},{"@type":"ImageObject","inLanguage":"es","@id":"https:\/\/platinum.bcardmexico.com\/?product=piedra-natural-volcanica-metalica-mod-1#primaryimage","url":"https:\/\/platinum.bcardmexico.com\/wp-content\/uploads\/2025\/06\/mod-15.jpg","contentUrl":"https:\/\/platinum.bcardmexico.com\/wp-content\/uploads\/2025\/06\/mod-15.jpg","width":800,"height":800},{"@type":"BreadcrumbList","@id":"https:\/\/platinum.bcardmexico.com\/?product=piedra-natural-volcanica-metalica-mod-1#breadcrumb","itemListElement":[{"@type":"ListItem","position":1,"name":"Portada","item":"https:\/\/platinum.bcardmexico.com\/"},{"@type":"ListItem","position":2,"name":"Shop","item":"https:\/\/platinum.bcardmexico.com\/?page_id=12"},{"@type":"ListItem","position":3,"name":"PIEDRA NATURAL VOLCANICA METALICA MOD 1"}]},{"@type":"WebSite","@id":"https:\/\/platinum.bcardmexico.com\/#website","url":"https:\/\/platinum.bcardmexico.com\/","name":"PLATINUM BISUTER\u00cdA FINA","description":"PLATINUM BISUTER\u00cdA FINA","publisher":{"@id":"https:\/\/platinum.bcardmexico.com\/#organization"},"alternateName":"PLATINUM BISUTER\u00cdA FINA","potentialAction":[{"@type":"SearchAction","target":{"@type":"EntryPoint","urlTemplate":"https:\/\/platinum.bcardmexico.com\/?s={search_term_string}"},"query-input":{"@type":"PropertyValueSpecification","valueRequired":true,"valueName":"search_term_string"}}],"inLanguage":"es"},{"@type":"Organization","@id":"https:\/\/platinum.bcardmexico.com\/#organization","name":"PLATINUM BISUTER\u00cdA FINA","url":"https:\/\/platinum.bcardmexico.com\/","logo":{"@type":"ImageObject","inLanguage":"es","@id":"https:\/\/platinum.bcardmexico.com\/#\/schema\/logo\/image\/","url":"https:\/\/platinum.bcardmexico.com\/wp-content\/uploads\/2023\/09\/Logo-2x.png","contentUrl":"https:\/\/platinum.bcardmexico.com\/wp-content\/uploads\/2023\/09\/Logo-2x.png","width":314,"height":55,"caption":"PLATINUM BISUTER\u00cdA FINA"},"image":{"@id":"https:\/\/platinum.bcardmexico.com\/#\/schema\/logo\/image\/"}}]}},"_links":{"self":[{"href":"https:\/\/platinum.bcardmexico.com\/index.php?rest_route=\/wp\/v2\/product\/3325","targetHints":{"allow":["GET"]}}],"collection":[{"href":"https:\/\/platinum.bcardmexico.com\/index.php?rest_route=\/wp\/v2\/product"}],"about":[{"href":"https:\/\/platinum.bcardmexico.com\/index.php?rest_route=\/wp\/v2\/types\/product"}],"replies":[{"embeddable":true,"href":"https:\/\/platinum.bcardmexico.com\/index.php?rest_route=%2Fwp%2Fv2%2Fcomments&post=3325"}],"version-history":[{"count":4,"href":"https:\/\/platinum.bcardmexico.com\/index.php?rest_route=\/wp\/v2\/product\/3325\/revisions"}],"predecessor-version":[{"id":3348,"href":"https:\/\/platinum.bcardmexico.com\/index.php?rest_route=\/wp\/v2\/product\/3325\/revisions\/3348"}],"wp:featuredmedia":[{"embeddable":true,"href":"https:\/\/platinum.bcardmexico.com\/index.php?rest_route=\/wp\/v2\/media\/2817"}],"wp:attachment":[{"href":"https:\/\/platinum.bcardmexico.com\/index.php?rest_route=%2Fwp%2Fv2%2Fmedia&parent=3325"}],"wp:term":[{"taxonomy":"brand","embeddable":true,"href":"https:\/\/platinum.bcardmexico.com\/index.php?rest_route=%2Fwp%2Fv2%2Fetheme_brands&post=3325"},{"taxonomy":"product_brand","embeddable":true,"href":"https:\/\/platinum.bcardmexico.com\/index.php?rest_route=%2Fwp%2Fv2%2Fproduct_brand&post=3325"},{"taxonomy":"product_cat","embeddable":true,"href":"https:\/\/platinum.bcardmexico.com\/index.php?rest_route=%2Fwp%2Fv2%2Fproduct_cat&post=3325"},{"taxonomy":"product_tag","embeddable":true,"href":"https:\/\/platinum.bcardmexico.com\/index.php?rest_route=%2Fwp%2Fv2%2Fproduct_tag&post=3325"}],"curies":[{"name":"wp","href":"https:\/\/api.w.org\/{rel}","templated":true}]}}